{"id":32464,"date":"2024-11-11T17:02:18","date_gmt":"2024-11-11T16:02:18","guid":{"rendered":"https:\/\/www.prointercultura.org\/?page_id=32464"},"modified":"2025-11-13T12:18:08","modified_gmt":"2025-11-13T11:18:08","slug":"intervisions-interculturelles","status":"publish","type":"page","link":"https:\/\/www.prointercultura.org\/en-gb\/intervisions-interculturelles\/","title":{"rendered":"InterVisionS InterCulturelleS"},"content":{"rendered":"<div class=\"wp-block-group alignwide has-white-background-color has-background\"><div class=\"wp-block-group__inner-container is-layout-flow wp-block-group-is-layout-flow\">\n<div class=\"wp-block-columns alignwide are-vertically-aligned-center has-black-color has-text-color has-link-color wp-elements-9f7378f2f1c77f3eded8748494a8ef19 is-layout-flex wp-container-core-columns-is-layout-28f84493 wp-block-columns-is-layout-flex\">\n<div class=\"wp-block-column is-layout-flow wp-block-column-is-layout-flow\">\n<p>Les interVisions interculturelles, c\u2019est<strong> l\u2019art de rassembler <\/strong>des personnes pour \u00e9changer, partager e<strong>t<\/strong> <strong>trouver des solutions et des id\u00e9es nouvelles, sur des situations concr\u00e8tes <\/strong>en lien avec la diversit\u00e9<strong>.<\/strong><\/p>\n\n\n\n<p>L\u2019InterVision&nbsp;est&nbsp;<strong><strong>un outil de l\u2019intelligence collective qui permet, de mani\u00e8re semi-structur\u00e9e, de partager entre pairs une situation concr\u00e8te, en lien avec vos pratiques interculturelles\/internationales, et avoir un retour des autres participants<\/strong>. <\/strong><\/p>\n\n\n\n<p class=\"has-black-color has-text-color has-link-color wp-elements-671533f871ec2eff8970cb4382e5d367\">Venez partager vos questionnements et cas pratiques, stimuler et apprendre les uns des autres, en groupe de pairs sur des questions et d\u00e9fis d\u00e9coulant de votre pratique interculturelle et\/ou internationale, dans une ambiance conviviale et bienveillante.<\/p>\n\n\n\n<p class=\"has-black-color has-text-color has-link-color wp-elements-0b1457262314773c5cd766d2f7ff2ebb\">*Les InterVisionS ont lieu en <strong>pr\u00e9sentiel et\/ou en ligne<\/strong>. <strong>Avant chaque s\u00e9ance,<\/strong> vous recevrez des informations pratiques et des suggestions pour pr\u00e9parer l&rsquo;intervision.<\/p>\n\n\n\n<p>Le processus des intervisions apporte de nombreux avantages, tant dans le milieu professionnel que dans la vie quotidienne :<\/p>\n<\/div>\n<\/div>\n\n\n\n<div class=\"wp-block-columns alignwide has-accent-color has-text-color has-link-color wp-elements-e546e8b83f7e4397b8d7ec14439ef4b6 is-layout-flex wp-container-core-columns-is-layout-28f84493 wp-block-columns-is-layout-flex\">\n<div class=\"wp-block-column is-layout-flow wp-block-column-is-layout-flow\">\n<p class=\"has-text-align-center has-large-font-size\"><strong>\ud83d\udca1&nbsp;<\/strong><\/p>\n\n\n\n<p class=\"has-text-align-center has-text-color has-link-color wp-elements-8886bb0dfc386dd0c1661e0bc1d44585\" style=\"color:#054566\"><strong>Stimuler la cr\u00e9ativit\u00e9&nbsp;&amp; l\u2019innovation : <\/strong><\/p>\n\n\n\n<p class=\"has-text-align-center\">La diversit\u00e9 des points de vue g\u00e9n\u00e8re des id\u00e9es nouvelles et inattendues. En confrontant des approches diff\u00e9rentes pour aborder un questionnement, r\u00e9soudre un blocage, les s\u00e9ances d&rsquo;intervision sont un terreau fertile pour l\u2019innovation. Elles offrent un espace pour penser \u00ab\u00a0hors des sentiers battus\u00a0\u00bb et enrichir les solutions propos\u00e9es.<\/p>\n<\/div>\n\n\n\n<div class=\"wp-block-column is-layout-flow wp-block-column-is-layout-flow\">\n<p class=\"has-text-align-center has-text-color has-large-font-size\" style=\"color:#000000\"><strong>\u2696\ufe0f&nbsp;<\/strong><\/p>\n\n\n\n<p class=\"has-text-align-center has-text-color has-extra-small-font-size\" style=\"color:#054566\"><strong>Prendre des d\u00e9cisions plus \u00e9clair\u00e9es&nbsp;<\/strong>:<\/p>\n\n\n\n<p class=\"has-text-align-center has-text-color has-extra-small-font-size\" style=\"color:#000000\"><strong> <\/strong>Les \u00e9quipes et groupes diversifi\u00e9es, qui b\u00e9n\u00e9ficient de perspectives vari\u00e9es, tendent \u00e0 prendre des d\u00e9cisions auxquelles nous n\u2019aurions pu penser tous seul\/e.s. Les intervisions permettent de travailler ensemble sur des cas concrets, renfor\u00e7ant la capacit\u00e9 d\u2019\u00e9clairage et de d\u00e9cision collective et individuelle, avec les apports, perspectives et valeurs de chacun.e.<\/p>\n<\/div>\n\n\n\n<div class=\"wp-block-column is-layout-flow wp-block-column-is-layout-flow\">\n<p class=\"has-text-align-center has-text-color has-large-font-size\" style=\"color:#000000\"><strong>\ud83c\udf10&nbsp;<\/strong><\/p>\n\n\n\n<p class=\"has-text-align-center has-text-color has-extra-small-font-size\" style=\"color:#054566\"><strong>D\u00e9velopper des comp\u00e9tences&nbsp;utiles : <\/strong><\/p>\n\n\n\n<p class=\"has-text-align-center has-text-color has-extra-small-font-size\" style=\"color:#000000\">Ces moments d\u2019\u00e9change sont \u00e9galement l\u2019occasion de pratiquer et\/ou d&rsquo;apprendre de nouvelles comp\u00e9tences interpersonnelles et culturelles. Les participants peuvent am\u00e9liorer leur adaptabilit\u00e9, leur capacit\u00e9 \u00e0 n\u00e9gocier ou encore leur savoir-\u00eatre en contexte international, des atouts pr\u00e9cieux dans notre environnement.<\/p>\n<\/div>\n\n\n\n<div class=\"wp-block-column is-layout-flow wp-block-column-is-layout-flow\">\n<p class=\"has-text-align-center has-large-font-size\"><strong>\ud83c\udf0d&nbsp;<\/strong><\/p>\n\n\n\n<p class=\"has-text-align-center has-text-color has-link-color wp-elements-50c6df6037096addd010ce85995a076b\" style=\"color:#054566\"><strong>Am\u00e9liorer la gouvernance interculturelle  &nbsp;<\/strong>: <\/p>\n\n\n\n<p class=\"has-text-align-center\">Ces moments d\u2019\u00e9change dans la&nbsp; diversit\u00e9 entraine une collaboration qui d\u00e9couvre et appelle \u00e0 la mise en place d\u2019une r\u00e9elle gouvernance concr\u00e8te et tangible, aussi interculturelle&nbsp;: c\u00e0d dire, qui int\u00e8gre aussi les sp\u00e9cificit\u00e9s et apports des diversit\u00e9s pr\u00e9sentes. Des intervisions aboutissent tr\u00e8s souvent \u00e0 des incontournables chartes de diversit\u00e9 organisationnelles.<\/p>\n<\/div>\n<\/div>\n\n\n\n<div style=\"height:25px\" aria-hidden=\"true\" class=\"wp-block-spacer\"><\/div>\n<\/div><\/div>\n\n\n\n<div class=\"wp-block-group alignwide\"><div class=\"wp-block-group__inner-container is-layout-constrained wp-block-group-is-layout-constrained\">\n<hr class=\"wp-block-separator has-alpha-channel-opacity\"\/>\n<\/div><\/div>\n\n\n\n<div class=\"wp-block-group alignwide has-black-color has-text-color has-link-color wp-elements-3630e41f7bae65fb659dd71e97870dc6\"><div class=\"wp-block-group__inner-container is-layout-constrained wp-block-group-is-layout-constrained\">\n<h2 class=\"wp-block-heading has-text-color has-link-color wp-elements-88f1e2745d2ed739aca3514178a0649d\" style=\"color:#054566;font-size:26px\"><strong>2 formules possibles&nbsp;:<\/strong><\/h2>\n\n\n\n<div class=\"wp-block-group\"><div class=\"wp-block-group__inner-container is-layout-constrained wp-block-group-is-layout-constrained\">\n<p class=\"has-text-color has-link-color wp-elements-b89f87cfc71cbfc5cfbd2724c157c0fc\" style=\"color:#054566;font-size:23px\"><strong>1. Pour votre organisation. <\/strong><\/p>\n\n\n\n<p class=\"has-black-color has-text-color has-link-color wp-elements-a2ef04f30455c283b75263fd503bca58\">Sur une situation, question de votre choix. Pour une premi\u00e8re approche,<strong> <a href=\"https:\/\/www.prointercultura.org\/en-gb\/contact-2\/\">contactez-nous<\/a> !<\/strong><\/p>\n\n\n\n<p class=\"has-text-color has-link-color wp-elements-e4cf776397fb76a654474dea9b2eccf2\" style=\"color:#054566;font-size:23px\"><strong>2. Pour tout public. <\/strong><\/p>\n\n\n\n<p class=\"has-text-color has-link-color wp-elements-c99a3a04e36a4ba0196f686ab751fb3b\" style=\"color:#054566;font-size:18px\"><strong>Prochaines dates (en ligne) :<\/strong><\/p>\n\n\n\n<ul class=\"wp-block-list\">\n<li class=\"has-text-color has-link-color wp-elements-38ad8b61711a734f4edc629a44356747\" style=\"color:#054566\">Lundi 13 octobre, de 17h \u00e0 20h &#8211; COMPLET<\/li>\n\n\n\n<li class=\"has-text-color has-link-color wp-elements-5fbe20a2d98cb7cbf250786aa49f14a9\" style=\"color:#054566\">Mercredi 19 novembre, de 15 h \u00e0 18h<\/li>\n\n\n\n<li class=\"has-text-color has-link-color wp-elements-2a28846fe0e1d1ae4d95f96c144519a5\" style=\"color:#054566\">Lundi 24 novembre, de 17h \u00e0 20h<\/li>\n\n\n\n<li class=\"has-text-color has-link-color wp-elements-3077d17685e1e74491eb30962d4e4545\" style=\"color:#054566\">Lundi 15 d\u00e9cembre, de 15h \u00e0 18h<strong>.<\/strong><\/li>\n<\/ul>\n\n\n\n<p class=\"has-black-color has-text-color has-link-color wp-elements-d6201873975a64c7e1f990014ef15150\" style=\"font-size:18px\"><strong>Tarifs &amp; Inscription<\/strong> : pour vous inscrire, merci de proc\u00e9der au payement de votre cat\u00e9gorie de revenus, par virement bancaire sur le compte Pro Intercultura \u2013&nbsp;BE18 7340 4662 3865.&nbsp;Communication : intervisions et sa date, merci.<\/p>\n\n\n\n<p>. adh\u00e9rents de Pro InterCultura, jeunes et petits revenus : 27 \u20ac\/ intervision<\/p>\n\n\n\n<p>. ami.e.s de Pro InterCultura : 35 \u20ac<\/p>\n\n\n\n<p>. particuliers : 47 \u20ac<\/p>\n\n\n\n<p>. avec facture\/re\u00e7u : 87 \u20ac<\/p>\n\n\n\n<p>. pris en charge professionnelle : 190 \u20ac<\/p>\n\n\n\n<p class=\"has-black-color has-text-color has-link-color wp-elements-d93b9ea7e15b66491e9b83357c0ffb7d\" style=\"font-size:18px\">Pour r\u00e9server votre place,<strong> <a href=\"https:\/\/www.prointercultura.org\/en-gb\/contact-2\/\">contactez-nous<\/a> !<\/strong><\/p>\n<\/div><\/div>\n<\/div><\/div>\n\n\n\n<div class=\"wp-block-group alignwide has-black-color has-text-color has-link-color wp-elements-518761cb5e6980032f6c9ef141e528ea\"><div class=\"wp-block-group__inner-container is-layout-constrained wp-block-group-is-layout-constrained\">\n<p class=\"has-text-color has-link-color wp-elements-1999aa72c9052816ab63c1d3512ca840\" style=\"color:#054566;font-size:18px\"><strong>Animation&nbsp;:&nbsp;<\/strong><\/p>\n\n\n\n<p style=\"font-size:18px\"><strong>Isabel Mohedano Sohm<\/strong>, interculturaliste depuis une trentaine d\u2019ann\u00e9es, DESS de management interculturel (ICHEC) &amp; <strong>Patricia Lambert<\/strong>, International Executive Coach (MCC ICF), Ing\u00e9nieur de gestion Solvay School of Economics and Management (ULB).<\/p>\n\n\n\n<p class=\"has-text-color has-link-color wp-elements-c0171a4ce943e0b59146e7ecf87aa9f0\" style=\"color:#054566;font-size:18px\"><strong>Renseignements :<\/strong><\/p>\n\n\n\n<p style=\"font-size:18px\"><strong> <\/strong><a href=\"mailto:imohedano@prointercultura.org\">imohedano@prointercultura.org<\/a> &#8211; +32 477665379 &#8211; ou bien via le <a href=\"https:\/\/www.prointercultura.org\/en-gb\/contact-2\/\">formulaire de contact<\/a><\/p>\n<\/div><\/div>\n\n\n\n<div style=\"height:60px\" aria-hidden=\"true\" class=\"wp-block-spacer\"><\/div>\n\n\n\n<div class=\"wp-block-group alignwide has-black-color has-text-color has-link-color wp-elements-320db5c08c7485f63d6c5fc65dd7e05c\"><div class=\"wp-block-group__inner-container is-layout-constrained wp-block-group-is-layout-constrained\">\n<p style=\"font-size:16px\">* <a href=\"https:\/\/www.prointercultura.org\/en-gb\/conditions-dannulation-et-politique-de-remboursement\/\">Cliquez pour connaitre nos conditions d&rsquo;annulation et politique de remboursement<\/a>.<\/p>\n<\/div><\/div>\n\n\n\n<div style=\"height:39px\" aria-hidden=\"true\" class=\"wp-block-spacer\"><\/div>","protected":false},"excerpt":{"rendered":"<p>Les interVisions interculturelles, c\u2019est l\u2019art de rassembler des personnes pour \u00e9changer, partager et trouver des solutions et des id\u00e9es nouvelles, sur des situations concr\u00e8tes en lien avec la diversit\u00e9. L\u2019InterVision&nbsp;est&nbsp;un outil de l\u2019intelligence collective qui permet, de mani\u00e8re semi-structur\u00e9e, de partager entre pairs une situation concr\u00e8te, en lien avec vos [&hellip;]<\/p>","protected":false},"author":1,"featured_media":32636,"parent":0,"menu_order":0,"comment_status":"closed","ping_status":"closed","template":"","meta":{"ub_ctt_via":"","_themeisle_gutenberg_block_has_review":false,"footnotes":""},"class_list":["post-32464","page","type-page","status-publish","has-post-thumbnail","hentry"],"featured_image_src":"https:\/\/www.prointercultura.org\/wp-content\/uploads\/2025\/03\/IntervisionsPhoto.webp","yoast_head":"<!-- This site is optimized with the Yoast SEO plugin v24.6 - https:\/\/yoast.com\/wordpress\/plugins\/seo\/ -->\n<title>InterVisionS InterCulturelleS - Pro InterCultura<\/title>\n<meta name=\"description\" content=\"cadre th\u00e9orique et pratique sur les questions interculturelles en faisant appel aux exp\u00e9riences des participants.\" \/>\n<meta name=\"robots\" content=\"index, follow, max-snippet:-1, max-image-preview:large, max-video-preview:-1\" \/>\n<link rel=\"canonical\" href=\"https:\/\/www.prointercultura.org\/en-gb\/intervisions-interculturelles\/\" \/>\n<meta property=\"og:locale\" content=\"en_GB\" \/>\n<meta property=\"og:type\" content=\"article\" \/>\n<meta property=\"og:title\" content=\"InterVisionS InterCulturelleS - Pro InterCultura\" \/>\n<meta property=\"og:description\" content=\"cadre th\u00e9orique et pratique sur les questions interculturelles en faisant appel aux exp\u00e9riences des participants.\" \/>\n<meta property=\"og:url\" content=\"https:\/\/www.prointercultura.org\/en-gb\/intervisions-interculturelles\/\" \/>\n<meta property=\"og:site_name\" content=\"Pro InterCultura\" \/>\n<meta property=\"article:publisher\" content=\"https:\/\/www.facebook.com\/prointercultura\" \/>\n<meta property=\"article:modified_time\" content=\"2025-11-13T11:18:08+00:00\" \/>\n<meta property=\"og:image\" content=\"https:\/\/www.prointercultura.org\/wp-content\/uploads\/2025\/03\/IntervisionsPhoto.webp\" \/>\n\t<meta property=\"og:image:width\" content=\"840\" \/>\n\t<meta property=\"og:image:height\" content=\"936\" \/>\n\t<meta property=\"og:image:type\" content=\"image\/jpeg\" \/>\n<meta name=\"twitter:card\" content=\"summary_large_image\" \/>\n<meta name=\"twitter:label1\" content=\"Estimated reading time\" \/>\n\t<meta name=\"twitter:data1\" content=\"3 minutes\" \/>\n<script type=\"application\/ld+json\" class=\"yoast-schema-graph\">{\"@context\":\"https:\/\/schema.org\",\"@graph\":[{\"@type\":\"WebPage\",\"@id\":\"https:\/\/www.prointercultura.org\/en-gb\/intervisions-interculturelles\/\",\"url\":\"https:\/\/www.prointercultura.org\/en-gb\/intervisions-interculturelles\/\",\"name\":\"InterVisionS InterCulturelleS - Pro InterCultura\",\"isPartOf\":{\"@id\":\"https:\/\/www.prointercultura.org\/en-gb\/#website\"},\"primaryImageOfPage\":{\"@id\":\"https:\/\/www.prointercultura.org\/en-gb\/intervisions-interculturelles\/#primaryimage\"},\"image\":{\"@id\":\"https:\/\/www.prointercultura.org\/en-gb\/intervisions-interculturelles\/#primaryimage\"},\"thumbnailUrl\":\"https:\/\/www.prointercultura.org\/wp-content\/uploads\/2025\/03\/IntervisionsPhoto.webp\",\"datePublished\":\"2024-11-11T16:02:18+00:00\",\"dateModified\":\"2025-11-13T11:18:08+00:00\",\"description\":\"cadre th\u00e9orique et pratique sur les questions interculturelles en faisant appel aux exp\u00e9riences des participants.\",\"breadcrumb\":{\"@id\":\"https:\/\/www.prointercultura.org\/en-gb\/intervisions-interculturelles\/#breadcrumb\"},\"inLanguage\":\"en-GB\",\"potentialAction\":[{\"@type\":\"ReadAction\",\"target\":[\"https:\/\/www.prointercultura.org\/en-gb\/intervisions-interculturelles\/\"]}]},{\"@type\":\"ImageObject\",\"inLanguage\":\"en-GB\",\"@id\":\"https:\/\/www.prointercultura.org\/en-gb\/intervisions-interculturelles\/#primaryimage\",\"url\":\"https:\/\/www.prointercultura.org\/wp-content\/uploads\/2025\/03\/IntervisionsPhoto.webp\",\"contentUrl\":\"https:\/\/www.prointercultura.org\/wp-content\/uploads\/2025\/03\/IntervisionsPhoto.webp\",\"width\":840,\"height\":936},{\"@type\":\"BreadcrumbList\",\"@id\":\"https:\/\/www.prointercultura.org\/en-gb\/intervisions-interculturelles\/#breadcrumb\",\"itemListElement\":[{\"@type\":\"ListItem\",\"position\":1,\"name\":\"Accueil\",\"item\":\"https:\/\/www.prointercultura.org\/\"},{\"@type\":\"ListItem\",\"position\":2,\"name\":\"InterVisionS InterCulturelleS\"}]},{\"@type\":\"WebSite\",\"@id\":\"https:\/\/www.prointercultura.org\/en-gb\/#website\",\"url\":\"https:\/\/www.prointercultura.org\/en-gb\/\",\"name\":\"Prointercultura.org\",\"description\":\"Make the best of cultural diversity. \",\"publisher\":{\"@id\":\"https:\/\/www.prointercultura.org\/en-gb\/#organization\"},\"potentialAction\":[{\"@type\":\"SearchAction\",\"target\":{\"@type\":\"EntryPoint\",\"urlTemplate\":\"https:\/\/www.prointercultura.org\/en-gb\/?s={search_term_string}\"},\"query-input\":{\"@type\":\"PropertyValueSpecification\",\"valueRequired\":true,\"valueName\":\"search_term_string\"}}],\"inLanguage\":\"en-GB\"},{\"@type\":\"Organization\",\"@id\":\"https:\/\/www.prointercultura.org\/en-gb\/#organization\",\"name\":\"Pro InterCultura aisbl\",\"url\":\"https:\/\/www.prointercultura.org\/en-gb\/\",\"logo\":{\"@type\":\"ImageObject\",\"inLanguage\":\"en-GB\",\"@id\":\"https:\/\/www.prointercultura.org\/en-gb\/#\/schema\/logo\/image\/\",\"url\":\"https:\/\/www.prointercultura.org\/wp-content\/uploads\/2023\/02\/cropped-cropped-LogoProiNTERCULTURA.png\",\"contentUrl\":\"https:\/\/www.prointercultura.org\/wp-content\/uploads\/2023\/02\/cropped-cropped-LogoProiNTERCULTURA.png\",\"width\":239,\"height\":46,\"caption\":\"Pro InterCultura aisbl\"},\"image\":{\"@id\":\"https:\/\/www.prointercultura.org\/en-gb\/#\/schema\/logo\/image\/\"},\"sameAs\":[\"https:\/\/www.facebook.com\/prointercultura\",\"https:\/\/www.linkedin.com\/company\/pro-intercultura\/\"]}]}<\/script>\n<!-- \/ Yoast SEO plugin. -->","yoast_head_json":{"title":"InterVisionS InterCulturelleS - Pro InterCultura","description":"cadre th\u00e9orique et pratique sur les questions interculturelles en faisant appel aux exp\u00e9riences des participants.","robots":{"index":"index","follow":"follow","max-snippet":"max-snippet:-1","max-image-preview":"max-image-preview:large","max-video-preview":"max-video-preview:-1"},"canonical":"https:\/\/www.prointercultura.org\/en-gb\/intervisions-interculturelles\/","og_locale":"en_GB","og_type":"article","og_title":"InterVisionS InterCulturelleS - Pro InterCultura","og_description":"cadre th\u00e9orique et pratique sur les questions interculturelles en faisant appel aux exp\u00e9riences des participants.","og_url":"https:\/\/www.prointercultura.org\/en-gb\/intervisions-interculturelles\/","og_site_name":"Pro InterCultura","article_publisher":"https:\/\/www.facebook.com\/prointercultura","article_modified_time":"2025-11-13T11:18:08+00:00","og_image":[{"width":840,"height":936,"url":"https:\/\/www.prointercultura.org\/wp-content\/uploads\/2025\/03\/IntervisionsPhoto.webp","type":"image\/jpeg"}],"twitter_card":"summary_large_image","twitter_misc":{"Estimated reading time":"3 minutes"},"schema":{"@context":"https:\/\/schema.org","@graph":[{"@type":"WebPage","@id":"https:\/\/www.prointercultura.org\/en-gb\/intervisions-interculturelles\/","url":"https:\/\/www.prointercultura.org\/en-gb\/intervisions-interculturelles\/","name":"InterVisionS InterCulturelleS - Pro InterCultura","isPartOf":{"@id":"https:\/\/www.prointercultura.org\/en-gb\/#website"},"primaryImageOfPage":{"@id":"https:\/\/www.prointercultura.org\/en-gb\/intervisions-interculturelles\/#primaryimage"},"image":{"@id":"https:\/\/www.prointercultura.org\/en-gb\/intervisions-interculturelles\/#primaryimage"},"thumbnailUrl":"https:\/\/www.prointercultura.org\/wp-content\/uploads\/2025\/03\/IntervisionsPhoto.webp","datePublished":"2024-11-11T16:02:18+00:00","dateModified":"2025-11-13T11:18:08+00:00","description":"cadre th\u00e9orique et pratique sur les questions interculturelles en faisant appel aux exp\u00e9riences des participants.","breadcrumb":{"@id":"https:\/\/www.prointercultura.org\/en-gb\/intervisions-interculturelles\/#breadcrumb"},"inLanguage":"en-GB","potentialAction":[{"@type":"ReadAction","target":["https:\/\/www.prointercultura.org\/en-gb\/intervisions-interculturelles\/"]}]},{"@type":"ImageObject","inLanguage":"en-GB","@id":"https:\/\/www.prointercultura.org\/en-gb\/intervisions-interculturelles\/#primaryimage","url":"https:\/\/www.prointercultura.org\/wp-content\/uploads\/2025\/03\/IntervisionsPhoto.webp","contentUrl":"https:\/\/www.prointercultura.org\/wp-content\/uploads\/2025\/03\/IntervisionsPhoto.webp","width":840,"height":936},{"@type":"BreadcrumbList","@id":"https:\/\/www.prointercultura.org\/en-gb\/intervisions-interculturelles\/#breadcrumb","itemListElement":[{"@type":"ListItem","position":1,"name":"Accueil","item":"https:\/\/www.prointercultura.org\/"},{"@type":"ListItem","position":2,"name":"InterVisionS InterCulturelleS"}]},{"@type":"WebSite","@id":"https:\/\/www.prointercultura.org\/en-gb\/#website","url":"https:\/\/www.prointercultura.org\/en-gb\/","name":"Prointercultura.org","description":"Make the best of cultural diversity. ","publisher":{"@id":"https:\/\/www.prointercultura.org\/en-gb\/#organization"},"potentialAction":[{"@type":"SearchAction","target":{"@type":"EntryPoint","urlTemplate":"https:\/\/www.prointercultura.org\/en-gb\/?s={search_term_string}"},"query-input":{"@type":"PropertyValueSpecification","valueRequired":true,"valueName":"search_term_string"}}],"inLanguage":"en-GB"},{"@type":"Organization","@id":"https:\/\/www.prointercultura.org\/en-gb\/#organization","name":"Pro InterCultura aisbl","url":"https:\/\/www.prointercultura.org\/en-gb\/","logo":{"@type":"ImageObject","inLanguage":"en-GB","@id":"https:\/\/www.prointercultura.org\/en-gb\/#\/schema\/logo\/image\/","url":"https:\/\/www.prointercultura.org\/wp-content\/uploads\/2023\/02\/cropped-cropped-LogoProiNTERCULTURA.png","contentUrl":"https:\/\/www.prointercultura.org\/wp-content\/uploads\/2023\/02\/cropped-cropped-LogoProiNTERCULTURA.png","width":239,"height":46,"caption":"Pro InterCultura aisbl"},"image":{"@id":"https:\/\/www.prointercultura.org\/en-gb\/#\/schema\/logo\/image\/"},"sameAs":["https:\/\/www.facebook.com\/prointercultura","https:\/\/www.linkedin.com\/company\/pro-intercultura\/"]}]}},"jetpack_sharing_enabled":true,"_links":{"self":[{"href":"https:\/\/www.prointercultura.org\/en-gb\/wp-json\/wp\/v2\/pages\/32464","targetHints":{"allow":["GET"]}}],"collection":[{"href":"https:\/\/www.prointercultura.org\/en-gb\/wp-json\/wp\/v2\/pages"}],"about":[{"href":"https:\/\/www.prointercultura.org\/en-gb\/wp-json\/wp\/v2\/types\/page"}],"author":[{"embeddable":true,"href":"https:\/\/www.prointercultura.org\/en-gb\/wp-json\/wp\/v2\/users\/1"}],"replies":[{"embeddable":true,"href":"https:\/\/www.prointercultura.org\/en-gb\/wp-json\/wp\/v2\/comments?post=32464"}],"version-history":[{"count":106,"href":"https:\/\/www.prointercultura.org\/en-gb\/wp-json\/wp\/v2\/pages\/32464\/revisions"}],"predecessor-version":[{"id":32924,"href":"https:\/\/www.prointercultura.org\/en-gb\/wp-json\/wp\/v2\/pages\/32464\/revisions\/32924"}],"wp:featuredmedia":[{"embeddable":true,"href":"https:\/\/www.prointercultura.org\/en-gb\/wp-json\/wp\/v2\/media\/32636"}],"wp:attachment":[{"href":"https:\/\/www.prointercultura.org\/en-gb\/wp-json\/wp\/v2\/media?parent=32464"}],"curies":[{"name":"wp","href":"https:\/\/api.w.org\/{rel}","templated":true}]}}