{"id":32043,"date":"2024-01-31T23:55:47","date_gmt":"2024-01-31T22:55:47","guid":{"rendered":"https:\/\/www.prointercultura.org\/?page_id=32043"},"modified":"2025-03-19T13:52:27","modified_gmt":"2025-03-19T12:52:27","slug":"coaching-interculturel","status":"publish","type":"page","link":"https:\/\/www.prointercultura.org\/en-gb\/coaching-interculturel\/","title":{"rendered":"Coaching Interculturel"},"content":{"rendered":"<div class=\"wp-block-group alignwide\"><div class=\"wp-block-group__inner-container is-layout-constrained wp-block-group-is-layout-constrained\">\n<div class=\"wp-block-group alignwide\"><div class=\"wp-block-group__inner-container is-layout-constrained wp-block-group-is-layout-constrained\">\n<p class=\"has-text-align-center has-text-color has-link-color has-medium-font-size wp-elements-ffe51acb5505dac870de2f1265554637\" style=\"color:#031e37\"><em>Et le destin? [\u2026] J\u2019ai l\u2019habitude de r\u00e9pondre que, pour l\u2019homme, le destin est comme le vent pour un voilier. Celui qui est \u00e0 la barre ne peut d\u00e9cider d\u2019o\u00f9 souffle le vent, ni avec quelle force, mais il peut orienter sa propre voile. Et cela fait parfois une sacr\u00e9e diff\u00e9rence.<\/em><\/p>\n\n\n\n<p>Amin Maalouf<\/p>\n<\/div><\/div>\n<\/div><\/div>\n\n\n\n<div id=\"wp-block-themeisle-blocks-advanced-columns-95b790e4\" class=\"wp-block-themeisle-blocks-advanced-columns alignfull has-1-columns has-desktop-equal-layout has-tablet-equal-layout has-mobile-collapsedRows-layout has-vertical-center ticss-a2946a77  has-dark-bg\"><div class=\"wp-block-themeisle-blocks-advanced-columns-overlay\"><\/div><div class=\"innerblocks-wrap\">\n<div id=\"wp-block-themeisle-blocks-advanced-column-0e20d961\" class=\"wp-block-themeisle-blocks-advanced-column\">\n<h2 class=\"wp-block-heading\">Mobilit\u00e9 Internationale, v\u00e9cus interculturels\u2026<\/h2>\n\n\n\n<div class=\"wp-block-group\"><div class=\"wp-block-group__inner-container is-layout-constrained wp-block-group-is-layout-constrained\">\n<p>Nouveau d\u00e9part, nouveau lieu ? Ou bien pas si nouveau que \u00e7a ? En tous les cas, vous avez toujours l\u2019impression de ne pas vous \u00eatre fait \u00e0 cette ville, ce pays, cette culture ? Pleins de rep\u00e8res ne sont plus l\u00e0, \u00ab&nbsp;\u00e7a marche diff\u00e9remment ici&nbsp;\u00bb.<\/p>\n\n\n\n<p>Que ce soit au travail, dans les activit\u00e9s quotidiennes, les \u00e9tudes, les relations, vivre &amp; agir avec d\u2019autres cultures peut aussi faire \u00e9merger des questionnements, des perspectives, r\u00e9veill\u00e9s au contact de la diff\u00e9rence et des processus de d\u00e9couverte et d\u2019adaptation.<\/p>\n\n\n\n<p>En m\u00eame temps, cette \u00ab&nbsp;transculturalit\u00e9&nbsp;\u00bb est une opportunit\u00e9&nbsp;privil\u00e9gi\u00e9e pour mieux vous conna\u00eetre et vous rapprocher de vous-m\u00eame. &nbsp;<\/p>\n\n\n\n<p>Le bien-\u00eatre interculturel concerne aussi cette partie plus cach\u00e9e,  qui s\u2019\u00e9veille par l\u2019exp\u00e9rience de la diff\u00e9rence et du changement.<\/p>\n<\/div><\/div>\n<\/div>\n<\/div><\/div>\n\n\n\n<div id=\"wp-block-themeisle-blocks-advanced-columns-aa412c2b\" class=\"wp-block-themeisle-blocks-advanced-columns alignfull has-1-columns has-desktop-equal-layout has-tablet-equal-layout has-mobile-collapsedRows-layout has-vertical-center ticss-a2946a77  has-dark-bg\"><div class=\"wp-block-themeisle-blocks-advanced-columns-overlay\"><\/div><div class=\"innerblocks-wrap\">\n<div id=\"wp-block-themeisle-blocks-advanced-column-934c0164\" class=\"wp-block-themeisle-blocks-advanced-column\">\n<h2 id=\"wp-block-themeisle-blocks-advanced-heading-a8a53476\" class=\"wp-block-themeisle-blocks-advanced-heading wp-block-themeisle-blocks-advanced-heading-a8a53476\">Identit\u00e9s multiples, bi\/pluriculturel(le)s &#8230;<\/h2>\n\n\n\n<p>Nous proposons des s\u00e9ances individuelles qui int\u00e8grent le prisme interculturel ainsi que les cultures qui vous entourent et\/ou qui font partie de votre identit\u00e9. <\/p>\n\n\n\n<p>Cette approche permet de coupler les outils classiques de coaching aux connaissances interculturelles pour cr\u00e9er un accompagnement cibl\u00e9. <\/p>\n<\/div>\n<\/div><\/div>\n\n\n\n<div class=\"wp-block-group alignfull\"><div class=\"wp-block-group__inner-container is-layout-constrained wp-block-group-is-layout-constrained\">\n<div id=\"wp-block-themeisle-blocks-advanced-columns-b3d21307\" class=\"wp-block-themeisle-blocks-advanced-columns alignfull has-1-columns has-desktop-equal-layout has-tablet-equal-layout has-mobile-collapsedRows-layout has-vertical-center o-sticky o-sticky-scope-main-area o-sticky-pos-top o-sticky-bhvr-keep has-dark-bg\"><div class=\"wp-block-themeisle-blocks-advanced-columns-overlay\"><\/div><div class=\"innerblocks-wrap\">\n<div id=\"wp-block-themeisle-blocks-advanced-column-7ca5e6c3\" class=\"wp-block-themeisle-blocks-advanced-column\">\n<p>Vous \u00eates curieux mais pas certain que d&rsquo;avoir besoin d\u2019un coaching par rapport aux cultures ?<\/p>\n\n\n\n<p class=\"has-link-color wp-elements-ee98088ed7c5ce0f5edf5bfaae1c672d\"> Alors la formation-atelier <a href=\"https:\/\/www.prointercultura.org\/en-gb\/atelier-entre-cultures-fondements-pratiques-developpement\/\"><strong>\u00ab&nbsp;<em>Entre-Cultures, fondements &amp; pratiques<\/em>&nbsp;\u00bb<\/strong><\/a> vous apportera des r\u00e9ponses et un cadre th\u00e9orique qui vous facilitera la vie ! <\/p>\n\n\n\n<p class=\"has-link-color wp-elements-3af68b47eb3fb76f2355ea18f12d8313\">Les <a href=\"https:\/\/www.prointercultura.org\/en-gb\/intervisions-interculturelles\/\"><strong>s\u00e9ances d&rsquo;InterVisions<\/strong><\/a>, un moment d&rsquo;\u00e9change encadr\u00e9, peuvent \u00e9galement vous int\u00e9resser. Vous trouverez plus d&rsquo;informations en cliquant sur ce<a href=\"https:\/\/www.prointercultura.org\/en-gb\/intervisions-interculturelles\/\"> lien.<\/a><\/p>\n<\/div>\n<\/div><\/div>\n<\/div><\/div>\n\n\n\n<div id=\"wp-block-themeisle-blocks-advanced-columns-4e23e67b\" class=\"wp-block-themeisle-blocks-advanced-columns alignfull has-1-columns has-desktop-equal-layout has-tablet-equal-layout has-mobile-collapsedRows-layout has-vertical-center ticss-a2946a77 has-light-bg\"><div class=\"wp-block-themeisle-blocks-advanced-columns-overlay\"><\/div><div class=\"innerblocks-wrap\">\n<div id=\"wp-block-themeisle-blocks-advanced-column-efcf6ce2\" class=\"wp-block-themeisle-blocks-advanced-column\">\n<h2 id=\"wp-block-themeisle-blocks-advanced-heading-94e6db42\" class=\"wp-block-themeisle-blocks-advanced-heading wp-block-themeisle-blocks-advanced-heading-94e6db42\">Comment nous proc\u00e9dons ?<\/h2>\n\n\n\n<p><strong>I &#8211;&nbsp; Analyse de la situation et des objectifs<\/strong> lors d\u2019un premier 1<sup>er<\/sup> entretien &#8211; comprendre ce que vous cherchez \u00e0 atteindre avec ce coaching, votre contexte et vos objectifs. Il est \u00e9galement se mettre d&rsquo;accord sur une date pour la 1\u00e8re s\u00e9ance. <\/p>\n\n\n\n<p><strong>II <\/strong>&#8211; <strong>Proposition<\/strong> &#8211; tarifs, date pour une 1\u00e8re s\u00e9ance.  <\/p>\n\n\n\n<p><strong>III &#8211;<\/strong> <strong>Processus de coaching :&nbsp;<\/strong><\/p>\n\n\n\n<p><strong>III.a.<\/strong> Lors de la 1\u00e8re s\u00e9ance nous d\u00e9terminons ensemble le<strong> type programme de coaching <\/strong>qui vous convient le mieux, et, au niveau plus pratique, la r\u00e9currence, la dur\u00e9e et le nombre de s\u00e9ances&#8230;<\/p>\n\n\n\n<p><strong>III.b<\/strong> La derni\u00e8re s\u00e9ance permet de r\u00e9aliser une <strong>r\u00e9trospective<\/strong> de ce qui a \u00e9t\u00e9 d\u00e9velopp\u00e9 et obtenu avec ce coaching et une <strong>analyse prospective<\/strong> de votre avenir en lien avec ce qui a \u00e9t\u00e9 travaill\u00e9 au cours des s\u00e9ances, avec la possibilit\u00e9 d\u2019\u00e9tablir une sorte de suivi. <\/p>\n\n\n\n<p><strong>IV &#8211; \u00c9valuation<\/strong>.<\/p>\n\n\n\n<p>Le Coaching Interculturel propos\u00e9 par Pro InterCultura permet de traiter, d\u2019\u00eatre \u00e9clair\u00e9.e et soutenu.e.s avec&nbsp;efficacit\u00e9 et bienveillance, tenant compte des sp\u00e9cificit\u00e9s et rythmes propres des mobilit\u00e9s internationales et des v\u00e9cus interculturels. Nous proposons une&nbsp;m\u00e9thodologie prouv\u00e9e,&nbsp;adapt\u00e9e&nbsp;aux contextes transnationaux.&nbsp;<\/p>\n\n\n\n<p>Notre&nbsp;<strong><a href=\"https:\/\/www.prointercultura.org\/en-gb\/approche\/\">approche<\/a><\/strong>&nbsp;est&nbsp;globale,&nbsp;<em>\u00ab&nbsp;body &amp; mind<\/em>&nbsp;\u00bb,&nbsp; et inter-disciplinaire, faisant appel \u00e0 nos sp\u00e9cialistes exp\u00e9riment\u00e9s et connaisseurs de l\u2019international &amp; de l\u2019interculturel, de l\u2019accompagnement et du coaching, voire de certains m\u00e9tiers internationaux comme la diplomatie et le management.<\/p>\n\n\n\n<p>Ensemble avec votre accompagnateur, vous co-travaillez \u00e0 la construction de la r\u00e9ussite de votre exp\u00e9rience internationale et interculturelle,&nbsp;et tout particuli\u00e8rement \u00e0 votre bien-\u00eatre.<\/p>\n<\/div>\n<\/div><\/div>\n\n\n\n<div id=\"wp-block-themeisle-blocks-button-group-323e361d\" class=\"wp-block-themeisle-blocks-button-group wp-block-buttons align-center-desktop\">\n<div id=\"wp-block-themeisle-blocks-button-14a3d473\" class=\"wp-block-themeisle-blocks-button wp-block-button is-style-outline\"><a href=\"https:\/\/www.prointercultura.org\/en-gb\/contact-2\/\" target=\"_self\" rel=\"noopener noreferrer\" class=\"wp-block-button__link\"><span><strong>Nous contacter<\/strong><\/span><\/a><\/div>\n<\/div>\n\n\n\n<div style=\"height:100px\" aria-hidden=\"true\" class=\"wp-block-spacer\"><\/div>","protected":false},"excerpt":{"rendered":"<p>Et le destin? [\u2026] J\u2019ai l\u2019habitude de r\u00e9pondre que, pour l\u2019homme, le destin est comme le vent pour un voilier. Celui qui est \u00e0 la barre ne peut d\u00e9cider d\u2019o\u00f9 souffle le vent, ni avec quelle force, mais il peut orienter sa propre voile. Et cela fait parfois une sacr\u00e9e [&hellip;]<\/p>","protected":false},"author":1,"featured_media":31851,"parent":0,"menu_order":0,"comment_status":"closed","ping_status":"closed","template":"","meta":{"ub_ctt_via":"","_themeisle_gutenberg_block_has_review":false,"footnotes":""},"class_list":["post-32043","page","type-page","status-publish","has-post-thumbnail","hentry"],"featured_image_src":"https:\/\/www.prointercultura.org\/wp-content\/uploads\/2024\/01\/vfjptnfgfvs-jpg.webp","yoast_head":"<!-- This site is optimized with the Yoast SEO plugin v24.6 - https:\/\/yoast.com\/wordpress\/plugins\/seo\/ -->\n<title>Coaching Interculturel - Pro InterCultura<\/title>\n<meta name=\"description\" content=\"Identit\u00e9s multiculturelles, expatri\u00e9s, nouveau lieu de vie... Voici du coaching interculturel pour trouver des r\u00e9ponses et plus de bien-\u00eatre\" \/>\n<meta name=\"robots\" content=\"index, follow, max-snippet:-1, max-image-preview:large, max-video-preview:-1\" \/>\n<link rel=\"canonical\" href=\"https:\/\/www.prointercultura.org\/en-gb\/coaching-interculturel\/\" \/>\n<meta property=\"og:locale\" content=\"en_GB\" \/>\n<meta property=\"og:type\" content=\"article\" \/>\n<meta property=\"og:title\" content=\"Coaching Interculturel - Pro InterCultura\" \/>\n<meta property=\"og:description\" content=\"Identit\u00e9s multiculturelles, expatri\u00e9s, nouveau lieu de vie... Voici du coaching interculturel pour trouver des r\u00e9ponses et plus de bien-\u00eatre\" \/>\n<meta property=\"og:url\" content=\"https:\/\/www.prointercultura.org\/en-gb\/coaching-interculturel\/\" \/>\n<meta property=\"og:site_name\" content=\"Pro InterCultura\" \/>\n<meta property=\"article:publisher\" content=\"https:\/\/www.facebook.com\/prointercultura\" \/>\n<meta property=\"article:modified_time\" content=\"2025-03-19T12:52:27+00:00\" \/>\n<meta property=\"og:image\" content=\"https:\/\/www.prointercultura.org\/wp-content\/uploads\/2024\/01\/vfjptnfgfvs-jpg.webp\" \/>\n\t<meta property=\"og:image:width\" content=\"960\" \/>\n\t<meta property=\"og:image:height\" content=\"1200\" \/>\n\t<meta property=\"og:image:type\" content=\"image\/jpeg\" \/>\n<meta name=\"twitter:card\" content=\"summary_large_image\" \/>\n<meta name=\"twitter:label1\" content=\"Estimated reading time\" \/>\n\t<meta name=\"twitter:data1\" content=\"3 minutes\" \/>\n<script type=\"application\/ld+json\" class=\"yoast-schema-graph\">{\"@context\":\"https:\/\/schema.org\",\"@graph\":[{\"@type\":\"WebPage\",\"@id\":\"https:\/\/www.prointercultura.org\/en-gb\/coaching-interculturel\/\",\"url\":\"https:\/\/www.prointercultura.org\/en-gb\/coaching-interculturel\/\",\"name\":\"Coaching Interculturel - Pro InterCultura\",\"isPartOf\":{\"@id\":\"https:\/\/www.prointercultura.org\/en-gb\/#website\"},\"primaryImageOfPage\":{\"@id\":\"https:\/\/www.prointercultura.org\/en-gb\/coaching-interculturel\/#primaryimage\"},\"image\":{\"@id\":\"https:\/\/www.prointercultura.org\/en-gb\/coaching-interculturel\/#primaryimage\"},\"thumbnailUrl\":\"https:\/\/www.prointercultura.org\/wp-content\/uploads\/2024\/01\/vfjptnfgfvs-jpg.webp\",\"datePublished\":\"2024-01-31T22:55:47+00:00\",\"dateModified\":\"2025-03-19T12:52:27+00:00\",\"description\":\"Identit\u00e9s multiculturelles, expatri\u00e9s, nouveau lieu de vie... Voici du coaching interculturel pour trouver des r\u00e9ponses et plus de bien-\u00eatre\",\"breadcrumb\":{\"@id\":\"https:\/\/www.prointercultura.org\/en-gb\/coaching-interculturel\/#breadcrumb\"},\"inLanguage\":\"en-GB\",\"potentialAction\":[{\"@type\":\"ReadAction\",\"target\":[\"https:\/\/www.prointercultura.org\/en-gb\/coaching-interculturel\/\"]}]},{\"@type\":\"ImageObject\",\"inLanguage\":\"en-GB\",\"@id\":\"https:\/\/www.prointercultura.org\/en-gb\/coaching-interculturel\/#primaryimage\",\"url\":\"https:\/\/www.prointercultura.org\/wp-content\/uploads\/2024\/01\/vfjptnfgfvs-jpg.webp\",\"contentUrl\":\"https:\/\/www.prointercultura.org\/wp-content\/uploads\/2024\/01\/vfjptnfgfvs-jpg.webp\",\"width\":960,\"height\":1200,\"caption\":\"black bird on black wire during daytime\"},{\"@type\":\"BreadcrumbList\",\"@id\":\"https:\/\/www.prointercultura.org\/en-gb\/coaching-interculturel\/#breadcrumb\",\"itemListElement\":[{\"@type\":\"ListItem\",\"position\":1,\"name\":\"Accueil\",\"item\":\"https:\/\/www.prointercultura.org\/\"},{\"@type\":\"ListItem\",\"position\":2,\"name\":\"Coaching Interculturel\"}]},{\"@type\":\"WebSite\",\"@id\":\"https:\/\/www.prointercultura.org\/en-gb\/#website\",\"url\":\"https:\/\/www.prointercultura.org\/en-gb\/\",\"name\":\"Prointercultura.org\",\"description\":\"Make the best of cultural diversity. \",\"publisher\":{\"@id\":\"https:\/\/www.prointercultura.org\/en-gb\/#organization\"},\"potentialAction\":[{\"@type\":\"SearchAction\",\"target\":{\"@type\":\"EntryPoint\",\"urlTemplate\":\"https:\/\/www.prointercultura.org\/en-gb\/?s={search_term_string}\"},\"query-input\":{\"@type\":\"PropertyValueSpecification\",\"valueRequired\":true,\"valueName\":\"search_term_string\"}}],\"inLanguage\":\"en-GB\"},{\"@type\":\"Organization\",\"@id\":\"https:\/\/www.prointercultura.org\/en-gb\/#organization\",\"name\":\"Pro InterCultura aisbl\",\"url\":\"https:\/\/www.prointercultura.org\/en-gb\/\",\"logo\":{\"@type\":\"ImageObject\",\"inLanguage\":\"en-GB\",\"@id\":\"https:\/\/www.prointercultura.org\/en-gb\/#\/schema\/logo\/image\/\",\"url\":\"https:\/\/www.prointercultura.org\/wp-content\/uploads\/2023\/02\/cropped-cropped-LogoProiNTERCULTURA.png\",\"contentUrl\":\"https:\/\/www.prointercultura.org\/wp-content\/uploads\/2023\/02\/cropped-cropped-LogoProiNTERCULTURA.png\",\"width\":239,\"height\":46,\"caption\":\"Pro InterCultura aisbl\"},\"image\":{\"@id\":\"https:\/\/www.prointercultura.org\/en-gb\/#\/schema\/logo\/image\/\"},\"sameAs\":[\"https:\/\/www.facebook.com\/prointercultura\",\"https:\/\/www.linkedin.com\/company\/pro-intercultura\/\"]}]}<\/script>\n<!-- \/ Yoast SEO plugin. -->","yoast_head_json":{"title":"Coaching Interculturel - Pro InterCultura","description":"Identit\u00e9s multiculturelles, expatri\u00e9s, nouveau lieu de vie... Voici du coaching interculturel pour trouver des r\u00e9ponses et plus de bien-\u00eatre","robots":{"index":"index","follow":"follow","max-snippet":"max-snippet:-1","max-image-preview":"max-image-preview:large","max-video-preview":"max-video-preview:-1"},"canonical":"https:\/\/www.prointercultura.org\/en-gb\/coaching-interculturel\/","og_locale":"en_GB","og_type":"article","og_title":"Coaching Interculturel - Pro InterCultura","og_description":"Identit\u00e9s multiculturelles, expatri\u00e9s, nouveau lieu de vie... Voici du coaching interculturel pour trouver des r\u00e9ponses et plus de bien-\u00eatre","og_url":"https:\/\/www.prointercultura.org\/en-gb\/coaching-interculturel\/","og_site_name":"Pro InterCultura","article_publisher":"https:\/\/www.facebook.com\/prointercultura","article_modified_time":"2025-03-19T12:52:27+00:00","og_image":[{"width":960,"height":1200,"url":"https:\/\/www.prointercultura.org\/wp-content\/uploads\/2024\/01\/vfjptnfgfvs-jpg.webp","type":"image\/jpeg"}],"twitter_card":"summary_large_image","twitter_misc":{"Estimated reading time":"3 minutes"},"schema":{"@context":"https:\/\/schema.org","@graph":[{"@type":"WebPage","@id":"https:\/\/www.prointercultura.org\/en-gb\/coaching-interculturel\/","url":"https:\/\/www.prointercultura.org\/en-gb\/coaching-interculturel\/","name":"Coaching Interculturel - Pro InterCultura","isPartOf":{"@id":"https:\/\/www.prointercultura.org\/en-gb\/#website"},"primaryImageOfPage":{"@id":"https:\/\/www.prointercultura.org\/en-gb\/coaching-interculturel\/#primaryimage"},"image":{"@id":"https:\/\/www.prointercultura.org\/en-gb\/coaching-interculturel\/#primaryimage"},"thumbnailUrl":"https:\/\/www.prointercultura.org\/wp-content\/uploads\/2024\/01\/vfjptnfgfvs-jpg.webp","datePublished":"2024-01-31T22:55:47+00:00","dateModified":"2025-03-19T12:52:27+00:00","description":"Identit\u00e9s multiculturelles, expatri\u00e9s, nouveau lieu de vie... Voici du coaching interculturel pour trouver des r\u00e9ponses et plus de bien-\u00eatre","breadcrumb":{"@id":"https:\/\/www.prointercultura.org\/en-gb\/coaching-interculturel\/#breadcrumb"},"inLanguage":"en-GB","potentialAction":[{"@type":"ReadAction","target":["https:\/\/www.prointercultura.org\/en-gb\/coaching-interculturel\/"]}]},{"@type":"ImageObject","inLanguage":"en-GB","@id":"https:\/\/www.prointercultura.org\/en-gb\/coaching-interculturel\/#primaryimage","url":"https:\/\/www.prointercultura.org\/wp-content\/uploads\/2024\/01\/vfjptnfgfvs-jpg.webp","contentUrl":"https:\/\/www.prointercultura.org\/wp-content\/uploads\/2024\/01\/vfjptnfgfvs-jpg.webp","width":960,"height":1200,"caption":"black bird on black wire during daytime"},{"@type":"BreadcrumbList","@id":"https:\/\/www.prointercultura.org\/en-gb\/coaching-interculturel\/#breadcrumb","itemListElement":[{"@type":"ListItem","position":1,"name":"Accueil","item":"https:\/\/www.prointercultura.org\/"},{"@type":"ListItem","position":2,"name":"Coaching Interculturel"}]},{"@type":"WebSite","@id":"https:\/\/www.prointercultura.org\/en-gb\/#website","url":"https:\/\/www.prointercultura.org\/en-gb\/","name":"Prointercultura.org","description":"Make the best of cultural diversity. ","publisher":{"@id":"https:\/\/www.prointercultura.org\/en-gb\/#organization"},"potentialAction":[{"@type":"SearchAction","target":{"@type":"EntryPoint","urlTemplate":"https:\/\/www.prointercultura.org\/en-gb\/?s={search_term_string}"},"query-input":{"@type":"PropertyValueSpecification","valueRequired":true,"valueName":"search_term_string"}}],"inLanguage":"en-GB"},{"@type":"Organization","@id":"https:\/\/www.prointercultura.org\/en-gb\/#organization","name":"Pro InterCultura aisbl","url":"https:\/\/www.prointercultura.org\/en-gb\/","logo":{"@type":"ImageObject","inLanguage":"en-GB","@id":"https:\/\/www.prointercultura.org\/en-gb\/#\/schema\/logo\/image\/","url":"https:\/\/www.prointercultura.org\/wp-content\/uploads\/2023\/02\/cropped-cropped-LogoProiNTERCULTURA.png","contentUrl":"https:\/\/www.prointercultura.org\/wp-content\/uploads\/2023\/02\/cropped-cropped-LogoProiNTERCULTURA.png","width":239,"height":46,"caption":"Pro InterCultura aisbl"},"image":{"@id":"https:\/\/www.prointercultura.org\/en-gb\/#\/schema\/logo\/image\/"},"sameAs":["https:\/\/www.facebook.com\/prointercultura","https:\/\/www.linkedin.com\/company\/pro-intercultura\/"]}]}},"jetpack_sharing_enabled":true,"_links":{"self":[{"href":"https:\/\/www.prointercultura.org\/en-gb\/wp-json\/wp\/v2\/pages\/32043","targetHints":{"allow":["GET"]}}],"collection":[{"href":"https:\/\/www.prointercultura.org\/en-gb\/wp-json\/wp\/v2\/pages"}],"about":[{"href":"https:\/\/www.prointercultura.org\/en-gb\/wp-json\/wp\/v2\/types\/page"}],"author":[{"embeddable":true,"href":"https:\/\/www.prointercultura.org\/en-gb\/wp-json\/wp\/v2\/users\/1"}],"replies":[{"embeddable":true,"href":"https:\/\/www.prointercultura.org\/en-gb\/wp-json\/wp\/v2\/comments?post=32043"}],"version-history":[{"count":31,"href":"https:\/\/www.prointercultura.org\/en-gb\/wp-json\/wp\/v2\/pages\/32043\/revisions"}],"predecessor-version":[{"id":32812,"href":"https:\/\/www.prointercultura.org\/en-gb\/wp-json\/wp\/v2\/pages\/32043\/revisions\/32812"}],"wp:featuredmedia":[{"embeddable":true,"href":"https:\/\/www.prointercultura.org\/en-gb\/wp-json\/wp\/v2\/media\/31851"}],"wp:attachment":[{"href":"https:\/\/www.prointercultura.org\/en-gb\/wp-json\/wp\/v2\/media?parent=32043"}],"curies":[{"name":"wp","href":"https:\/\/api.w.org\/{rel}","templated":true}]}}