{"id":31926,"date":"2024-01-31T12:16:19","date_gmt":"2024-01-31T11:16:19","guid":{"rendered":"https:\/\/www.prointercultura.org\/?page_id=31926"},"modified":"2025-03-19T13:07:23","modified_gmt":"2025-03-19T12:07:23","slug":"linterculturel-au-service-des-organisations","status":"publish","type":"page","link":"https:\/\/www.prointercultura.org\/en-gb\/linterculturel-au-service-des-organisations\/","title":{"rendered":"L&rsquo;Interculturel au service des Organisations"},"content":{"rendered":"<div id=\"wp-block-themeisle-blocks-advanced-columns-1699a23d\" class=\"wp-block-themeisle-blocks-advanced-columns alignwide has-1-columns has-desktop-equal-layout has-tablet-equal-layout has-mobile-collapsedRows-layout has-vertical-unset\"><div class=\"wp-block-themeisle-blocks-advanced-columns-overlay\"><\/div><div class=\"innerblocks-wrap\">\n<div id=\"wp-block-themeisle-blocks-advanced-column-811f3699\" class=\"wp-block-themeisle-blocks-advanced-column\">\n<p class=\"has-text-align-center has-black-color has-text-color has-link-color wp-elements-f61a6912821a3581a70c89e6228d58a1\"><strong>Pour quoi est ce que l\u2019interculturel est incontournable ?&nbsp;<\/strong><\/p>\n\n\n\n<div class=\"wp-block-group\"><div class=\"wp-block-group__inner-container is-layout-constrained wp-block-group-is-layout-constrained\">\n<p class=\"has-black-color has-text-color has-link-color wp-elements-1ed2e3483d7887082f9c4487fb1ec1be\">Le monde professionnel est de plus en plus diversifi\u00e9 culturellement. La diversit\u00e9 prend un place certaine dans les organisations, mais les processus internes ne la prennent pas toujours suffisamment en compte. Cela a un impact n\u00e9gatif sur l&rsquo;efficacit\u00e9, la r\u00e9ussites et le bien-\u00eatre des \u00e9quipes, mais \u00e9galement au niveau de la fid\u00e9lisation des talents, des clients et des partenaires.<\/p>\n\n\n\n<p class=\"has-text-align-left has-black-color has-text-color has-link-color wp-elements-2abdb415ef8bd59eed86c05e7ece32b1\">Notre travail consiste \u00e0 aider les organisations \u00e0 mieux prendre en compte la diversit\u00e9 et sa port\u00e9e, d\u00e9velopper les comp\u00e9tences n\u00e9cessaires, la capitaliser et mettre en place des pratiques et une gouvernance r\u00e9ellement interculturelles.<\/p>\n\n\n\n<div class=\"wp-block-group alignwide\"><div class=\"wp-block-group__inner-container is-layout-constrained wp-block-group-is-layout-constrained\">\n<h5 class=\"wp-block-heading alignwide has-text-align-center has-white-background-color has-text-color has-background has-link-color wp-elements-e2907d87bec1156dacb18b7cd0db86d1\" style=\"color:#0b729b\">Impacts <\/h5>\n\n\n\n<div class=\"wp-block-group has-white-background-color has-background\"><div class=\"wp-block-group__inner-container is-layout-constrained wp-block-group-is-layout-constrained\">\n<div class=\"wp-block-group has-white-color has-header-gradient-background-color has-text-color has-background has-link-color wp-elements-c6e628be79db5b61a84ae162fb544436 is-nowrap is-layout-flex wp-container-core-group-is-layout-6c531013 wp-block-group-is-layout-flex\">\n<div class=\"wp-block-group is-content-justification-center is-layout-flex wp-container-core-group-is-layout-b02886af wp-block-group-is-layout-flex\">\n<div class=\"wp-block-group has-white-background-color has-background is-content-justification-center is-layout-flex wp-container-core-group-is-layout-94ea2d6b wp-block-group-is-layout-flex\">\n<h6 class=\"wp-block-heading has-text-align-center has-white-color has-text-color has-background has-link-color wp-elements-4e443f54c1b5ef12fa0e3ed2b9b4522e\" style=\"background-color:#0b729b\">Mapping interculturel de l\u2019organisation : ses points forts, d\u00e9fis, et axes \u00e0 d\u00e9velopper <\/h6>\n\n\n\n<h6 class=\"wp-block-heading has-text-align-center has-white-color has-text-color has-background has-link-color wp-elements-5f2327916fa70e4aa78569a3108b51c2\" style=\"background-color:#0b729b\">Des Savoirs, Savoir Faire &amp; Savoir \u00eatre interculturels<\/h6>\n\n\n\n<h6 class=\"wp-block-heading has-text-align-center has-white-color has-text-color has-background has-link-color wp-elements-c379cd21e3b121913eae7c87670203ff\" style=\"background-color:#0b729b\">Awarness \u00e0 tous les niveaux de l\u2019organisation&nbsp;<\/h6>\n\n\n\n<h6 class=\"wp-block-heading has-text-align-center has-white-color has-text-color has-background has-link-color wp-elements-d6fb572bc9adce2523a924289117e90f\" style=\"background-color:#0b729b\">Capitalisation &amp; Int\u00e9gration des acquis dans les diff\u00e9rents process et dans gouvernance<\/h6>\n\n\n\n<h6 class=\"wp-block-heading has-text-align-center has-white-color has-text-color has-background has-link-color wp-elements-d0d6d7b3a0fd914210dd261bc479345f\" style=\"background-color:#0b729b\">Charte diversit\u00e9 &#8211; Plan d\u2019action avec KPI de suivi et d\u2019\u00e9valuation&nbsp;<\/h6>\n\n\n\n<h6 class=\"wp-block-heading has-text-align-center has-white-color has-text-color has-background has-link-color wp-elements-97dc8db2630f5b5d98cc0763da39c6de\" style=\"background-color:#0b729b\">Fid\u00e9lisation des talents, clients et partenaires<\/h6>\n<\/div>\n<\/div>\n<\/div>\n<\/div><\/div>\n<\/div><\/div>\n\n\n\n<div class=\"wp-block-group\"><div class=\"wp-block-group__inner-container is-layout-constrained wp-block-group-is-layout-constrained\">\n<h5 class=\"wp-block-heading has-text-align-center has-text-color has-link-color wp-elements-a00a31d0ef06fc65062ee1e36c236cf7\" style=\"color:#29917c\">Pour qui ? <\/h5>\n\n\n\n<p class=\"has-text-align-center has-text-color has-link-color wp-elements-e7f310eac5c661f55ebc2b2eaee3ada9\" style=\"color:#29917c\">\u00c9quipes, RH, Managers&#8230; En petits ou grands groupes et\/ou en s\u00e9ance individuelle.<\/p>\n<\/div><\/div>\n\n\n\n<div class=\"wp-block-group alignwide is-content-justification-center is-layout-flex wp-container-core-group-is-layout-b02886af wp-block-group-is-layout-flex\">\n<h6 class=\"wp-block-heading has-white-color has-text-color has-background has-link-color wp-elements-36bdf2dc03fedfdb2a55712543490b43\" style=\"background-color:#29917c\">Entreprises <\/h6>\n\n\n\n<h6 class=\"wp-block-heading has-white-color has-text-color has-background has-link-color wp-elements-bae1d4c198e2c3e6902baa1da7475642\" style=\"background-color:#29917c\">Associations\/ONGs\/Secteur non marchant<\/h6>\n\n\n\n<h6 class=\"wp-block-heading has-white-color has-text-color has-background has-link-color wp-elements-889e07ab55c968b710530d0c9afdd0e9\" style=\"background-color:#29917c\">Organisations internationales<\/h6>\n\n\n\n<h6 class=\"wp-block-heading has-white-color has-text-color has-background has-link-color wp-elements-f1ee7185e3621b1e413a5a2dc6f6b65c\" style=\"background-color:#29917c\">Pouvoirs Publics  <\/h6>\n\n\n\n<h6 class=\"wp-block-heading has-text-align-center has-white-color has-text-color has-background has-link-color wp-elements-c69e2f66bf4253c25a3bb0c88a56d9a3\" style=\"background-color:#29917c\">Secteur \u00c9ducatif (Staff et\/ou \u00c9tudiants)<\/h6>\n<\/div>\n\n\n\n<div class=\"wp-block-group\"><div class=\"wp-block-group__inner-container is-layout-constrained wp-block-group-is-layout-constrained\">\n<div class=\"wp-block-group\"><div class=\"wp-block-group__inner-container is-layout-constrained wp-block-group-is-layout-constrained\">\n<h5 class=\"wp-block-heading has-text-align-center has-text-color has-link-color wp-elements-a290537b5f7abbb726bb87561bea536a\" style=\"color:#0866af\">Comment ? <\/h5>\n\n\n\n<p class=\"has-text-align-center has-text-color has-link-color wp-elements-a37a296669782dfe3d56d982ca3a5155\" style=\"color:#0866af\">Nos services &#8211; des formats sur mesure<\/p>\n<\/div><\/div>\n\n\n\n<div class=\"wp-block-group alignwide is-content-justification-center is-nowrap is-layout-flex wp-container-core-group-is-layout-23441af8 wp-block-group-is-layout-flex\">\n<div class=\"wp-block-group is-content-justification-center is-layout-flex wp-container-core-group-is-layout-b02886af wp-block-group-is-layout-flex\">\n<h6 class=\"wp-block-heading has-white-color has-text-color has-background has-link-color wp-elements-1fde6c49f6c0591bc6a9f84b84d52b90\" style=\"background-color:#0866af\">S\u00e9minaires<\/h6>\n\n\n\n<h6 class=\"wp-block-heading has-white-color has-text-color has-background has-link-color wp-elements-7226007a905acd1df7df578f66e91fcb\" style=\"background-color:#0866af\">Conseil<\/h6>\n\n\n\n<h6 class=\"wp-block-heading has-white-color has-text-color has-background has-link-color wp-elements-274caab32aaba85c6d03d805548e2cd9\" style=\"background-color:#0866af\">Formations <\/h6>\n\n\n\n<h6 class=\"wp-block-heading has-white-color has-text-color has-background has-link-color wp-elements-d54930b5894743398ca00582a154c893\" style=\"background-color:#0866af\">Ateliers &amp; Gamification<\/h6>\n\n\n\n<h6 class=\"wp-block-heading has-white-color has-text-color has-background has-link-color wp-elements-9d5e1cba35a13664df534a8fa37725de\" style=\"background-color:#0866af\">Coaching <\/h6>\n\n\n\n<h6 class=\"wp-block-heading has-white-color has-text-color has-background has-link-color wp-elements-0a7aa2fb0b46ef8bc38367271723acdd\" style=\"background-color:#0866af\"><a href=\"https:\/\/www.prointercultura.org\/en-gb\/intervisions-interculturelles\/\">InterVisions<\/a><\/h6>\n<\/div>\n<\/div>\n<\/div><\/div>\n\n\n\n<div style=\"height:23px\" aria-hidden=\"true\" class=\"wp-block-spacer\"><\/div>\n\n\n\n<div class=\"wp-block-group alignwide\"><div class=\"wp-block-group__inner-container is-layout-constrained wp-block-group-is-layout-constrained\">\n<div class=\"wp-block-group has-medium-font-size\"><div class=\"wp-block-group__inner-container is-layout-constrained wp-block-group-is-layout-constrained\">\n<p class=\"has-black-color has-text-color has-link-color wp-elements-52e259e9e676b41cab957653236ccb68\">Pour en savoir plus sur notre <strong>approche<\/strong><a href=\"https:\/\/www.prointercultura.org\/en-gb\/approche\/\"> cliquez ici<\/a> <\/p>\n\n\n\n<p class=\"has-black-color has-text-color has-link-color wp-elements-097353599aa28800d27dec85c3e9dc6d\">Pour en savoir plus sur nos <strong><a href=\"https:\/\/www.prointercultura.org\/en-gb\/references\/\">r\u00e9f\u00e9rences<\/a>,<\/strong><a href=\"https:\/\/www.prointercultura.org\/en-gb\/references\/\"> cliquez ici<\/a> .<\/p>\n<\/div><\/div>\n\n\n\n<div style=\"height:20px\" aria-hidden=\"true\" class=\"wp-block-spacer\"><\/div>\n<\/div><\/div>\n\n\n\n<div class=\"wp-block-group alignwide\"><div class=\"wp-block-group__inner-container is-layout-constrained wp-block-group-is-layout-constrained\">\n<h4 class=\"wp-block-heading has-text-align-left has-black-color has-text-color has-link-color wp-elements-f568e2bcedf2f75ab2f7a4d4e77dd68c\">Comment nous proc\u00e9dons ?<\/h4>\n\n\n\n<p class=\"has-black-color has-text-color has-link-color wp-elements-7f5c40d2c6366d7cf40b0a640283fb58\"><strong>I &#8211; <\/strong>Nous commen\u00e7ons par un<strong> \u00ab\u00a0Needs assesment\u00a0\u00bb sur <\/strong>vos objectifs, contexte, d\u00e9fis, questions &amp; besoins. Possible \u00e9galement de faire <a href=\"https:\/\/www.prointercultura.org\/en-gb\/intervisions-interculturelles\/\"><strong>une s\u00e9ance d&rsquo;intervisions<\/strong><\/a> \u00e0 cette fin, un outil puissant pour identifier les besoins. <\/p>\n\n\n\n<p class=\"has-black-color has-text-color has-link-color wp-elements-26b560e95aef02f1e32c0bf91b1b4bf2\"><strong>II &#8211; <\/strong>Ensuite, en option, nous pouvons proc\u00e9der une <strong>Analyse interculturelle <\/strong>de l&rsquo;organisation avec des donn\u00e9es, sondages, interviews et autres outils.<\/p>\n\n\n\n<p class=\"has-black-color has-text-color has-link-color wp-elements-44da178e96c12a43dc9902e973dee920\">III &#8211; A partir de ces \u00e9l\u00e9ments, nous faisons <strong>une offre <\/strong>que nous ajustons avec vous<strong>. <\/strong>Elle peut int\u00e9grer diff\u00e9rents formes de services&nbsp;: formation, atelier, animation, conseil, intervisions, accompagnement\u2026 les formes les plus adapt\u00e9es \u00e0 vos objectifs, besoins et moyens.<\/p>\n\n\n\n<p class=\"has-black-color has-text-color has-link-color wp-elements-1748d487933d1579f9e1c4a899fee28d\">IV &#8211; <strong>Mise en oeuvre <\/strong>du service retenu.<\/p>\n\n\n\n<p class=\"has-black-color has-text-color has-link-color wp-elements-b54e6e60252771e97c20f68de4e64c04\">V &#8211; <strong>Evaluation &amp; Analyse prospective,&nbsp; <\/strong>avec en option, des recommandations de suivi et d\u2019action. Elles peuvent concerner entre autres les pratiques, le recrutement, <strong>la gouvernance interculturelle, une strat\u00e9gie, voire une charte diversit\u00e9, son plan d&rsquo;action et son suivi.<\/strong><\/p>\n<\/div><\/div>\n<\/div><\/div>\n<\/div>\n<\/div><\/div>\n\n\n\n<div style=\"height:20px\" aria-hidden=\"true\" class=\"wp-block-spacer\"><\/div>\n\n\n\n<div id=\"wp-block-themeisle-blocks-button-group-323e361d\" class=\"wp-block-themeisle-blocks-button-group wp-block-buttons align-center-desktop\">\n<div id=\"wp-block-themeisle-blocks-button-14a3d473\" class=\"wp-block-themeisle-blocks-button wp-block-button is-style-outline\"><a href=\"https:\/\/www.prointercultura.org\/en-gb\/contact-2\/\" target=\"_self\" rel=\"noopener noreferrer\" class=\"wp-block-button__link\"><span><strong>Nous contacter<\/strong><\/span><\/a><\/div>\n<\/div>\n\n\n\n<div style=\"height:72px\" aria-hidden=\"true\" class=\"wp-block-spacer\"><\/div>","protected":false},"excerpt":{"rendered":"","protected":false},"author":1,"featured_media":30796,"parent":0,"menu_order":0,"comment_status":"closed","ping_status":"closed","template":"","meta":{"ub_ctt_via":"","_themeisle_gutenberg_block_has_review":false,"footnotes":""},"class_list":["post-31926","page","type-page","status-publish","has-post-thumbnail","hentry"],"featured_image_src":"https:\/\/www.prointercultura.org\/wp-content\/uploads\/2023\/09\/Auditorio-2-1-edited.png","yoast_head":"<!-- This site is optimized with the Yoast SEO plugin v24.6 - https:\/\/yoast.com\/wordpress\/plugins\/seo\/ -->\n<title>L&#039;Interculturel au service des Organisations - Pro InterCultura<\/title>\n<meta name=\"description\" content=\"Comprendre et int\u00e9grer l&#039;interculturel &amp; la diversit\u00e9 dans les \u00e9quipes, le management et le leadership via des m\u00e9thodes innovantes et adapt\u00e9s\" \/>\n<meta name=\"robots\" content=\"index, follow, max-snippet:-1, max-image-preview:large, max-video-preview:-1\" \/>\n<link rel=\"canonical\" href=\"https:\/\/www.prointercultura.org\/en-gb\/linterculturel-au-service-des-organisations\/\" \/>\n<meta property=\"og:locale\" content=\"en_GB\" \/>\n<meta property=\"og:type\" content=\"article\" \/>\n<meta property=\"og:title\" content=\"L&#039;Interculturel au service des Organisations - Pro InterCultura\" \/>\n<meta property=\"og:description\" content=\"Comprendre et int\u00e9grer l&#039;interculturel &amp; la diversit\u00e9 dans les \u00e9quipes, le management et le leadership via des m\u00e9thodes innovantes et adapt\u00e9s\" \/>\n<meta property=\"og:url\" content=\"https:\/\/www.prointercultura.org\/en-gb\/linterculturel-au-service-des-organisations\/\" \/>\n<meta property=\"og:site_name\" content=\"Pro InterCultura\" \/>\n<meta property=\"article:publisher\" content=\"https:\/\/www.facebook.com\/prointercultura\" \/>\n<meta property=\"article:modified_time\" content=\"2025-03-19T12:07:23+00:00\" \/>\n<meta property=\"og:image\" content=\"https:\/\/www.prointercultura.org\/wp-content\/uploads\/2023\/09\/Auditorio-2-1-edited.png\" \/>\n\t<meta property=\"og:image:width\" content=\"1024\" \/>\n\t<meta property=\"og:image:height\" content=\"640\" \/>\n\t<meta property=\"og:image:type\" content=\"image\/png\" \/>\n<meta name=\"twitter:card\" content=\"summary_large_image\" \/>\n<meta name=\"twitter:label1\" content=\"Estimated reading time\" \/>\n\t<meta name=\"twitter:data1\" content=\"3 minutes\" \/>\n<script type=\"application\/ld+json\" class=\"yoast-schema-graph\">{\"@context\":\"https:\/\/schema.org\",\"@graph\":[{\"@type\":\"WebPage\",\"@id\":\"https:\/\/www.prointercultura.org\/en-gb\/linterculturel-au-service-des-organisations\/\",\"url\":\"https:\/\/www.prointercultura.org\/en-gb\/linterculturel-au-service-des-organisations\/\",\"name\":\"L'Interculturel au service des Organisations - Pro InterCultura\",\"isPartOf\":{\"@id\":\"https:\/\/www.prointercultura.org\/en-gb\/#website\"},\"primaryImageOfPage\":{\"@id\":\"https:\/\/www.prointercultura.org\/en-gb\/linterculturel-au-service-des-organisations\/#primaryimage\"},\"image\":{\"@id\":\"https:\/\/www.prointercultura.org\/en-gb\/linterculturel-au-service-des-organisations\/#primaryimage\"},\"thumbnailUrl\":\"https:\/\/www.prointercultura.org\/wp-content\/uploads\/2023\/09\/Auditorio-2-1-edited.png\",\"datePublished\":\"2024-01-31T11:16:19+00:00\",\"dateModified\":\"2025-03-19T12:07:23+00:00\",\"description\":\"Comprendre et int\u00e9grer l'interculturel & la diversit\u00e9 dans les \u00e9quipes, le management et le leadership via des m\u00e9thodes innovantes et adapt\u00e9s\",\"breadcrumb\":{\"@id\":\"https:\/\/www.prointercultura.org\/en-gb\/linterculturel-au-service-des-organisations\/#breadcrumb\"},\"inLanguage\":\"en-GB\",\"potentialAction\":[{\"@type\":\"ReadAction\",\"target\":[\"https:\/\/www.prointercultura.org\/en-gb\/linterculturel-au-service-des-organisations\/\"]}]},{\"@type\":\"ImageObject\",\"inLanguage\":\"en-GB\",\"@id\":\"https:\/\/www.prointercultura.org\/en-gb\/linterculturel-au-service-des-organisations\/#primaryimage\",\"url\":\"https:\/\/www.prointercultura.org\/wp-content\/uploads\/2023\/09\/Auditorio-2-1-edited.png\",\"contentUrl\":\"https:\/\/www.prointercultura.org\/wp-content\/uploads\/2023\/09\/Auditorio-2-1-edited.png\",\"width\":1024,\"height\":640},{\"@type\":\"BreadcrumbList\",\"@id\":\"https:\/\/www.prointercultura.org\/en-gb\/linterculturel-au-service-des-organisations\/#breadcrumb\",\"itemListElement\":[{\"@type\":\"ListItem\",\"position\":1,\"name\":\"Accueil\",\"item\":\"https:\/\/www.prointercultura.org\/\"},{\"@type\":\"ListItem\",\"position\":2,\"name\":\"L&rsquo;Interculturel au service des Organisations\"}]},{\"@type\":\"WebSite\",\"@id\":\"https:\/\/www.prointercultura.org\/en-gb\/#website\",\"url\":\"https:\/\/www.prointercultura.org\/en-gb\/\",\"name\":\"Prointercultura.org\",\"description\":\"Make the best of cultural diversity. \",\"publisher\":{\"@id\":\"https:\/\/www.prointercultura.org\/en-gb\/#organization\"},\"potentialAction\":[{\"@type\":\"SearchAction\",\"target\":{\"@type\":\"EntryPoint\",\"urlTemplate\":\"https:\/\/www.prointercultura.org\/en-gb\/?s={search_term_string}\"},\"query-input\":{\"@type\":\"PropertyValueSpecification\",\"valueRequired\":true,\"valueName\":\"search_term_string\"}}],\"inLanguage\":\"en-GB\"},{\"@type\":\"Organization\",\"@id\":\"https:\/\/www.prointercultura.org\/en-gb\/#organization\",\"name\":\"Pro InterCultura aisbl\",\"url\":\"https:\/\/www.prointercultura.org\/en-gb\/\",\"logo\":{\"@type\":\"ImageObject\",\"inLanguage\":\"en-GB\",\"@id\":\"https:\/\/www.prointercultura.org\/en-gb\/#\/schema\/logo\/image\/\",\"url\":\"https:\/\/www.prointercultura.org\/wp-content\/uploads\/2023\/02\/cropped-cropped-LogoProiNTERCULTURA.png\",\"contentUrl\":\"https:\/\/www.prointercultura.org\/wp-content\/uploads\/2023\/02\/cropped-cropped-LogoProiNTERCULTURA.png\",\"width\":239,\"height\":46,\"caption\":\"Pro InterCultura aisbl\"},\"image\":{\"@id\":\"https:\/\/www.prointercultura.org\/en-gb\/#\/schema\/logo\/image\/\"},\"sameAs\":[\"https:\/\/www.facebook.com\/prointercultura\",\"https:\/\/www.linkedin.com\/company\/pro-intercultura\/\"]}]}<\/script>\n<!-- \/ Yoast SEO plugin. -->","yoast_head_json":{"title":"L'Interculturel au service des Organisations - Pro InterCultura","description":"Comprendre et int\u00e9grer l'interculturel & la diversit\u00e9 dans les \u00e9quipes, le management et le leadership via des m\u00e9thodes innovantes et adapt\u00e9s","robots":{"index":"index","follow":"follow","max-snippet":"max-snippet:-1","max-image-preview":"max-image-preview:large","max-video-preview":"max-video-preview:-1"},"canonical":"https:\/\/www.prointercultura.org\/en-gb\/linterculturel-au-service-des-organisations\/","og_locale":"en_GB","og_type":"article","og_title":"L'Interculturel au service des Organisations - Pro InterCultura","og_description":"Comprendre et int\u00e9grer l'interculturel & la diversit\u00e9 dans les \u00e9quipes, le management et le leadership via des m\u00e9thodes innovantes et adapt\u00e9s","og_url":"https:\/\/www.prointercultura.org\/en-gb\/linterculturel-au-service-des-organisations\/","og_site_name":"Pro InterCultura","article_publisher":"https:\/\/www.facebook.com\/prointercultura","article_modified_time":"2025-03-19T12:07:23+00:00","og_image":[{"width":1024,"height":640,"url":"https:\/\/www.prointercultura.org\/wp-content\/uploads\/2023\/09\/Auditorio-2-1-edited.png","type":"image\/png"}],"twitter_card":"summary_large_image","twitter_misc":{"Estimated reading time":"3 minutes"},"schema":{"@context":"https:\/\/schema.org","@graph":[{"@type":"WebPage","@id":"https:\/\/www.prointercultura.org\/en-gb\/linterculturel-au-service-des-organisations\/","url":"https:\/\/www.prointercultura.org\/en-gb\/linterculturel-au-service-des-organisations\/","name":"L'Interculturel au service des Organisations - Pro InterCultura","isPartOf":{"@id":"https:\/\/www.prointercultura.org\/en-gb\/#website"},"primaryImageOfPage":{"@id":"https:\/\/www.prointercultura.org\/en-gb\/linterculturel-au-service-des-organisations\/#primaryimage"},"image":{"@id":"https:\/\/www.prointercultura.org\/en-gb\/linterculturel-au-service-des-organisations\/#primaryimage"},"thumbnailUrl":"https:\/\/www.prointercultura.org\/wp-content\/uploads\/2023\/09\/Auditorio-2-1-edited.png","datePublished":"2024-01-31T11:16:19+00:00","dateModified":"2025-03-19T12:07:23+00:00","description":"Comprendre et int\u00e9grer l'interculturel & la diversit\u00e9 dans les \u00e9quipes, le management et le leadership via des m\u00e9thodes innovantes et adapt\u00e9s","breadcrumb":{"@id":"https:\/\/www.prointercultura.org\/en-gb\/linterculturel-au-service-des-organisations\/#breadcrumb"},"inLanguage":"en-GB","potentialAction":[{"@type":"ReadAction","target":["https:\/\/www.prointercultura.org\/en-gb\/linterculturel-au-service-des-organisations\/"]}]},{"@type":"ImageObject","inLanguage":"en-GB","@id":"https:\/\/www.prointercultura.org\/en-gb\/linterculturel-au-service-des-organisations\/#primaryimage","url":"https:\/\/www.prointercultura.org\/wp-content\/uploads\/2023\/09\/Auditorio-2-1-edited.png","contentUrl":"https:\/\/www.prointercultura.org\/wp-content\/uploads\/2023\/09\/Auditorio-2-1-edited.png","width":1024,"height":640},{"@type":"BreadcrumbList","@id":"https:\/\/www.prointercultura.org\/en-gb\/linterculturel-au-service-des-organisations\/#breadcrumb","itemListElement":[{"@type":"ListItem","position":1,"name":"Accueil","item":"https:\/\/www.prointercultura.org\/"},{"@type":"ListItem","position":2,"name":"L&rsquo;Interculturel au service des Organisations"}]},{"@type":"WebSite","@id":"https:\/\/www.prointercultura.org\/en-gb\/#website","url":"https:\/\/www.prointercultura.org\/en-gb\/","name":"Prointercultura.org","description":"Make the best of cultural diversity. ","publisher":{"@id":"https:\/\/www.prointercultura.org\/en-gb\/#organization"},"potentialAction":[{"@type":"SearchAction","target":{"@type":"EntryPoint","urlTemplate":"https:\/\/www.prointercultura.org\/en-gb\/?s={search_term_string}"},"query-input":{"@type":"PropertyValueSpecification","valueRequired":true,"valueName":"search_term_string"}}],"inLanguage":"en-GB"},{"@type":"Organization","@id":"https:\/\/www.prointercultura.org\/en-gb\/#organization","name":"Pro InterCultura aisbl","url":"https:\/\/www.prointercultura.org\/en-gb\/","logo":{"@type":"ImageObject","inLanguage":"en-GB","@id":"https:\/\/www.prointercultura.org\/en-gb\/#\/schema\/logo\/image\/","url":"https:\/\/www.prointercultura.org\/wp-content\/uploads\/2023\/02\/cropped-cropped-LogoProiNTERCULTURA.png","contentUrl":"https:\/\/www.prointercultura.org\/wp-content\/uploads\/2023\/02\/cropped-cropped-LogoProiNTERCULTURA.png","width":239,"height":46,"caption":"Pro InterCultura aisbl"},"image":{"@id":"https:\/\/www.prointercultura.org\/en-gb\/#\/schema\/logo\/image\/"},"sameAs":["https:\/\/www.facebook.com\/prointercultura","https:\/\/www.linkedin.com\/company\/pro-intercultura\/"]}]}},"jetpack_sharing_enabled":true,"_links":{"self":[{"href":"https:\/\/www.prointercultura.org\/en-gb\/wp-json\/wp\/v2\/pages\/31926","targetHints":{"allow":["GET"]}}],"collection":[{"href":"https:\/\/www.prointercultura.org\/en-gb\/wp-json\/wp\/v2\/pages"}],"about":[{"href":"https:\/\/www.prointercultura.org\/en-gb\/wp-json\/wp\/v2\/types\/page"}],"author":[{"embeddable":true,"href":"https:\/\/www.prointercultura.org\/en-gb\/wp-json\/wp\/v2\/users\/1"}],"replies":[{"embeddable":true,"href":"https:\/\/www.prointercultura.org\/en-gb\/wp-json\/wp\/v2\/comments?post=31926"}],"version-history":[{"count":82,"href":"https:\/\/www.prointercultura.org\/en-gb\/wp-json\/wp\/v2\/pages\/31926\/revisions"}],"predecessor-version":[{"id":32787,"href":"https:\/\/www.prointercultura.org\/en-gb\/wp-json\/wp\/v2\/pages\/31926\/revisions\/32787"}],"wp:featuredmedia":[{"embeddable":true,"href":"https:\/\/www.prointercultura.org\/en-gb\/wp-json\/wp\/v2\/media\/30796"}],"wp:attachment":[{"href":"https:\/\/www.prointercultura.org\/en-gb\/wp-json\/wp\/v2\/media?parent=31926"}],"curies":[{"name":"wp","href":"https:\/\/api.w.org\/{rel}","templated":true}]}}