{"id":31874,"date":"2024-01-19T12:08:58","date_gmt":"2024-01-19T11:08:58","guid":{"rendered":"https:\/\/www.prointercultura.org\/?page_id=31874"},"modified":"2024-01-19T12:10:28","modified_gmt":"2024-01-19T11:10:28","slug":"isabel-mohedano","status":"publish","type":"page","link":"https:\/\/www.prointercultura.org\/en-gb\/isabel-mohedano\/","title":{"rendered":"Isabel Mohedano"},"content":{"rendered":"<div class=\"wp-block-media-text alignwide has-media-on-the-right is-stacked-on-mobile is-vertically-aligned-top\" style=\"grid-template-columns:auto 29%\"><div class=\"wp-block-media-text__content\">\n<p>Co-fondatrice de Pro InterCultura. Dipl\u00f4m\u00e9e d\u2019un\u00a0DESS en Management Interculturel (ICHEC Bruxelles), d\u2019une ma\u00eetrise en S.Politiques (Universit\u00e9 de Strasbourg) et d\u2019une Licence en Droit (Universidad Complutense, Madrid). Form\u00e9e \u00e0 l\u2019interculturel avec SIETAR, l\u2019OFAJ, le Conseil de l\u2019Europe et l\u2019Intercultural Communication Institute Portland (USA).<\/p>\n\n\n\n<p>De 1986 \u00e0 2001 elle a travaill\u00e9 dans des organisations de formation et de conseil \u00e0 l\u2019international &amp; \u00e0 l\u2019interculturel (EIEC, AILEC, Intercultura Europe) en Europe,\u00a0 A. Latine\u00a0 et en Afrique, autant pour le secteur public que pour le secteur priv\u00e9. De 2001 \u00e0 2013 elle a travaill\u00e9 dans les institutions europ\u00e9ennes et pour la multinationale Indra. <\/p>\n<\/div><figure class=\"wp-block-media-text__media\"><img fetchpriority=\"high\" decoding=\"async\" width=\"787\" height=\"787\" src=\"http:\/\/www.prointercultura.org\/wp-content\/uploads\/2024\/01\/profilpicIsa\u00b7-2-jpeg.webp\" alt=\"\" class=\"wp-image-31880 size-full\" srcset=\"https:\/\/www.prointercultura.org\/wp-content\/uploads\/2024\/01\/profilpicIsa\u00b7-2-jpeg.webp 787w, https:\/\/www.prointercultura.org\/wp-content\/uploads\/2024\/01\/profilpicIsa\u00b7-2-jpeg-160x160.webp 160w, https:\/\/www.prointercultura.org\/wp-content\/uploads\/2024\/01\/profilpicIsa\u00b7-2-jpeg-600x600.webp 600w, https:\/\/www.prointercultura.org\/wp-content\/uploads\/2024\/01\/profilpicIsa\u00b7-2-300x300.webp 300w, https:\/\/www.prointercultura.org\/wp-content\/uploads\/2024\/01\/profilpicIsa\u00b7-2-150x150.webp 150w, https:\/\/www.prointercultura.org\/wp-content\/uploads\/2024\/01\/profilpicIsa\u00b7-2-768x768.webp 768w, https:\/\/www.prointercultura.org\/wp-content\/uploads\/2024\/01\/profilpicIsa\u00b7-2-12x12.webp 12w\" sizes=\"(max-width: 787px) 100vw, 787px\" \/><\/figure><\/div>\n\n\n\n<div class=\"wp-block-group alignwide\"><div class=\"wp-block-group__inner-container is-layout-constrained wp-block-group-is-layout-constrained\">\n<div style=\"height:21px\" aria-hidden=\"true\" class=\"wp-block-spacer\"><\/div>\n\n\n\n<div class=\"wp-block-group\"><div class=\"wp-block-group__inner-container is-layout-constrained wp-block-group-is-layout-constrained\">\n<p>En 2013 elle co-fonde Pro InterCultura. <\/p>\n\n\n\n<p>Parmi&nbsp;<strong>ses r\u00e9f\u00e9rences<\/strong>&nbsp;: Arte TV, Corps europ\u00e9en, Conseil de l\u2019Europe, la Commission europ\u00e9enne, Unesco, des institutions publiques nationales de diff\u00e9rents pays, des \u00e9coles, des universit\u00e9s et \u00e9coles de commerce, (ISEG, ICHEC, ORT) des associations (European Foundation for Human Rights, SINGA, Smart.be, etc.)&nbsp;et des entreprises ( EADS, Kodak, Thomson, Total, Toyota, Randstad) parmi d\u2019autres.<\/p>\n<\/div><\/div>\n\n\n\n<div style=\"height:51px\" aria-hidden=\"true\" class=\"wp-block-spacer\"><\/div>\n<\/div><\/div>","protected":false},"excerpt":{"rendered":"<p>Co-fondatrice de Pro InterCultura. Dipl\u00f4m\u00e9e d\u2019un\u00a0DESS en Management Interculturel (ICHEC Bruxelles), d\u2019une ma\u00eetrise en S.Politiques (Universit\u00e9 de Strasbourg) et d\u2019une Licence en Droit (Universidad Complutense, Madrid). Form\u00e9e \u00e0 l\u2019interculturel avec SIETAR, l\u2019OFAJ, le Conseil de l\u2019Europe et l\u2019Intercultural Communication Institute Portland (USA). De 1986 \u00e0 2001 elle a travaill\u00e9 dans [&hellip;]<\/p>","protected":false},"author":1,"featured_media":0,"parent":0,"menu_order":0,"comment_status":"closed","ping_status":"closed","template":"","meta":{"ub_ctt_via":"","_themeisle_gutenberg_block_has_review":false,"footnotes":""},"class_list":["post-31874","page","type-page","status-publish","hentry"],"featured_image_src":null,"yoast_head":"<!-- This site is optimized with the Yoast SEO plugin v24.6 - https:\/\/yoast.com\/wordpress\/plugins\/seo\/ -->\n<title>Isabel Mohedano - Pro InterCultura<\/title>\n<meta name=\"robots\" content=\"index, follow, max-snippet:-1, max-image-preview:large, max-video-preview:-1\" \/>\n<link rel=\"canonical\" href=\"https:\/\/www.prointercultura.org\/en-gb\/isabel-mohedano\/\" \/>\n<meta property=\"og:locale\" content=\"en_GB\" \/>\n<meta property=\"og:type\" content=\"article\" \/>\n<meta property=\"og:title\" content=\"Isabel Mohedano - Pro InterCultura\" \/>\n<meta property=\"og:description\" content=\"Co-fondatrice de Pro InterCultura. Dipl\u00f4m\u00e9e d\u2019un\u00a0DESS en Management Interculturel (ICHEC Bruxelles), d\u2019une ma\u00eetrise en S.Politiques (Universit\u00e9 de Strasbourg) et d\u2019une Licence en Droit (Universidad Complutense, Madrid). Form\u00e9e \u00e0 l\u2019interculturel avec SIETAR, l\u2019OFAJ, le Conseil de l\u2019Europe et l\u2019Intercultural Communication Institute Portland (USA). De 1986 \u00e0 2001 elle a travaill\u00e9 dans [&hellip;]\" \/>\n<meta property=\"og:url\" content=\"https:\/\/www.prointercultura.org\/en-gb\/isabel-mohedano\/\" \/>\n<meta property=\"og:site_name\" content=\"Pro InterCultura\" \/>\n<meta property=\"article:publisher\" content=\"https:\/\/www.facebook.com\/prointercultura\" \/>\n<meta property=\"article:modified_time\" content=\"2024-01-19T11:10:28+00:00\" \/>\n<meta name=\"twitter:card\" content=\"summary_large_image\" \/>\n<meta name=\"twitter:label1\" content=\"Estimated reading time\" \/>\n\t<meta name=\"twitter:data1\" content=\"2 minutes\" \/>\n<script type=\"application\/ld+json\" class=\"yoast-schema-graph\">{\"@context\":\"https:\/\/schema.org\",\"@graph\":[{\"@type\":\"WebPage\",\"@id\":\"https:\/\/www.prointercultura.org\/en-gb\/isabel-mohedano\/\",\"url\":\"https:\/\/www.prointercultura.org\/en-gb\/isabel-mohedano\/\",\"name\":\"Isabel Mohedano - Pro InterCultura\",\"isPartOf\":{\"@id\":\"https:\/\/www.prointercultura.org\/en-gb\/#website\"},\"datePublished\":\"2024-01-19T11:08:58+00:00\",\"dateModified\":\"2024-01-19T11:10:28+00:00\",\"breadcrumb\":{\"@id\":\"https:\/\/www.prointercultura.org\/en-gb\/isabel-mohedano\/#breadcrumb\"},\"inLanguage\":\"en-GB\",\"potentialAction\":[{\"@type\":\"ReadAction\",\"target\":[\"https:\/\/www.prointercultura.org\/en-gb\/isabel-mohedano\/\"]}]},{\"@type\":\"BreadcrumbList\",\"@id\":\"https:\/\/www.prointercultura.org\/en-gb\/isabel-mohedano\/#breadcrumb\",\"itemListElement\":[{\"@type\":\"ListItem\",\"position\":1,\"name\":\"Accueil\",\"item\":\"https:\/\/www.prointercultura.org\/\"},{\"@type\":\"ListItem\",\"position\":2,\"name\":\"Isabel Mohedano\"}]},{\"@type\":\"WebSite\",\"@id\":\"https:\/\/www.prointercultura.org\/en-gb\/#website\",\"url\":\"https:\/\/www.prointercultura.org\/en-gb\/\",\"name\":\"Prointercultura.org\",\"description\":\"Make the best of cultural diversity. \",\"publisher\":{\"@id\":\"https:\/\/www.prointercultura.org\/en-gb\/#organization\"},\"potentialAction\":[{\"@type\":\"SearchAction\",\"target\":{\"@type\":\"EntryPoint\",\"urlTemplate\":\"https:\/\/www.prointercultura.org\/en-gb\/?s={search_term_string}\"},\"query-input\":{\"@type\":\"PropertyValueSpecification\",\"valueRequired\":true,\"valueName\":\"search_term_string\"}}],\"inLanguage\":\"en-GB\"},{\"@type\":\"Organization\",\"@id\":\"https:\/\/www.prointercultura.org\/en-gb\/#organization\",\"name\":\"Pro InterCultura aisbl\",\"url\":\"https:\/\/www.prointercultura.org\/en-gb\/\",\"logo\":{\"@type\":\"ImageObject\",\"inLanguage\":\"en-GB\",\"@id\":\"https:\/\/www.prointercultura.org\/en-gb\/#\/schema\/logo\/image\/\",\"url\":\"https:\/\/www.prointercultura.org\/wp-content\/uploads\/2023\/02\/cropped-cropped-LogoProiNTERCULTURA.png\",\"contentUrl\":\"https:\/\/www.prointercultura.org\/wp-content\/uploads\/2023\/02\/cropped-cropped-LogoProiNTERCULTURA.png\",\"width\":239,\"height\":46,\"caption\":\"Pro InterCultura aisbl\"},\"image\":{\"@id\":\"https:\/\/www.prointercultura.org\/en-gb\/#\/schema\/logo\/image\/\"},\"sameAs\":[\"https:\/\/www.facebook.com\/prointercultura\",\"https:\/\/www.linkedin.com\/company\/pro-intercultura\/\"]}]}<\/script>\n<!-- \/ Yoast SEO plugin. -->","yoast_head_json":{"title":"Isabel Mohedano - Pro InterCultura","robots":{"index":"index","follow":"follow","max-snippet":"max-snippet:-1","max-image-preview":"max-image-preview:large","max-video-preview":"max-video-preview:-1"},"canonical":"https:\/\/www.prointercultura.org\/en-gb\/isabel-mohedano\/","og_locale":"en_GB","og_type":"article","og_title":"Isabel Mohedano - Pro InterCultura","og_description":"Co-fondatrice de Pro InterCultura. Dipl\u00f4m\u00e9e d\u2019un\u00a0DESS en Management Interculturel (ICHEC Bruxelles), d\u2019une ma\u00eetrise en S.Politiques (Universit\u00e9 de Strasbourg) et d\u2019une Licence en Droit (Universidad Complutense, Madrid). Form\u00e9e \u00e0 l\u2019interculturel avec SIETAR, l\u2019OFAJ, le Conseil de l\u2019Europe et l\u2019Intercultural Communication Institute Portland (USA). De 1986 \u00e0 2001 elle a travaill\u00e9 dans [&hellip;]","og_url":"https:\/\/www.prointercultura.org\/en-gb\/isabel-mohedano\/","og_site_name":"Pro InterCultura","article_publisher":"https:\/\/www.facebook.com\/prointercultura","article_modified_time":"2024-01-19T11:10:28+00:00","twitter_card":"summary_large_image","twitter_misc":{"Estimated reading time":"2 minutes"},"schema":{"@context":"https:\/\/schema.org","@graph":[{"@type":"WebPage","@id":"https:\/\/www.prointercultura.org\/en-gb\/isabel-mohedano\/","url":"https:\/\/www.prointercultura.org\/en-gb\/isabel-mohedano\/","name":"Isabel Mohedano - Pro InterCultura","isPartOf":{"@id":"https:\/\/www.prointercultura.org\/en-gb\/#website"},"datePublished":"2024-01-19T11:08:58+00:00","dateModified":"2024-01-19T11:10:28+00:00","breadcrumb":{"@id":"https:\/\/www.prointercultura.org\/en-gb\/isabel-mohedano\/#breadcrumb"},"inLanguage":"en-GB","potentialAction":[{"@type":"ReadAction","target":["https:\/\/www.prointercultura.org\/en-gb\/isabel-mohedano\/"]}]},{"@type":"BreadcrumbList","@id":"https:\/\/www.prointercultura.org\/en-gb\/isabel-mohedano\/#breadcrumb","itemListElement":[{"@type":"ListItem","position":1,"name":"Accueil","item":"https:\/\/www.prointercultura.org\/"},{"@type":"ListItem","position":2,"name":"Isabel Mohedano"}]},{"@type":"WebSite","@id":"https:\/\/www.prointercultura.org\/en-gb\/#website","url":"https:\/\/www.prointercultura.org\/en-gb\/","name":"Prointercultura.org","description":"Make the best of cultural diversity. ","publisher":{"@id":"https:\/\/www.prointercultura.org\/en-gb\/#organization"},"potentialAction":[{"@type":"SearchAction","target":{"@type":"EntryPoint","urlTemplate":"https:\/\/www.prointercultura.org\/en-gb\/?s={search_term_string}"},"query-input":{"@type":"PropertyValueSpecification","valueRequired":true,"valueName":"search_term_string"}}],"inLanguage":"en-GB"},{"@type":"Organization","@id":"https:\/\/www.prointercultura.org\/en-gb\/#organization","name":"Pro InterCultura aisbl","url":"https:\/\/www.prointercultura.org\/en-gb\/","logo":{"@type":"ImageObject","inLanguage":"en-GB","@id":"https:\/\/www.prointercultura.org\/en-gb\/#\/schema\/logo\/image\/","url":"https:\/\/www.prointercultura.org\/wp-content\/uploads\/2023\/02\/cropped-cropped-LogoProiNTERCULTURA.png","contentUrl":"https:\/\/www.prointercultura.org\/wp-content\/uploads\/2023\/02\/cropped-cropped-LogoProiNTERCULTURA.png","width":239,"height":46,"caption":"Pro InterCultura aisbl"},"image":{"@id":"https:\/\/www.prointercultura.org\/en-gb\/#\/schema\/logo\/image\/"},"sameAs":["https:\/\/www.facebook.com\/prointercultura","https:\/\/www.linkedin.com\/company\/pro-intercultura\/"]}]}},"jetpack_sharing_enabled":true,"_links":{"self":[{"href":"https:\/\/www.prointercultura.org\/en-gb\/wp-json\/wp\/v2\/pages\/31874","targetHints":{"allow":["GET"]}}],"collection":[{"href":"https:\/\/www.prointercultura.org\/en-gb\/wp-json\/wp\/v2\/pages"}],"about":[{"href":"https:\/\/www.prointercultura.org\/en-gb\/wp-json\/wp\/v2\/types\/page"}],"author":[{"embeddable":true,"href":"https:\/\/www.prointercultura.org\/en-gb\/wp-json\/wp\/v2\/users\/1"}],"replies":[{"embeddable":true,"href":"https:\/\/www.prointercultura.org\/en-gb\/wp-json\/wp\/v2\/comments?post=31874"}],"version-history":[{"count":11,"href":"https:\/\/www.prointercultura.org\/en-gb\/wp-json\/wp\/v2\/pages\/31874\/revisions"}],"predecessor-version":[{"id":31888,"href":"https:\/\/www.prointercultura.org\/en-gb\/wp-json\/wp\/v2\/pages\/31874\/revisions\/31888"}],"wp:attachment":[{"href":"https:\/\/www.prointercultura.org\/en-gb\/wp-json\/wp\/v2\/media?parent=31874"}],"curies":[{"name":"wp","href":"https:\/\/api.w.org\/{rel}","templated":true}]}}