{"id":31783,"date":"2024-01-10T12:02:40","date_gmt":"2024-01-10T11:02:40","guid":{"rendered":"https:\/\/www.prointercultura.org\/?page_id=31783"},"modified":"2025-11-14T09:59:47","modified_gmt":"2025-11-14T08:59:47","slug":"evenements","status":"publish","type":"page","link":"https:\/\/www.prointercultura.org\/en-gb\/evenements\/","title":{"rendered":"\u00c9V\u00c8NEMENTS"},"content":{"rendered":"<div class=\"wp-block-group alignwide is-nowrap is-layout-flex wp-container-core-group-is-layout-6c531013 wp-block-group-is-layout-flex\">\n<div class=\"wp-block-group is-content-justification-center is-nowrap is-layout-flex wp-container-core-group-is-layout-23441af8 wp-block-group-is-layout-flex\">\n<p style=\"font-size:15px\"><strong>ES:<\/strong> En esta p\u00e1gina los eventos est\u00e1n presentados en el idioma en el que se llevar\u00e1n al cabo. Los <a href=\"https:\/\/www.prointercultura.org\/en-gb\/es\/servicios\/\"><strong>servicios a medida<\/strong><\/a>, en cambio, se realizan en el idioma de nuestros clientes. <\/p>\n\n\n\n<p style=\"font-size:15px\"><strong>EN:<\/strong> Our events are presented in the language in which they take place. <a href=\"https:\/\/www.prointercultura.org\/en-gb\/en\/home\/services-en\/\"><strong>Tailor-made services<\/strong><\/a> are carried out in the language of our partners.<\/p>\n<\/div>\n<\/div>\n\n\n\n<hr class=\"wp-block-separator has-alpha-channel-opacity\"\/>\n\n\n\n<div class=\"wp-block-group\"><div class=\"wp-block-group__inner-container is-layout-constrained wp-block-group-is-layout-constrained\">\n<ul class=\"wp-block-list has-black-color has-text-color has-link-color has-medium-font-size wp-elements-8878fd9512a8d062b9b0c5a9232ff4a4\">\n<li><a href=\"https:\/\/www.prointercultura.org\/en-gb\/atelier-entre-cultures-fondements-pratiques-developpement\/\"><strong>Formation<\/strong> : InterCulturel : fondements &amp; d\u00e9veloppement<\/a><\/li>\n\n\n\n<li><a href=\"https:\/\/www.prointercultura.org\/en-gb\/intervisions\/\"><strong>InterVisionS <\/strong><\/a><\/li>\n\n\n\n<li><a href=\"https:\/\/www.prointercultura.org\/en-gb\/chemin-de-saint-jacques\/\">Chemin de <strong>Compostelle<\/strong> en mai 2026<\/a><\/li>\n\n\n\n<li><a href=\"https:\/\/www.prointercultura.org\/en-gb\/chez-moi-cest-ou\/\">Pour les <\/a><strong><a href=\"https:\/\/www.prointercultura.org\/en-gb\/chez-moi-cest-ou\/\">multiculturels &#8211; multilocaux&nbsp;: <\/a><\/strong><a href=\"https:\/\/www.prointercultura.org\/en-gb\/chez-moi-cest-ou\/\">comment<\/a><strong><a href=\"https:\/\/www.prointercultura.org\/en-gb\/chez-moi-cest-ou\/\"> choisir son lieu de vie&nbsp;<\/a><\/strong><a href=\"https:\/\/www.prointercultura.org\/en-gb\/fr\/article-2\/\"><\/a><\/li>\n\n\n\n<li><strong><a href=\"https:\/\/www.prointercultura.org\/en-gb\/atelier-preparer-une-activite-de-formation_de-sensibilisation-interculturelle\/\">Formation de formateurs<\/a><\/strong>, <a href=\"https:\/\/www.prointercultura.org\/en-gb\/atelier-preparer-une-activite-de-formation_de-sensibilisation-interculturelle\/\">animation bilingue fran\u00e7ais &amp; anglais<\/a>.<\/li>\n\n\n\n<li><strong><a href=\"https:\/\/www.prointercultura.org\/en-gb\/atelier-deambulatoire-a-travers-bruxelles\/\">Atelier d\u00e9ambulatoire :  \u00ab\u00a0Bruxelles, diverse et europ\u00e9enne\u00a0\u00bb<\/a><\/strong><\/li>\n\n\n\n<li><a href=\"https:\/\/www.prointercultura.org\/en-gb\/le-dialogue-conscient-dans-linterculturel-la-pratique-du-dialogue-conscient-au-coeur-du-dialogue-entre-cultures\/\">Dialogue <\/a><strong><a href=\"https:\/\/www.prointercultura.org\/en-gb\/le-dialogue-conscient-dans-linterculturel-la-pratique-du-dialogue-conscient-au-coeur-du-dialogue-entre-cultures\/\">entre Cultures, Dialogue Conscient (mindful)<\/a><\/strong><\/li>\n\n\n\n<li><a href=\"https:\/\/www.prointercultura.org\/en-gb\/article-1\/\"><strong>L&rsquo;Union Europ\u00e9enne, <\/strong>une construction interculturelle ?<\/a><\/li>\n<\/ul>\n<\/div><\/div>\n\n\n\n<div style=\"height:100px\" aria-hidden=\"true\" class=\"wp-block-spacer\"><\/div>","protected":false},"excerpt":{"rendered":"<p>ES: En esta p\u00e1gina los eventos est\u00e1n presentados en el idioma en el que se llevar\u00e1n al cabo. Los servicios a medida, en cambio, se realizan en el idioma de nuestros clientes. EN: Our events are presented in the language in which they take place. Tailor-made services are carried out [&hellip;]<\/p>","protected":false},"author":1,"featured_media":31725,"parent":0,"menu_order":0,"comment_status":"closed","ping_status":"closed","template":"","meta":{"ub_ctt_via":"","_themeisle_gutenberg_block_has_review":false,"footnotes":""},"class_list":["post-31783","page","type-page","status-publish","has-post-thumbnail","hentry"],"featured_image_src":"https:\/\/www.prointercultura.org\/wp-content\/uploads\/2024\/01\/Reunion-modified.png","yoast_head":"<!-- This site is optimized with the Yoast SEO plugin v24.6 - https:\/\/yoast.com\/wordpress\/plugins\/seo\/ -->\n<title>\u00c9V\u00c8NEMENTS - Pro InterCultura<\/title>\n<meta name=\"description\" content=\"Formation interculturelle, Ateliers de sensibilisation, Voyages, r\u00e9flexion choix du pays, activit\u00e9s interculturelles, mindfulness\" \/>\n<meta name=\"robots\" content=\"index, follow, max-snippet:-1, max-image-preview:large, max-video-preview:-1\" \/>\n<link rel=\"canonical\" href=\"https:\/\/www.prointercultura.org\/en-gb\/evenements\/\" \/>\n<meta property=\"og:locale\" content=\"en_GB\" \/>\n<meta property=\"og:type\" content=\"article\" \/>\n<meta property=\"og:title\" content=\"\u00c9V\u00c8NEMENTS - Pro InterCultura\" \/>\n<meta property=\"og:description\" content=\"Formation interculturelle, Ateliers de sensibilisation, Voyages, r\u00e9flexion choix du pays, activit\u00e9s interculturelles, mindfulness\" \/>\n<meta property=\"og:url\" content=\"https:\/\/www.prointercultura.org\/en-gb\/evenements\/\" \/>\n<meta property=\"og:site_name\" content=\"Pro InterCultura\" \/>\n<meta property=\"article:publisher\" content=\"https:\/\/www.facebook.com\/prointercultura\" \/>\n<meta property=\"article:modified_time\" content=\"2025-11-14T08:59:47+00:00\" \/>\n<meta property=\"og:image\" content=\"https:\/\/www.prointercultura.org\/wp-content\/uploads\/2024\/01\/Reunion-modified.png\" \/>\n\t<meta property=\"og:image:width\" content=\"397\" \/>\n\t<meta property=\"og:image:height\" content=\"399\" \/>\n\t<meta property=\"og:image:type\" content=\"image\/png\" \/>\n<meta name=\"twitter:card\" content=\"summary_large_image\" \/>\n<meta name=\"twitter:label1\" content=\"Estimated reading time\" \/>\n\t<meta name=\"twitter:data1\" content=\"1 minute\" \/>\n<script type=\"application\/ld+json\" class=\"yoast-schema-graph\">{\"@context\":\"https:\/\/schema.org\",\"@graph\":[{\"@type\":\"WebPage\",\"@id\":\"https:\/\/www.prointercultura.org\/en-gb\/evenements\/\",\"url\":\"https:\/\/www.prointercultura.org\/en-gb\/evenements\/\",\"name\":\"\u00c9V\u00c8NEMENTS - Pro InterCultura\",\"isPartOf\":{\"@id\":\"https:\/\/www.prointercultura.org\/en-gb\/#website\"},\"primaryImageOfPage\":{\"@id\":\"https:\/\/www.prointercultura.org\/en-gb\/evenements\/#primaryimage\"},\"image\":{\"@id\":\"https:\/\/www.prointercultura.org\/en-gb\/evenements\/#primaryimage\"},\"thumbnailUrl\":\"https:\/\/www.prointercultura.org\/wp-content\/uploads\/2024\/01\/Reunion-modified.png\",\"datePublished\":\"2024-01-10T11:02:40+00:00\",\"dateModified\":\"2025-11-14T08:59:47+00:00\",\"description\":\"Formation interculturelle, Ateliers de sensibilisation, Voyages, r\u00e9flexion choix du pays, activit\u00e9s interculturelles, mindfulness\",\"breadcrumb\":{\"@id\":\"https:\/\/www.prointercultura.org\/en-gb\/evenements\/#breadcrumb\"},\"inLanguage\":\"en-GB\",\"potentialAction\":[{\"@type\":\"ReadAction\",\"target\":[\"https:\/\/www.prointercultura.org\/en-gb\/evenements\/\"]}]},{\"@type\":\"ImageObject\",\"inLanguage\":\"en-GB\",\"@id\":\"https:\/\/www.prointercultura.org\/en-gb\/evenements\/#primaryimage\",\"url\":\"https:\/\/www.prointercultura.org\/wp-content\/uploads\/2024\/01\/Reunion-modified.png\",\"contentUrl\":\"https:\/\/www.prointercultura.org\/wp-content\/uploads\/2024\/01\/Reunion-modified.png\",\"width\":397,\"height\":399},{\"@type\":\"BreadcrumbList\",\"@id\":\"https:\/\/www.prointercultura.org\/en-gb\/evenements\/#breadcrumb\",\"itemListElement\":[{\"@type\":\"ListItem\",\"position\":1,\"name\":\"Accueil\",\"item\":\"https:\/\/www.prointercultura.org\/\"},{\"@type\":\"ListItem\",\"position\":2,\"name\":\"\u00c9V\u00c8NEMENTS\"}]},{\"@type\":\"WebSite\",\"@id\":\"https:\/\/www.prointercultura.org\/en-gb\/#website\",\"url\":\"https:\/\/www.prointercultura.org\/en-gb\/\",\"name\":\"Prointercultura.org\",\"description\":\"Make the best of cultural diversity. \",\"publisher\":{\"@id\":\"https:\/\/www.prointercultura.org\/en-gb\/#organization\"},\"potentialAction\":[{\"@type\":\"SearchAction\",\"target\":{\"@type\":\"EntryPoint\",\"urlTemplate\":\"https:\/\/www.prointercultura.org\/en-gb\/?s={search_term_string}\"},\"query-input\":{\"@type\":\"PropertyValueSpecification\",\"valueRequired\":true,\"valueName\":\"search_term_string\"}}],\"inLanguage\":\"en-GB\"},{\"@type\":\"Organization\",\"@id\":\"https:\/\/www.prointercultura.org\/en-gb\/#organization\",\"name\":\"Pro InterCultura aisbl\",\"url\":\"https:\/\/www.prointercultura.org\/en-gb\/\",\"logo\":{\"@type\":\"ImageObject\",\"inLanguage\":\"en-GB\",\"@id\":\"https:\/\/www.prointercultura.org\/en-gb\/#\/schema\/logo\/image\/\",\"url\":\"https:\/\/www.prointercultura.org\/wp-content\/uploads\/2023\/02\/cropped-cropped-LogoProiNTERCULTURA.png\",\"contentUrl\":\"https:\/\/www.prointercultura.org\/wp-content\/uploads\/2023\/02\/cropped-cropped-LogoProiNTERCULTURA.png\",\"width\":239,\"height\":46,\"caption\":\"Pro InterCultura aisbl\"},\"image\":{\"@id\":\"https:\/\/www.prointercultura.org\/en-gb\/#\/schema\/logo\/image\/\"},\"sameAs\":[\"https:\/\/www.facebook.com\/prointercultura\",\"https:\/\/www.linkedin.com\/company\/pro-intercultura\/\"]}]}<\/script>\n<!-- \/ Yoast SEO plugin. -->","yoast_head_json":{"title":"\u00c9V\u00c8NEMENTS - Pro InterCultura","description":"Formation interculturelle, Ateliers de sensibilisation, Voyages, r\u00e9flexion choix du pays, activit\u00e9s interculturelles, mindfulness","robots":{"index":"index","follow":"follow","max-snippet":"max-snippet:-1","max-image-preview":"max-image-preview:large","max-video-preview":"max-video-preview:-1"},"canonical":"https:\/\/www.prointercultura.org\/en-gb\/evenements\/","og_locale":"en_GB","og_type":"article","og_title":"\u00c9V\u00c8NEMENTS - Pro InterCultura","og_description":"Formation interculturelle, Ateliers de sensibilisation, Voyages, r\u00e9flexion choix du pays, activit\u00e9s interculturelles, mindfulness","og_url":"https:\/\/www.prointercultura.org\/en-gb\/evenements\/","og_site_name":"Pro InterCultura","article_publisher":"https:\/\/www.facebook.com\/prointercultura","article_modified_time":"2025-11-14T08:59:47+00:00","og_image":[{"width":397,"height":399,"url":"https:\/\/www.prointercultura.org\/wp-content\/uploads\/2024\/01\/Reunion-modified.png","type":"image\/png"}],"twitter_card":"summary_large_image","twitter_misc":{"Estimated reading time":"1 minute"},"schema":{"@context":"https:\/\/schema.org","@graph":[{"@type":"WebPage","@id":"https:\/\/www.prointercultura.org\/en-gb\/evenements\/","url":"https:\/\/www.prointercultura.org\/en-gb\/evenements\/","name":"\u00c9V\u00c8NEMENTS - Pro InterCultura","isPartOf":{"@id":"https:\/\/www.prointercultura.org\/en-gb\/#website"},"primaryImageOfPage":{"@id":"https:\/\/www.prointercultura.org\/en-gb\/evenements\/#primaryimage"},"image":{"@id":"https:\/\/www.prointercultura.org\/en-gb\/evenements\/#primaryimage"},"thumbnailUrl":"https:\/\/www.prointercultura.org\/wp-content\/uploads\/2024\/01\/Reunion-modified.png","datePublished":"2024-01-10T11:02:40+00:00","dateModified":"2025-11-14T08:59:47+00:00","description":"Formation interculturelle, Ateliers de sensibilisation, Voyages, r\u00e9flexion choix du pays, activit\u00e9s interculturelles, mindfulness","breadcrumb":{"@id":"https:\/\/www.prointercultura.org\/en-gb\/evenements\/#breadcrumb"},"inLanguage":"en-GB","potentialAction":[{"@type":"ReadAction","target":["https:\/\/www.prointercultura.org\/en-gb\/evenements\/"]}]},{"@type":"ImageObject","inLanguage":"en-GB","@id":"https:\/\/www.prointercultura.org\/en-gb\/evenements\/#primaryimage","url":"https:\/\/www.prointercultura.org\/wp-content\/uploads\/2024\/01\/Reunion-modified.png","contentUrl":"https:\/\/www.prointercultura.org\/wp-content\/uploads\/2024\/01\/Reunion-modified.png","width":397,"height":399},{"@type":"BreadcrumbList","@id":"https:\/\/www.prointercultura.org\/en-gb\/evenements\/#breadcrumb","itemListElement":[{"@type":"ListItem","position":1,"name":"Accueil","item":"https:\/\/www.prointercultura.org\/"},{"@type":"ListItem","position":2,"name":"\u00c9V\u00c8NEMENTS"}]},{"@type":"WebSite","@id":"https:\/\/www.prointercultura.org\/en-gb\/#website","url":"https:\/\/www.prointercultura.org\/en-gb\/","name":"Prointercultura.org","description":"Make the best of cultural diversity. ","publisher":{"@id":"https:\/\/www.prointercultura.org\/en-gb\/#organization"},"potentialAction":[{"@type":"SearchAction","target":{"@type":"EntryPoint","urlTemplate":"https:\/\/www.prointercultura.org\/en-gb\/?s={search_term_string}"},"query-input":{"@type":"PropertyValueSpecification","valueRequired":true,"valueName":"search_term_string"}}],"inLanguage":"en-GB"},{"@type":"Organization","@id":"https:\/\/www.prointercultura.org\/en-gb\/#organization","name":"Pro InterCultura aisbl","url":"https:\/\/www.prointercultura.org\/en-gb\/","logo":{"@type":"ImageObject","inLanguage":"en-GB","@id":"https:\/\/www.prointercultura.org\/en-gb\/#\/schema\/logo\/image\/","url":"https:\/\/www.prointercultura.org\/wp-content\/uploads\/2023\/02\/cropped-cropped-LogoProiNTERCULTURA.png","contentUrl":"https:\/\/www.prointercultura.org\/wp-content\/uploads\/2023\/02\/cropped-cropped-LogoProiNTERCULTURA.png","width":239,"height":46,"caption":"Pro InterCultura aisbl"},"image":{"@id":"https:\/\/www.prointercultura.org\/en-gb\/#\/schema\/logo\/image\/"},"sameAs":["https:\/\/www.facebook.com\/prointercultura","https:\/\/www.linkedin.com\/company\/pro-intercultura\/"]}]}},"jetpack_sharing_enabled":true,"_links":{"self":[{"href":"https:\/\/www.prointercultura.org\/en-gb\/wp-json\/wp\/v2\/pages\/31783","targetHints":{"allow":["GET"]}}],"collection":[{"href":"https:\/\/www.prointercultura.org\/en-gb\/wp-json\/wp\/v2\/pages"}],"about":[{"href":"https:\/\/www.prointercultura.org\/en-gb\/wp-json\/wp\/v2\/types\/page"}],"author":[{"embeddable":true,"href":"https:\/\/www.prointercultura.org\/en-gb\/wp-json\/wp\/v2\/users\/1"}],"replies":[{"embeddable":true,"href":"https:\/\/www.prointercultura.org\/en-gb\/wp-json\/wp\/v2\/comments?post=31783"}],"version-history":[{"count":66,"href":"https:\/\/www.prointercultura.org\/en-gb\/wp-json\/wp\/v2\/pages\/31783\/revisions"}],"predecessor-version":[{"id":32925,"href":"https:\/\/www.prointercultura.org\/en-gb\/wp-json\/wp\/v2\/pages\/31783\/revisions\/32925"}],"wp:featuredmedia":[{"embeddable":true,"href":"https:\/\/www.prointercultura.org\/en-gb\/wp-json\/wp\/v2\/media\/31725"}],"wp:attachment":[{"href":"https:\/\/www.prointercultura.org\/en-gb\/wp-json\/wp\/v2\/media?parent=31783"}],"curies":[{"name":"wp","href":"https:\/\/api.w.org\/{rel}","templated":true}]}}