{"id":31438,"date":"2023-10-12T13:33:09","date_gmt":"2023-10-12T11:33:09","guid":{"rendered":"https:\/\/www.prointercultura.org\/?page_id=31438"},"modified":"2023-10-12T14:05:49","modified_gmt":"2023-10-12T12:05:49","slug":"conditions-dannulation-et-politique-de-remboursement","status":"publish","type":"page","link":"https:\/\/www.prointercultura.org\/en-gb\/conditions-dannulation-et-politique-de-remboursement\/","title":{"rendered":"Conditions d&rsquo;annulation et politique de remboursement"},"content":{"rendered":"<p>A tout moment, Pro InterCultura se r\u00e9serve le droit d\u2019annuler ou de reporter une activit\u00e9.&nbsp;<br>S\u2019il ne s\u2019agit pas d\u2019un cas de force majeure, les participants en ordre d\u2019inscription seront soit<br>rembours\u00e9s, soit inscrits, avec leur accord, \u00e0 une autre activit\u00e9.<\/p>\n\n\n\n<p>L\u2019annulation d\u2019une inscription modifie la composition du groupe, ce qui peut entra\u00eener des<br>cons\u00e9quences n\u00e9gatives sur le d\u00e9roulement d\u2019une activit\u00e9, voire nous conduire \u00e0 la&nbsp;supprimer.&nbsp;<br>A compter de votre r\u00e8glement d\u2019inscription vous disposez d\u2019un d\u00e9lai l\u00e9gal de r\u00e9tractation de<br>14 jours calendrier. <\/p>\n\n\n\n<p>En cas d\u2019inscription dans les 14 jours pr\u00e9c\u00e9dant le 1er jour du stage, le<br>droit de r\u00e9tractation ne pourra s\u2019exercer et aucun remboursement des sommes vers\u00e9es ne<br>pourra avoir lieu.&nbsp;Pass\u00e9 ce d\u00e9lai, une annulation engendrera une retenue sur les frais vers\u00e9s,<br>selon les modalit\u00e9s qui suivent ;<\/p>\n\n\n\n<ul class=\"wp-block-list\">\n<li>Pour une annulation qui interviendrait entre deux mois et 30 jours avant l\u2019\u00e9v\u00e9nement,<br>compte tenu des engagements pris avec les prestataires, la somme vers\u00e9e sera rembours\u00e9e \u00e0<br>l\u2019exception des frais d\u2019inscription, dont le montant s\u2019\u00e9l\u00e8ve \u00e0 50% du tarif.&nbsp;<\/li>\n\n\n\n<li>Pour une annulation qui interviendrait moins de 30 jours avant l\u2019\u00e9v\u00e8nement, aucun<br>remboursement ne sera envisageable.&nbsp;<br>Par ailleurs, tout stage, formation ou atelier commenc\u00e9 est d\u00fb en entier.<\/li>\n<\/ul>\n\n\n\n<p>Dans un cas de force majeure, les activit\u00e9s seront autant que possibles maintenues mais adapt\u00e9es aux circonstances (vid\u00e9oconf\u00e9rences, webinaires,\u2026).<br>Nous mettrons tout en oeuvre pour vous assurer la meilleure&nbsp;exp\u00e9rience possible. Une<br>solution&nbsp;\u00e0 l\u2019amiable sera&nbsp;toujours recherch\u00e9e en cas de difficult\u00e9 (remplacement par un autre animateur, report \u00e0 une autre date,\u2026).<\/p>\n\n\n\n<div style=\"height:87px\" aria-hidden=\"true\" class=\"wp-block-spacer\"><\/div>","protected":false},"excerpt":{"rendered":"<p>A tout moment, Pro InterCultura se r\u00e9serve le droit d\u2019annuler ou de reporter une activit\u00e9.&nbsp;S\u2019il ne s\u2019agit pas d\u2019un cas de force majeure, les participants en ordre d\u2019inscription seront soitrembours\u00e9s, soit inscrits, avec leur accord, \u00e0 une autre activit\u00e9. L\u2019annulation d\u2019une inscription modifie la composition du groupe, ce qui peut [&hellip;]<\/p>","protected":false},"author":1,"featured_media":0,"parent":0,"menu_order":0,"comment_status":"closed","ping_status":"closed","template":"","meta":{"ub_ctt_via":"","_themeisle_gutenberg_block_has_review":false,"footnotes":""},"class_list":["post-31438","page","type-page","status-publish","hentry"],"featured_image_src":null,"yoast_head":"<!-- This site is optimized with the Yoast SEO plugin v24.6 - https:\/\/yoast.com\/wordpress\/plugins\/seo\/ -->\n<title>Conditions d&#039;annulation et politique de remboursement - Pro InterCultura<\/title>\n<meta name=\"robots\" content=\"index, follow, max-snippet:-1, max-image-preview:large, max-video-preview:-1\" \/>\n<link rel=\"canonical\" href=\"https:\/\/www.prointercultura.org\/en-gb\/conditions-dannulation-et-politique-de-remboursement\/\" \/>\n<meta property=\"og:locale\" content=\"en_GB\" \/>\n<meta property=\"og:type\" content=\"article\" \/>\n<meta property=\"og:title\" content=\"Conditions d&#039;annulation et politique de remboursement - Pro InterCultura\" \/>\n<meta property=\"og:description\" content=\"A tout moment, Pro InterCultura se r\u00e9serve le droit d\u2019annuler ou de reporter une activit\u00e9.&nbsp;S\u2019il ne s\u2019agit pas d\u2019un cas de force majeure, les participants en ordre d\u2019inscription seront soitrembours\u00e9s, soit inscrits, avec leur accord, \u00e0 une autre activit\u00e9. L\u2019annulation d\u2019une inscription modifie la composition du groupe, ce qui peut [&hellip;]\" \/>\n<meta property=\"og:url\" content=\"https:\/\/www.prointercultura.org\/en-gb\/conditions-dannulation-et-politique-de-remboursement\/\" \/>\n<meta property=\"og:site_name\" content=\"Pro InterCultura\" \/>\n<meta property=\"article:publisher\" content=\"https:\/\/www.facebook.com\/prointercultura\" \/>\n<meta property=\"article:modified_time\" content=\"2023-10-12T12:05:49+00:00\" \/>\n<meta name=\"twitter:card\" content=\"summary_large_image\" \/>\n<meta name=\"twitter:label1\" content=\"Estimated reading time\" \/>\n\t<meta name=\"twitter:data1\" content=\"2 minutes\" \/>\n<script type=\"application\/ld+json\" class=\"yoast-schema-graph\">{\"@context\":\"https:\/\/schema.org\",\"@graph\":[{\"@type\":\"WebPage\",\"@id\":\"https:\/\/www.prointercultura.org\/en-gb\/conditions-dannulation-et-politique-de-remboursement\/\",\"url\":\"https:\/\/www.prointercultura.org\/en-gb\/conditions-dannulation-et-politique-de-remboursement\/\",\"name\":\"Conditions d'annulation et politique de remboursement - Pro InterCultura\",\"isPartOf\":{\"@id\":\"https:\/\/www.prointercultura.org\/en-gb\/#website\"},\"datePublished\":\"2023-10-12T11:33:09+00:00\",\"dateModified\":\"2023-10-12T12:05:49+00:00\",\"breadcrumb\":{\"@id\":\"https:\/\/www.prointercultura.org\/en-gb\/conditions-dannulation-et-politique-de-remboursement\/#breadcrumb\"},\"inLanguage\":\"en-GB\",\"potentialAction\":[{\"@type\":\"ReadAction\",\"target\":[\"https:\/\/www.prointercultura.org\/en-gb\/conditions-dannulation-et-politique-de-remboursement\/\"]}]},{\"@type\":\"BreadcrumbList\",\"@id\":\"https:\/\/www.prointercultura.org\/en-gb\/conditions-dannulation-et-politique-de-remboursement\/#breadcrumb\",\"itemListElement\":[{\"@type\":\"ListItem\",\"position\":1,\"name\":\"Accueil\",\"item\":\"https:\/\/www.prointercultura.org\/\"},{\"@type\":\"ListItem\",\"position\":2,\"name\":\"Conditions d&rsquo;annulation et politique de remboursement\"}]},{\"@type\":\"WebSite\",\"@id\":\"https:\/\/www.prointercultura.org\/en-gb\/#website\",\"url\":\"https:\/\/www.prointercultura.org\/en-gb\/\",\"name\":\"Prointercultura.org\",\"description\":\"Make the best of cultural diversity. \",\"publisher\":{\"@id\":\"https:\/\/www.prointercultura.org\/en-gb\/#organization\"},\"potentialAction\":[{\"@type\":\"SearchAction\",\"target\":{\"@type\":\"EntryPoint\",\"urlTemplate\":\"https:\/\/www.prointercultura.org\/en-gb\/?s={search_term_string}\"},\"query-input\":{\"@type\":\"PropertyValueSpecification\",\"valueRequired\":true,\"valueName\":\"search_term_string\"}}],\"inLanguage\":\"en-GB\"},{\"@type\":\"Organization\",\"@id\":\"https:\/\/www.prointercultura.org\/en-gb\/#organization\",\"name\":\"Pro InterCultura aisbl\",\"url\":\"https:\/\/www.prointercultura.org\/en-gb\/\",\"logo\":{\"@type\":\"ImageObject\",\"inLanguage\":\"en-GB\",\"@id\":\"https:\/\/www.prointercultura.org\/en-gb\/#\/schema\/logo\/image\/\",\"url\":\"https:\/\/www.prointercultura.org\/wp-content\/uploads\/2023\/02\/cropped-cropped-LogoProiNTERCULTURA.png\",\"contentUrl\":\"https:\/\/www.prointercultura.org\/wp-content\/uploads\/2023\/02\/cropped-cropped-LogoProiNTERCULTURA.png\",\"width\":239,\"height\":46,\"caption\":\"Pro InterCultura aisbl\"},\"image\":{\"@id\":\"https:\/\/www.prointercultura.org\/en-gb\/#\/schema\/logo\/image\/\"},\"sameAs\":[\"https:\/\/www.facebook.com\/prointercultura\",\"https:\/\/www.linkedin.com\/company\/pro-intercultura\/\"]}]}<\/script>\n<!-- \/ Yoast SEO plugin. -->","yoast_head_json":{"title":"Conditions d'annulation et politique de remboursement - Pro InterCultura","robots":{"index":"index","follow":"follow","max-snippet":"max-snippet:-1","max-image-preview":"max-image-preview:large","max-video-preview":"max-video-preview:-1"},"canonical":"https:\/\/www.prointercultura.org\/en-gb\/conditions-dannulation-et-politique-de-remboursement\/","og_locale":"en_GB","og_type":"article","og_title":"Conditions d'annulation et politique de remboursement - Pro InterCultura","og_description":"A tout moment, Pro InterCultura se r\u00e9serve le droit d\u2019annuler ou de reporter une activit\u00e9.&nbsp;S\u2019il ne s\u2019agit pas d\u2019un cas de force majeure, les participants en ordre d\u2019inscription seront soitrembours\u00e9s, soit inscrits, avec leur accord, \u00e0 une autre activit\u00e9. L\u2019annulation d\u2019une inscription modifie la composition du groupe, ce qui peut [&hellip;]","og_url":"https:\/\/www.prointercultura.org\/en-gb\/conditions-dannulation-et-politique-de-remboursement\/","og_site_name":"Pro InterCultura","article_publisher":"https:\/\/www.facebook.com\/prointercultura","article_modified_time":"2023-10-12T12:05:49+00:00","twitter_card":"summary_large_image","twitter_misc":{"Estimated reading time":"2 minutes"},"schema":{"@context":"https:\/\/schema.org","@graph":[{"@type":"WebPage","@id":"https:\/\/www.prointercultura.org\/en-gb\/conditions-dannulation-et-politique-de-remboursement\/","url":"https:\/\/www.prointercultura.org\/en-gb\/conditions-dannulation-et-politique-de-remboursement\/","name":"Conditions d'annulation et politique de remboursement - Pro InterCultura","isPartOf":{"@id":"https:\/\/www.prointercultura.org\/en-gb\/#website"},"datePublished":"2023-10-12T11:33:09+00:00","dateModified":"2023-10-12T12:05:49+00:00","breadcrumb":{"@id":"https:\/\/www.prointercultura.org\/en-gb\/conditions-dannulation-et-politique-de-remboursement\/#breadcrumb"},"inLanguage":"en-GB","potentialAction":[{"@type":"ReadAction","target":["https:\/\/www.prointercultura.org\/en-gb\/conditions-dannulation-et-politique-de-remboursement\/"]}]},{"@type":"BreadcrumbList","@id":"https:\/\/www.prointercultura.org\/en-gb\/conditions-dannulation-et-politique-de-remboursement\/#breadcrumb","itemListElement":[{"@type":"ListItem","position":1,"name":"Accueil","item":"https:\/\/www.prointercultura.org\/"},{"@type":"ListItem","position":2,"name":"Conditions d&rsquo;annulation et politique de remboursement"}]},{"@type":"WebSite","@id":"https:\/\/www.prointercultura.org\/en-gb\/#website","url":"https:\/\/www.prointercultura.org\/en-gb\/","name":"Prointercultura.org","description":"Make the best of cultural diversity. ","publisher":{"@id":"https:\/\/www.prointercultura.org\/en-gb\/#organization"},"potentialAction":[{"@type":"SearchAction","target":{"@type":"EntryPoint","urlTemplate":"https:\/\/www.prointercultura.org\/en-gb\/?s={search_term_string}"},"query-input":{"@type":"PropertyValueSpecification","valueRequired":true,"valueName":"search_term_string"}}],"inLanguage":"en-GB"},{"@type":"Organization","@id":"https:\/\/www.prointercultura.org\/en-gb\/#organization","name":"Pro InterCultura aisbl","url":"https:\/\/www.prointercultura.org\/en-gb\/","logo":{"@type":"ImageObject","inLanguage":"en-GB","@id":"https:\/\/www.prointercultura.org\/en-gb\/#\/schema\/logo\/image\/","url":"https:\/\/www.prointercultura.org\/wp-content\/uploads\/2023\/02\/cropped-cropped-LogoProiNTERCULTURA.png","contentUrl":"https:\/\/www.prointercultura.org\/wp-content\/uploads\/2023\/02\/cropped-cropped-LogoProiNTERCULTURA.png","width":239,"height":46,"caption":"Pro InterCultura aisbl"},"image":{"@id":"https:\/\/www.prointercultura.org\/en-gb\/#\/schema\/logo\/image\/"},"sameAs":["https:\/\/www.facebook.com\/prointercultura","https:\/\/www.linkedin.com\/company\/pro-intercultura\/"]}]}},"jetpack_sharing_enabled":true,"_links":{"self":[{"href":"https:\/\/www.prointercultura.org\/en-gb\/wp-json\/wp\/v2\/pages\/31438","targetHints":{"allow":["GET"]}}],"collection":[{"href":"https:\/\/www.prointercultura.org\/en-gb\/wp-json\/wp\/v2\/pages"}],"about":[{"href":"https:\/\/www.prointercultura.org\/en-gb\/wp-json\/wp\/v2\/types\/page"}],"author":[{"embeddable":true,"href":"https:\/\/www.prointercultura.org\/en-gb\/wp-json\/wp\/v2\/users\/1"}],"replies":[{"embeddable":true,"href":"https:\/\/www.prointercultura.org\/en-gb\/wp-json\/wp\/v2\/comments?post=31438"}],"version-history":[{"count":3,"href":"https:\/\/www.prointercultura.org\/en-gb\/wp-json\/wp\/v2\/pages\/31438\/revisions"}],"predecessor-version":[{"id":31447,"href":"https:\/\/www.prointercultura.org\/en-gb\/wp-json\/wp\/v2\/pages\/31438\/revisions\/31447"}],"wp:attachment":[{"href":"https:\/\/www.prointercultura.org\/en-gb\/wp-json\/wp\/v2\/media?parent=31438"}],"curies":[{"name":"wp","href":"https:\/\/api.w.org\/{rel}","templated":true}]}}