{"id":31047,"date":"2023-09-21T21:16:11","date_gmt":"2023-09-21T19:16:11","guid":{"rendered":"https:\/\/www.prointercultura.org\/?page_id=31047"},"modified":"2024-02-08T16:24:15","modified_gmt":"2024-02-08T15:24:15","slug":"services","status":"publish","type":"page","link":"https:\/\/www.prointercultura.org\/en-gb\/services\/","title":{"rendered":"SERVICES"},"content":{"rendered":"<div class=\"wp-block-group is-vertical is-content-justification-left is-layout-flex wp-container-core-group-is-layout-dd225191 wp-block-group-is-layout-flex\">\n<p class=\"has-text-align-left\" style=\"font-size:18px\">Une palette de services <strong>adapt\u00e9s<\/strong> \u00e0 vos<strong> objectifs &amp; besoins : <\/strong><\/p>\n\n\n\n<ul class=\"wp-block-list\">\n<li>conseil, formation, accompagnement, conf\u00e9rences, team-building<\/li>\n\n\n\n<li>pour les organisations et les individus<\/li>\n\n\n\n<li>en fran\u00e7ais, anglais, espagnol, allemand et sur demande en<strong> <\/strong>arabe, portugais, japonais&#8230;<\/li>\n<\/ul>\n<\/div>\n\n\n\n<div style=\"height:40px\" aria-hidden=\"true\" class=\"wp-block-spacer\"><\/div>\n\n\n\n<div id=\"wp-block-themeisle-blocks-advanced-columns-dfd643f3\" class=\"wp-block-themeisle-blocks-advanced-columns alignfull has-3-columns has-desktop-equal-layout has-tablet-equal-layout has-mobile-collapsedRows-layout has-reverse-columns-mobile has-vertical-center ticss-c00aadba\"><div class=\"wp-block-themeisle-blocks-advanced-columns-overlay\"><\/div><div class=\"innerblocks-wrap\">\n<div id=\"wp-block-themeisle-blocks-advanced-column-127ec10e\" class=\"wp-block-themeisle-blocks-advanced-column\">\n<div class=\"wp-block-cover\"><span aria-hidden=\"true\" class=\"wp-block-cover__background has-background-dim\"><\/span><img fetchpriority=\"high\" decoding=\"async\" width=\"1024\" height=\"1024\" class=\"wp-block-cover__image-background wp-image-30782\" alt=\"\" src=\"http:\/\/www.prointercultura.org\/wp-content\/uploads\/2023\/09\/Auditorio-2-1.png\" style=\"object-position:50% 50%\" data-object-fit=\"cover\" data-object-position=\"50% 50%\" srcset=\"https:\/\/www.prointercultura.org\/wp-content\/uploads\/2023\/09\/Auditorio-2-1.png 1024w, https:\/\/www.prointercultura.org\/wp-content\/uploads\/2023\/09\/Auditorio-2-1-160x160.png 160w, https:\/\/www.prointercultura.org\/wp-content\/uploads\/2023\/09\/Auditorio-2-1-600x600.png 600w, https:\/\/www.prointercultura.org\/wp-content\/uploads\/2023\/09\/Auditorio-2-1-300x300.png 300w, https:\/\/www.prointercultura.org\/wp-content\/uploads\/2023\/09\/Auditorio-2-1-150x150.png 150w, https:\/\/www.prointercultura.org\/wp-content\/uploads\/2023\/09\/Auditorio-2-1-768x768.png 768w, https:\/\/www.prointercultura.org\/wp-content\/uploads\/2023\/09\/Auditorio-2-1-12x12.png 12w\" sizes=\"(max-width: 1024px) 100vw, 1024px\" \/><div class=\"wp-block-cover__inner-container is-layout-flow wp-block-cover-is-layout-flow\">\n<h2 class=\"wp-block-heading has-text-align-center has-white-color has-text-color\" id=\"people\">Organisations<\/h2>\n\n\n\n<p class=\"has-text-align-center\">Comprendre et capitaliser la diversit\u00e9 des \u00e9quipes, des talents et des partenariats <\/p>\n\n\n\n<div class=\"wp-block-buttons is-content-justification-center is-layout-flex wp-container-core-buttons-is-layout-a89b3969 wp-block-buttons-is-layout-flex\">\n<div class=\"wp-block-button is-style-primary\"><a class=\"wp-block-button__link wp-element-button\" href=\"https:\/\/www.prointercultura.org\/en-gb\/linterculturel-au-service-des-organisations\/\">en savoir +<\/a><\/div>\n<\/div>\n<\/div><\/div>\n<\/div>\n\n\n\n<div id=\"wp-block-themeisle-blocks-advanced-column-eefb8312\" class=\"wp-block-themeisle-blocks-advanced-column\">\n<div class=\"wp-block-cover\"><span aria-hidden=\"true\" class=\"wp-block-cover__background has-background-dim\"><\/span><img decoding=\"async\" width=\"1024\" height=\"1024\" class=\"wp-block-cover__image-background wp-image-31220\" alt=\"\" src=\"http:\/\/www.prointercultura.org\/wp-content\/uploads\/2023\/09\/ciguenhas-color-chungo-.png\" data-object-fit=\"cover\" srcset=\"https:\/\/www.prointercultura.org\/wp-content\/uploads\/2023\/09\/ciguenhas-color-chungo-.png 1024w, https:\/\/www.prointercultura.org\/wp-content\/uploads\/2023\/09\/ciguenhas-color-chungo--160x160.png 160w, https:\/\/www.prointercultura.org\/wp-content\/uploads\/2023\/09\/ciguenhas-color-chungo--600x600.png 600w, https:\/\/www.prointercultura.org\/wp-content\/uploads\/2023\/09\/ciguenhas-color-chungo--300x300.png 300w, https:\/\/www.prointercultura.org\/wp-content\/uploads\/2023\/09\/ciguenhas-color-chungo--150x150.png 150w, https:\/\/www.prointercultura.org\/wp-content\/uploads\/2023\/09\/ciguenhas-color-chungo--768x768.png 768w, https:\/\/www.prointercultura.org\/wp-content\/uploads\/2023\/09\/ciguenhas-color-chungo--12x12.png 12w\" sizes=\"(max-width: 1024px) 100vw, 1024px\" \/><div class=\"wp-block-cover__inner-container is-layout-flow wp-block-cover-is-layout-flow\">\n<h2 class=\"wp-block-heading has-text-align-center has-white-color has-text-color\" id=\"buildings\">Mobilit\u00e9 Internationale<\/h2>\n\n\n\n<p class=\"has-text-align-center\">R\u00e9soudre les aspects pratiques et souvent stressants des mobilit\u00e9s internationales<\/p>\n\n\n\n<div class=\"wp-block-buttons is-content-justification-center is-layout-flex wp-container-core-buttons-is-layout-a89b3969 wp-block-buttons-is-layout-flex\">\n<div class=\"wp-block-button is-style-primary\"><a class=\"wp-block-button__link wp-element-button\" href=\"https:\/\/www.prointercultura.org\/en-gb\/mobilites-internationales\/\">en savoir +<\/a><\/div>\n<\/div>\n<\/div><\/div>\n<\/div>\n\n\n\n<div id=\"wp-block-themeisle-blocks-advanced-column-9136d16a\" class=\"wp-block-themeisle-blocks-advanced-column\">\n<div class=\"wp-block-cover\"><span aria-hidden=\"true\" class=\"wp-block-cover__background has-background-dim\"><\/span><img decoding=\"async\" width=\"1024\" height=\"1024\" class=\"wp-block-cover__image-background wp-image-31990\" alt=\"\" src=\"http:\/\/www.prointercultura.org\/wp-content\/uploads\/2024\/01\/Coaching-2-un-peu-date-WEBP.webp\" style=\"object-position:48% 51%\" data-object-fit=\"cover\" data-object-position=\"48% 51%\" srcset=\"https:\/\/www.prointercultura.org\/wp-content\/uploads\/2024\/01\/Coaching-2-un-peu-date-WEBP.webp 1024w, https:\/\/www.prointercultura.org\/wp-content\/uploads\/2024\/01\/Coaching-2-un-peu-date-WEBP-160x160.webp 160w, https:\/\/www.prointercultura.org\/wp-content\/uploads\/2024\/01\/Coaching-2-un-peu-date-WEBP-600x600.webp 600w, https:\/\/www.prointercultura.org\/wp-content\/uploads\/2024\/01\/Coaching-2-un-peu-date-WEBP-300x300.webp 300w, https:\/\/www.prointercultura.org\/wp-content\/uploads\/2024\/01\/Coaching-2-un-peu-date-WEBP-150x150.webp 150w, https:\/\/www.prointercultura.org\/wp-content\/uploads\/2024\/01\/Coaching-2-un-peu-date-WEBP-768x768.webp 768w, https:\/\/www.prointercultura.org\/wp-content\/uploads\/2024\/01\/Coaching-2-un-peu-date-WEBP-12x12.webp 12w\" sizes=\"(max-width: 1024px) 100vw, 1024px\" \/><div class=\"wp-block-cover__inner-container is-layout-flow wp-block-cover-is-layout-flow\">\n<h2 class=\"wp-block-heading has-text-align-center has-white-color has-text-color\" id=\"nature\">Coaching Interculturel<\/h2>\n\n\n\n<p class=\"has-text-align-center\">Accompagner les questionnements r\u00e9veill\u00e9s par les parcours interculturels<\/p>\n\n\n\n<div class=\"wp-block-buttons is-content-justification-center is-layout-flex wp-container-core-buttons-is-layout-a89b3969 wp-block-buttons-is-layout-flex\">\n<div class=\"wp-block-button is-style-primary\"><a class=\"wp-block-button__link wp-element-button\" href=\"https:\/\/www.prointercultura.org\/en-gb\/coaching-interculturel\/\">en savoir +<\/a><\/div>\n<\/div>\n<\/div><\/div>\n<\/div>\n<\/div><\/div>\n\n\n\n<div style=\"height:47px\" aria-hidden=\"true\" class=\"wp-block-spacer\"><\/div>\n\n\n\n<hr class=\"wp-block-separator has-alpha-channel-opacity\"\/>","protected":false},"excerpt":{"rendered":"<p>Une palette de services adapt\u00e9s \u00e0 vos objectifs &amp; besoins :<\/p>","protected":false},"author":1,"featured_media":0,"parent":0,"menu_order":0,"comment_status":"closed","ping_status":"closed","template":"","meta":{"ub_ctt_via":"","_themeisle_gutenberg_block_has_review":false,"footnotes":""},"class_list":["post-31047","page","type-page","status-publish","hentry"],"featured_image_src":null,"yoast_head":"<!-- This site is optimized with the Yoast SEO plugin v24.6 - https:\/\/yoast.com\/wordpress\/plugins\/seo\/ -->\n<title>SERVICES - Pro InterCultura<\/title>\n<meta name=\"description\" content=\"Formation, Management, Sensibilisation, Conseil, Accompagner, Mobilit\u00e9s, Relocalisation, nouveaux pays. R\u00e9seau , d\u00e9marches administratives...\" \/>\n<meta name=\"robots\" content=\"index, follow, max-snippet:-1, max-image-preview:large, max-video-preview:-1\" \/>\n<link rel=\"canonical\" href=\"https:\/\/www.prointercultura.org\/en-gb\/services\/\" \/>\n<meta property=\"og:locale\" content=\"en_GB\" \/>\n<meta property=\"og:type\" content=\"article\" \/>\n<meta property=\"og:title\" content=\"SERVICES - Pro InterCultura\" \/>\n<meta property=\"og:description\" content=\"Formation, Management, Sensibilisation, Conseil, Accompagner, Mobilit\u00e9s, Relocalisation, nouveaux pays. R\u00e9seau , d\u00e9marches administratives...\" \/>\n<meta property=\"og:url\" content=\"https:\/\/www.prointercultura.org\/en-gb\/services\/\" \/>\n<meta property=\"og:site_name\" content=\"Pro InterCultura\" \/>\n<meta property=\"article:publisher\" content=\"https:\/\/www.facebook.com\/prointercultura\" \/>\n<meta property=\"article:modified_time\" content=\"2024-02-08T15:24:15+00:00\" \/>\n<meta property=\"og:image\" content=\"http:\/\/www.prointercultura.org\/wp-content\/uploads\/2023\/09\/Auditorio-2-1.png\" \/>\n<meta name=\"twitter:card\" content=\"summary_large_image\" \/>\n<meta name=\"twitter:label1\" content=\"Estimated reading time\" \/>\n\t<meta name=\"twitter:data1\" content=\"1 minute\" \/>\n<script type=\"application\/ld+json\" class=\"yoast-schema-graph\">{\"@context\":\"https:\/\/schema.org\",\"@graph\":[{\"@type\":\"WebPage\",\"@id\":\"https:\/\/www.prointercultura.org\/en-gb\/services\/\",\"url\":\"https:\/\/www.prointercultura.org\/en-gb\/services\/\",\"name\":\"SERVICES - Pro InterCultura\",\"isPartOf\":{\"@id\":\"https:\/\/www.prointercultura.org\/en-gb\/#website\"},\"primaryImageOfPage\":{\"@id\":\"https:\/\/www.prointercultura.org\/en-gb\/services\/#primaryimage\"},\"image\":{\"@id\":\"https:\/\/www.prointercultura.org\/en-gb\/services\/#primaryimage\"},\"thumbnailUrl\":\"http:\/\/www.prointercultura.org\/wp-content\/uploads\/2023\/09\/Auditorio-2-1.png\",\"datePublished\":\"2023-09-21T19:16:11+00:00\",\"dateModified\":\"2024-02-08T15:24:15+00:00\",\"description\":\"Formation, Management, Sensibilisation, Conseil, Accompagner, Mobilit\u00e9s, Relocalisation, nouveaux pays. R\u00e9seau , d\u00e9marches administratives...\",\"breadcrumb\":{\"@id\":\"https:\/\/www.prointercultura.org\/en-gb\/services\/#breadcrumb\"},\"inLanguage\":\"en-GB\",\"potentialAction\":[{\"@type\":\"ReadAction\",\"target\":[\"https:\/\/www.prointercultura.org\/en-gb\/services\/\"]}]},{\"@type\":\"ImageObject\",\"inLanguage\":\"en-GB\",\"@id\":\"https:\/\/www.prointercultura.org\/en-gb\/services\/#primaryimage\",\"url\":\"http:\/\/www.prointercultura.org\/wp-content\/uploads\/2023\/09\/Auditorio-2-1.png\",\"contentUrl\":\"http:\/\/www.prointercultura.org\/wp-content\/uploads\/2023\/09\/Auditorio-2-1.png\"},{\"@type\":\"BreadcrumbList\",\"@id\":\"https:\/\/www.prointercultura.org\/en-gb\/services\/#breadcrumb\",\"itemListElement\":[{\"@type\":\"ListItem\",\"position\":1,\"name\":\"Accueil\",\"item\":\"https:\/\/www.prointercultura.org\/\"},{\"@type\":\"ListItem\",\"position\":2,\"name\":\"SERVICES\"}]},{\"@type\":\"WebSite\",\"@id\":\"https:\/\/www.prointercultura.org\/en-gb\/#website\",\"url\":\"https:\/\/www.prointercultura.org\/en-gb\/\",\"name\":\"Prointercultura.org\",\"description\":\"Make the best of cultural diversity. \",\"publisher\":{\"@id\":\"https:\/\/www.prointercultura.org\/en-gb\/#organization\"},\"potentialAction\":[{\"@type\":\"SearchAction\",\"target\":{\"@type\":\"EntryPoint\",\"urlTemplate\":\"https:\/\/www.prointercultura.org\/en-gb\/?s={search_term_string}\"},\"query-input\":{\"@type\":\"PropertyValueSpecification\",\"valueRequired\":true,\"valueName\":\"search_term_string\"}}],\"inLanguage\":\"en-GB\"},{\"@type\":\"Organization\",\"@id\":\"https:\/\/www.prointercultura.org\/en-gb\/#organization\",\"name\":\"Pro InterCultura aisbl\",\"url\":\"https:\/\/www.prointercultura.org\/en-gb\/\",\"logo\":{\"@type\":\"ImageObject\",\"inLanguage\":\"en-GB\",\"@id\":\"https:\/\/www.prointercultura.org\/en-gb\/#\/schema\/logo\/image\/\",\"url\":\"https:\/\/www.prointercultura.org\/wp-content\/uploads\/2023\/02\/cropped-cropped-LogoProiNTERCULTURA.png\",\"contentUrl\":\"https:\/\/www.prointercultura.org\/wp-content\/uploads\/2023\/02\/cropped-cropped-LogoProiNTERCULTURA.png\",\"width\":239,\"height\":46,\"caption\":\"Pro InterCultura aisbl\"},\"image\":{\"@id\":\"https:\/\/www.prointercultura.org\/en-gb\/#\/schema\/logo\/image\/\"},\"sameAs\":[\"https:\/\/www.facebook.com\/prointercultura\",\"https:\/\/www.linkedin.com\/company\/pro-intercultura\/\"]}]}<\/script>\n<!-- \/ Yoast SEO plugin. -->","yoast_head_json":{"title":"SERVICES - Pro InterCultura","description":"Formation, Management, Sensibilisation, Conseil, Accompagner, Mobilit\u00e9s, Relocalisation, nouveaux pays. R\u00e9seau , d\u00e9marches administratives...","robots":{"index":"index","follow":"follow","max-snippet":"max-snippet:-1","max-image-preview":"max-image-preview:large","max-video-preview":"max-video-preview:-1"},"canonical":"https:\/\/www.prointercultura.org\/en-gb\/services\/","og_locale":"en_GB","og_type":"article","og_title":"SERVICES - Pro InterCultura","og_description":"Formation, Management, Sensibilisation, Conseil, Accompagner, Mobilit\u00e9s, Relocalisation, nouveaux pays. R\u00e9seau , d\u00e9marches administratives...","og_url":"https:\/\/www.prointercultura.org\/en-gb\/services\/","og_site_name":"Pro InterCultura","article_publisher":"https:\/\/www.facebook.com\/prointercultura","article_modified_time":"2024-02-08T15:24:15+00:00","og_image":[{"url":"http:\/\/www.prointercultura.org\/wp-content\/uploads\/2023\/09\/Auditorio-2-1.png","type":"","width":"","height":""}],"twitter_card":"summary_large_image","twitter_misc":{"Estimated reading time":"1 minute"},"schema":{"@context":"https:\/\/schema.org","@graph":[{"@type":"WebPage","@id":"https:\/\/www.prointercultura.org\/en-gb\/services\/","url":"https:\/\/www.prointercultura.org\/en-gb\/services\/","name":"SERVICES - Pro InterCultura","isPartOf":{"@id":"https:\/\/www.prointercultura.org\/en-gb\/#website"},"primaryImageOfPage":{"@id":"https:\/\/www.prointercultura.org\/en-gb\/services\/#primaryimage"},"image":{"@id":"https:\/\/www.prointercultura.org\/en-gb\/services\/#primaryimage"},"thumbnailUrl":"http:\/\/www.prointercultura.org\/wp-content\/uploads\/2023\/09\/Auditorio-2-1.png","datePublished":"2023-09-21T19:16:11+00:00","dateModified":"2024-02-08T15:24:15+00:00","description":"Formation, Management, Sensibilisation, Conseil, Accompagner, Mobilit\u00e9s, Relocalisation, nouveaux pays. R\u00e9seau , d\u00e9marches administratives...","breadcrumb":{"@id":"https:\/\/www.prointercultura.org\/en-gb\/services\/#breadcrumb"},"inLanguage":"en-GB","potentialAction":[{"@type":"ReadAction","target":["https:\/\/www.prointercultura.org\/en-gb\/services\/"]}]},{"@type":"ImageObject","inLanguage":"en-GB","@id":"https:\/\/www.prointercultura.org\/en-gb\/services\/#primaryimage","url":"http:\/\/www.prointercultura.org\/wp-content\/uploads\/2023\/09\/Auditorio-2-1.png","contentUrl":"http:\/\/www.prointercultura.org\/wp-content\/uploads\/2023\/09\/Auditorio-2-1.png"},{"@type":"BreadcrumbList","@id":"https:\/\/www.prointercultura.org\/en-gb\/services\/#breadcrumb","itemListElement":[{"@type":"ListItem","position":1,"name":"Accueil","item":"https:\/\/www.prointercultura.org\/"},{"@type":"ListItem","position":2,"name":"SERVICES"}]},{"@type":"WebSite","@id":"https:\/\/www.prointercultura.org\/en-gb\/#website","url":"https:\/\/www.prointercultura.org\/en-gb\/","name":"Prointercultura.org","description":"Make the best of cultural diversity. ","publisher":{"@id":"https:\/\/www.prointercultura.org\/en-gb\/#organization"},"potentialAction":[{"@type":"SearchAction","target":{"@type":"EntryPoint","urlTemplate":"https:\/\/www.prointercultura.org\/en-gb\/?s={search_term_string}"},"query-input":{"@type":"PropertyValueSpecification","valueRequired":true,"valueName":"search_term_string"}}],"inLanguage":"en-GB"},{"@type":"Organization","@id":"https:\/\/www.prointercultura.org\/en-gb\/#organization","name":"Pro InterCultura aisbl","url":"https:\/\/www.prointercultura.org\/en-gb\/","logo":{"@type":"ImageObject","inLanguage":"en-GB","@id":"https:\/\/www.prointercultura.org\/en-gb\/#\/schema\/logo\/image\/","url":"https:\/\/www.prointercultura.org\/wp-content\/uploads\/2023\/02\/cropped-cropped-LogoProiNTERCULTURA.png","contentUrl":"https:\/\/www.prointercultura.org\/wp-content\/uploads\/2023\/02\/cropped-cropped-LogoProiNTERCULTURA.png","width":239,"height":46,"caption":"Pro InterCultura aisbl"},"image":{"@id":"https:\/\/www.prointercultura.org\/en-gb\/#\/schema\/logo\/image\/"},"sameAs":["https:\/\/www.facebook.com\/prointercultura","https:\/\/www.linkedin.com\/company\/pro-intercultura\/"]}]}},"jetpack_sharing_enabled":true,"_links":{"self":[{"href":"https:\/\/www.prointercultura.org\/en-gb\/wp-json\/wp\/v2\/pages\/31047","targetHints":{"allow":["GET"]}}],"collection":[{"href":"https:\/\/www.prointercultura.org\/en-gb\/wp-json\/wp\/v2\/pages"}],"about":[{"href":"https:\/\/www.prointercultura.org\/en-gb\/wp-json\/wp\/v2\/types\/page"}],"author":[{"embeddable":true,"href":"https:\/\/www.prointercultura.org\/en-gb\/wp-json\/wp\/v2\/users\/1"}],"replies":[{"embeddable":true,"href":"https:\/\/www.prointercultura.org\/en-gb\/wp-json\/wp\/v2\/comments?post=31047"}],"version-history":[{"count":76,"href":"https:\/\/www.prointercultura.org\/en-gb\/wp-json\/wp\/v2\/pages\/31047\/revisions"}],"predecessor-version":[{"id":32230,"href":"https:\/\/www.prointercultura.org\/en-gb\/wp-json\/wp\/v2\/pages\/31047\/revisions\/32230"}],"wp:attachment":[{"href":"https:\/\/www.prointercultura.org\/en-gb\/wp-json\/wp\/v2\/media?parent=31047"}],"curies":[{"name":"wp","href":"https:\/\/api.w.org\/{rel}","templated":true}]}}