{"id":30654,"date":"2023-08-02T17:12:58","date_gmt":"2023-08-02T15:12:58","guid":{"rendered":"https:\/\/www.prointercultura.org\/?page_id=30654"},"modified":"2025-03-17T14:40:08","modified_gmt":"2025-03-17T13:40:08","slug":"references","status":"publish","type":"page","link":"https:\/\/www.prointercultura.org\/en-gb\/references\/","title":{"rendered":"R\u00e9f\u00e9rences"},"content":{"rendered":"<div id=\"wp-block-themeisle-blocks-advanced-columns-784450ff\" class=\"wp-block-themeisle-blocks-advanced-columns alignwide has-1-columns has-desktop-equal-layout has-tablet-equal-layout has-mobile-equal-layout has-vertical-top ticss-c00aadba\"><div class=\"wp-block-themeisle-blocks-advanced-columns-overlay\"><\/div><div class=\"innerblocks-wrap\">\n<div id=\"wp-block-themeisle-blocks-advanced-column-d0fbfc0a\" class=\"wp-block-themeisle-blocks-advanced-column\">\n<div id=\"wp-block-themeisle-blocks-advanced-columns-8085ff1f\" class=\"wp-block-themeisle-blocks-advanced-columns alignwide has-3-columns has-desktop-equal-layout has-tablet-equal-layout has-mobile-collapsedRows-layout has-vertical-top\"><div class=\"wp-block-themeisle-blocks-advanced-columns-overlay\"><\/div><div class=\"innerblocks-wrap\">\n<div id=\"wp-block-themeisle-blocks-advanced-column-dfb15c39\" class=\"wp-block-themeisle-blocks-advanced-column\">\n<h3 class=\"wp-block-heading has-text-align-center has-black-color has-text-color\" style=\"font-style:normal;font-weight:500\">Education<\/h3>\n\n\n\n<div id=\"wp-block-themeisle-blocks-font-awesome-icons-c5fd27f1\" class=\"wp-block-themeisle-blocks-font-awesome-icons\"><span class=\"wp-block-themeisle-blocks-font-awesome-icons-container\"><i class=\"fas fa-book-open\"><\/i><\/span><\/div>\n\n\n\n<ul class=\"wp-block-list\">\n<li class=\"has-black-color has-text-color has-link-color wp-elements-6371846b664d7d039747ad6b0b617cc3\"><a href=\"https:\/\/www.xn--profesorjoseluisgraio-vbc.es\/\">CPIFP Jos\u00e9 Luis Grai\u00f1o<\/a> (Huelva, Espagne<\/li>\n\n\n\n<li class=\"has-black-color has-text-color has-link-color wp-elements-5aa5c0b6acf4e217d7e1644c34ccfdd3\"><a href=\"https:\/\/www.ihecs.be\/\">Institut des Hautes \u00c9tudes en Communication &#8211; IHECS <\/a>(Belgique)<\/li>\n\n\n\n<li class=\"has-black-color has-text-color has-link-color wp-elements-dc7814f5a73890ff551f0c7862912f9c\"><a href=\"https:\/\/www.u-bordeaux.fr\/\">Universit\u00e9 de Bordeaux<\/a> (France)<\/li>\n\n\n\n<li class=\"has-black-color has-text-color has-link-color wp-elements-4691e1777be1a7690449b59b0873e8fa\"><a href=\"https:\/\/www.ufv.es\/\">Universit\u00e9 Francisco Vitoria <\/a>(Espagne)<\/li>\n\n\n\n<li class=\"has-black-color has-text-color has-link-color wp-elements-7f22340b3c71a7ccd4969d586e657a1a\"><a href=\"https:\/\/eeb4.be\/fr\/\">\u00c9coles Europ\u00e9ennes<\/a><\/li>\n\n\n\n<li class=\"has-black-color has-text-color has-link-color wp-elements-38ab865cdc57571200431b53a47071da\"><a href=\"https:\/\/www.actinmed.org\/\">Action in the Mediterranean<\/a><\/li>\n<\/ul>\n<\/div>\n\n\n\n<div id=\"wp-block-themeisle-blocks-advanced-column-ec09b220\" class=\"wp-block-themeisle-blocks-advanced-column ticss-ec09b220\">\n<h3 class=\"wp-block-heading has-text-align-center has-black-color has-text-color\" style=\"font-style:normal;font-weight:500\">Priv\u00e9<\/h3>\n\n\n\n<div id=\"wp-block-themeisle-blocks-font-awesome-icons-1225333d\" class=\"wp-block-themeisle-blocks-font-awesome-icons\"><span class=\"wp-block-themeisle-blocks-font-awesome-icons-container\"><i class=\"fas fa-handshake\"><\/i><\/span><\/div>\n\n\n\n<ul class=\"wp-block-list\">\n<li class=\"has-black-color has-text-color has-link-color wp-elements-fddc58b2abc1d74595a1f75f029323a3\"><a href=\"https:\/\/www.colgatepalmolive.be\/fr-be\">Colgate-Palmolive<\/a> (Inde &#8211; USA)<\/li>\n\n\n\n<li class=\"has-black-color has-text-color has-link-color wp-elements-51ee6ad3a7c9ff7b8dab9e57fa4badaa\"><a href=\"https:\/\/www.airbus.com\/en\/about-us\">EADS<\/a><\/li>\n\n\n\n<li class=\"has-black-color has-text-color has-link-color wp-elements-f1473c32caa7ff9f1247e337b510e3d6\"><a href=\"https:\/\/lafabriqueartstudio.wixsite.com\/lafabriqueartstudio\">LaFabrique<\/a> (Tunisie)<\/li>\n\n\n\n<li class=\"has-black-color has-text-color has-link-color wp-elements-92892400b80e2e9eb17e5c3a15c9e62f\">Mecenium (Am\u00e9rique Latine &#8211; Espagne) <\/li>\n\n\n\n<li class=\"has-black-color has-text-color has-link-color wp-elements-d2f922ece06884271b3c5dabb8e9bd98\">Jacques Pateau pour TOTAL Energies<\/li>\n\n\n\n<li class=\"has-black-color has-text-color has-link-color wp-elements-5a502b6ba0902ee3d01ec1c00fc06f51\"><a href=\"https:\/\/www.randstad.be\/fr\/\">Randstad <\/a>(Belgique)<\/li>\n\n\n\n<li class=\"has-black-color has-text-color has-link-color wp-elements-ddc0679fc1e019387e1f81203a5bc831\"><a href=\"https:\/\/smart.coop\/\">SMart Europe<\/a><\/li>\n\n\n\n<li class=\"has-black-color has-text-color has-link-color wp-elements-b5ac1867e98199fa93c4daa7a6b50198\"><a href=\"https:\/\/www.singa-belgium.org\/\">SINGA (global)<\/a><\/li>\n<\/ul>\n<\/div>\n\n\n\n<div id=\"wp-block-themeisle-blocks-advanced-column-adbc5601\" class=\"wp-block-themeisle-blocks-advanced-column\">\n<h3 class=\"wp-block-heading has-text-align-center has-black-color has-text-color\" style=\"font-style:normal;font-weight:500\">Institutions <\/h3>\n\n\n\n<div id=\"wp-block-themeisle-blocks-font-awesome-icons-2851bd4e\" class=\"wp-block-themeisle-blocks-font-awesome-icons\"><span class=\"wp-block-themeisle-blocks-font-awesome-icons-container\"><svg xmlns=\"http:\/\/www.w3.org\/2000\/svg\" viewbox=\"0 0 1800 1800\"><path d=\"M1764.199,1597.184h-323.761V853.397h154.119c17.438,0,31.572-14.134,31.572-31.572V712.784h141.549 c0.04,0,0.058,0,0.089,0c17.438,0,31.571-14.134,31.571-31.571c0-11.04-5.664-20.757-14.244-26.399L918.838,8.395 c-11.205-8.355-26.562-8.355-37.767,0L13.352,655.908C2.451,664.046-2.016,678.25,2.271,691.16 c4.285,12.91,16.362,21.624,29.964,21.624h141.549v109.042c0,17.438,14.135,31.572,31.572,31.572h154.115v743.786H35.719 c-17.438,0-31.572,14.13-31.572,31.572v137.545c0,17.434,14.134,31.572,31.572,31.572h1728.48 c17.438,0,31.572-14.139,31.572-31.572v-137.545C1795.771,1611.313,1781.637,1597.184,1764.199,1597.184z M899.953,73.094 l772.627,576.547H127.333L899.953,73.094z M1302.901,1596.117V867.153h74.394v728.964H1302.901z M1239.758,1597.184H1000.3 V853.397h239.458V1597.184z M862.753,867.153h74.403v728.964h-74.403V867.153z M236.927,715.852h1326.059v74.402H236.927V715.852z M497.016,867.153v728.964h-74.402V867.153H497.016z M560.16,853.397h239.449v743.786H560.16V853.397z M1732.628,1734.729H67.29 v-74.401h1665.338V1734.729z\"><\/path><path d=\"M899.998,568.438c-83.726,0-151.843-68.116-151.843-151.845s68.117-151.845,151.843-151.845 c83.733,0,151.849,68.116,151.849,151.845S983.73,568.438,899.998,568.438z M899.998,327.893 c-48.908,0-88.699,39.791-88.699,88.701s39.791,88.701,88.699,88.701c48.915,0,88.706-39.791,88.706-88.701 S948.912,327.893,899.998,327.893z\"><\/path><\/svg><\/span><\/div>\n\n\n\n<ul class=\"wp-block-list\">\n<li class=\"has-black-color has-text-color has-link-color wp-elements-3386e186c360a9410cb5d866b3fa4cd9\"><a href=\"https:\/\/cor.europa.eu\/fr\">Comit\u00e9 Europ\u00e9en des regions<\/a><\/li>\n\n\n\n<li class=\"has-black-color has-text-color has-link-color wp-elements-7e71787c0a69ab6cb5fa1780f6afdd33\"><a href=\"https:\/\/www.boell.de\/en\">Henrich Boll Fundation<\/a> (Allemagne)<\/li>\n\n\n\n<li class=\"has-black-color has-text-color has-link-color wp-elements-86f4b99e884d9383d28ccedc902c276f\">Comission Europ\u00e9enne <\/li>\n\n\n\n<li class=\"has-black-color has-text-color has-link-color wp-elements-80db0010a63f786ceda0e95341c4e414\"><a href=\"https:\/\/sietareu.org\/\">SIETAR<\/a><\/li>\n\n\n\n<li class=\"has-black-color has-text-color has-link-color wp-elements-45bde2226d13903a9a5a430b1204fa93\"><a href=\"https:\/\/www.unesco.org\/en\">UNESCO<\/a><\/li>\n<\/ul>\n<\/div>\n<\/div><\/div>\n<\/div>\n<\/div><\/div>","protected":false},"excerpt":{"rendered":"","protected":false},"author":1,"featured_media":0,"parent":0,"menu_order":0,"comment_status":"closed","ping_status":"closed","template":"","meta":{"ub_ctt_via":"","_themeisle_gutenberg_block_has_review":false,"footnotes":""},"class_list":["post-30654","page","type-page","status-publish","hentry"],"featured_image_src":null,"yoast_head":"<!-- This site is optimized with the Yoast SEO plugin v24.6 - https:\/\/yoast.com\/wordpress\/plugins\/seo\/ -->\n<title>R\u00e9f\u00e9rences - Pro InterCultura<\/title>\n<meta name=\"description\" content=\"Nous travaillons avec divers tout type d&#039;acteurs : Universit\u00e9s, Institutions publiques, Entreprises, Associations locales et Internationales.\" \/>\n<meta name=\"robots\" content=\"index, follow, max-snippet:-1, max-image-preview:large, max-video-preview:-1\" \/>\n<link rel=\"canonical\" href=\"https:\/\/www.prointercultura.org\/en-gb\/references\/\" \/>\n<meta property=\"og:locale\" content=\"en_GB\" \/>\n<meta property=\"og:type\" content=\"article\" \/>\n<meta property=\"og:title\" content=\"R\u00e9f\u00e9rences - Pro InterCultura\" \/>\n<meta property=\"og:description\" content=\"Nous travaillons avec divers tout type d&#039;acteurs : Universit\u00e9s, Institutions publiques, Entreprises, Associations locales et Internationales.\" \/>\n<meta property=\"og:url\" content=\"https:\/\/www.prointercultura.org\/en-gb\/references\/\" \/>\n<meta property=\"og:site_name\" content=\"Pro InterCultura\" \/>\n<meta property=\"article:publisher\" content=\"https:\/\/www.facebook.com\/prointercultura\" \/>\n<meta property=\"article:modified_time\" content=\"2025-03-17T13:40:08+00:00\" \/>\n<meta name=\"twitter:card\" content=\"summary_large_image\" \/>\n<meta name=\"twitter:label1\" content=\"Estimated reading time\" \/>\n\t<meta name=\"twitter:data1\" content=\"1 minute\" \/>\n<script type=\"application\/ld+json\" class=\"yoast-schema-graph\">{\"@context\":\"https:\/\/schema.org\",\"@graph\":[{\"@type\":\"WebPage\",\"@id\":\"https:\/\/www.prointercultura.org\/en-gb\/references\/\",\"url\":\"https:\/\/www.prointercultura.org\/en-gb\/references\/\",\"name\":\"R\u00e9f\u00e9rences - Pro InterCultura\",\"isPartOf\":{\"@id\":\"https:\/\/www.prointercultura.org\/en-gb\/#website\"},\"datePublished\":\"2023-08-02T15:12:58+00:00\",\"dateModified\":\"2025-03-17T13:40:08+00:00\",\"description\":\"Nous travaillons avec divers tout type d'acteurs : Universit\u00e9s, Institutions publiques, Entreprises, Associations locales et Internationales.\",\"breadcrumb\":{\"@id\":\"https:\/\/www.prointercultura.org\/en-gb\/references\/#breadcrumb\"},\"inLanguage\":\"en-GB\",\"potentialAction\":[{\"@type\":\"ReadAction\",\"target\":[\"https:\/\/www.prointercultura.org\/en-gb\/references\/\"]}]},{\"@type\":\"BreadcrumbList\",\"@id\":\"https:\/\/www.prointercultura.org\/en-gb\/references\/#breadcrumb\",\"itemListElement\":[{\"@type\":\"ListItem\",\"position\":1,\"name\":\"Accueil\",\"item\":\"https:\/\/www.prointercultura.org\/\"},{\"@type\":\"ListItem\",\"position\":2,\"name\":\"R\u00e9f\u00e9rences\"}]},{\"@type\":\"WebSite\",\"@id\":\"https:\/\/www.prointercultura.org\/en-gb\/#website\",\"url\":\"https:\/\/www.prointercultura.org\/en-gb\/\",\"name\":\"Prointercultura.org\",\"description\":\"Make the best of cultural diversity. \",\"publisher\":{\"@id\":\"https:\/\/www.prointercultura.org\/en-gb\/#organization\"},\"potentialAction\":[{\"@type\":\"SearchAction\",\"target\":{\"@type\":\"EntryPoint\",\"urlTemplate\":\"https:\/\/www.prointercultura.org\/en-gb\/?s={search_term_string}\"},\"query-input\":{\"@type\":\"PropertyValueSpecification\",\"valueRequired\":true,\"valueName\":\"search_term_string\"}}],\"inLanguage\":\"en-GB\"},{\"@type\":\"Organization\",\"@id\":\"https:\/\/www.prointercultura.org\/en-gb\/#organization\",\"name\":\"Pro InterCultura aisbl\",\"url\":\"https:\/\/www.prointercultura.org\/en-gb\/\",\"logo\":{\"@type\":\"ImageObject\",\"inLanguage\":\"en-GB\",\"@id\":\"https:\/\/www.prointercultura.org\/en-gb\/#\/schema\/logo\/image\/\",\"url\":\"https:\/\/www.prointercultura.org\/wp-content\/uploads\/2023\/02\/cropped-cropped-LogoProiNTERCULTURA.png\",\"contentUrl\":\"https:\/\/www.prointercultura.org\/wp-content\/uploads\/2023\/02\/cropped-cropped-LogoProiNTERCULTURA.png\",\"width\":239,\"height\":46,\"caption\":\"Pro InterCultura aisbl\"},\"image\":{\"@id\":\"https:\/\/www.prointercultura.org\/en-gb\/#\/schema\/logo\/image\/\"},\"sameAs\":[\"https:\/\/www.facebook.com\/prointercultura\",\"https:\/\/www.linkedin.com\/company\/pro-intercultura\/\"]}]}<\/script>\n<!-- \/ Yoast SEO plugin. -->","yoast_head_json":{"title":"R\u00e9f\u00e9rences - Pro InterCultura","description":"Nous travaillons avec divers tout type d'acteurs : Universit\u00e9s, Institutions publiques, Entreprises, Associations locales et Internationales.","robots":{"index":"index","follow":"follow","max-snippet":"max-snippet:-1","max-image-preview":"max-image-preview:large","max-video-preview":"max-video-preview:-1"},"canonical":"https:\/\/www.prointercultura.org\/en-gb\/references\/","og_locale":"en_GB","og_type":"article","og_title":"R\u00e9f\u00e9rences - Pro InterCultura","og_description":"Nous travaillons avec divers tout type d'acteurs : Universit\u00e9s, Institutions publiques, Entreprises, Associations locales et Internationales.","og_url":"https:\/\/www.prointercultura.org\/en-gb\/references\/","og_site_name":"Pro InterCultura","article_publisher":"https:\/\/www.facebook.com\/prointercultura","article_modified_time":"2025-03-17T13:40:08+00:00","twitter_card":"summary_large_image","twitter_misc":{"Estimated reading time":"1 minute"},"schema":{"@context":"https:\/\/schema.org","@graph":[{"@type":"WebPage","@id":"https:\/\/www.prointercultura.org\/en-gb\/references\/","url":"https:\/\/www.prointercultura.org\/en-gb\/references\/","name":"R\u00e9f\u00e9rences - Pro InterCultura","isPartOf":{"@id":"https:\/\/www.prointercultura.org\/en-gb\/#website"},"datePublished":"2023-08-02T15:12:58+00:00","dateModified":"2025-03-17T13:40:08+00:00","description":"Nous travaillons avec divers tout type d'acteurs : Universit\u00e9s, Institutions publiques, Entreprises, Associations locales et Internationales.","breadcrumb":{"@id":"https:\/\/www.prointercultura.org\/en-gb\/references\/#breadcrumb"},"inLanguage":"en-GB","potentialAction":[{"@type":"ReadAction","target":["https:\/\/www.prointercultura.org\/en-gb\/references\/"]}]},{"@type":"BreadcrumbList","@id":"https:\/\/www.prointercultura.org\/en-gb\/references\/#breadcrumb","itemListElement":[{"@type":"ListItem","position":1,"name":"Accueil","item":"https:\/\/www.prointercultura.org\/"},{"@type":"ListItem","position":2,"name":"R\u00e9f\u00e9rences"}]},{"@type":"WebSite","@id":"https:\/\/www.prointercultura.org\/en-gb\/#website","url":"https:\/\/www.prointercultura.org\/en-gb\/","name":"Prointercultura.org","description":"Make the best of cultural diversity. ","publisher":{"@id":"https:\/\/www.prointercultura.org\/en-gb\/#organization"},"potentialAction":[{"@type":"SearchAction","target":{"@type":"EntryPoint","urlTemplate":"https:\/\/www.prointercultura.org\/en-gb\/?s={search_term_string}"},"query-input":{"@type":"PropertyValueSpecification","valueRequired":true,"valueName":"search_term_string"}}],"inLanguage":"en-GB"},{"@type":"Organization","@id":"https:\/\/www.prointercultura.org\/en-gb\/#organization","name":"Pro InterCultura aisbl","url":"https:\/\/www.prointercultura.org\/en-gb\/","logo":{"@type":"ImageObject","inLanguage":"en-GB","@id":"https:\/\/www.prointercultura.org\/en-gb\/#\/schema\/logo\/image\/","url":"https:\/\/www.prointercultura.org\/wp-content\/uploads\/2023\/02\/cropped-cropped-LogoProiNTERCULTURA.png","contentUrl":"https:\/\/www.prointercultura.org\/wp-content\/uploads\/2023\/02\/cropped-cropped-LogoProiNTERCULTURA.png","width":239,"height":46,"caption":"Pro InterCultura aisbl"},"image":{"@id":"https:\/\/www.prointercultura.org\/en-gb\/#\/schema\/logo\/image\/"},"sameAs":["https:\/\/www.facebook.com\/prointercultura","https:\/\/www.linkedin.com\/company\/pro-intercultura\/"]}]}},"jetpack_sharing_enabled":true,"_links":{"self":[{"href":"https:\/\/www.prointercultura.org\/en-gb\/wp-json\/wp\/v2\/pages\/30654","targetHints":{"allow":["GET"]}}],"collection":[{"href":"https:\/\/www.prointercultura.org\/en-gb\/wp-json\/wp\/v2\/pages"}],"about":[{"href":"https:\/\/www.prointercultura.org\/en-gb\/wp-json\/wp\/v2\/types\/page"}],"author":[{"embeddable":true,"href":"https:\/\/www.prointercultura.org\/en-gb\/wp-json\/wp\/v2\/users\/1"}],"replies":[{"embeddable":true,"href":"https:\/\/www.prointercultura.org\/en-gb\/wp-json\/wp\/v2\/comments?post=30654"}],"version-history":[{"count":9,"href":"https:\/\/www.prointercultura.org\/en-gb\/wp-json\/wp\/v2\/pages\/30654\/revisions"}],"predecessor-version":[{"id":32746,"href":"https:\/\/www.prointercultura.org\/en-gb\/wp-json\/wp\/v2\/pages\/30654\/revisions\/32746"}],"wp:attachment":[{"href":"https:\/\/www.prointercultura.org\/en-gb\/wp-json\/wp\/v2\/media?parent=30654"}],"curies":[{"name":"wp","href":"https:\/\/api.w.org\/{rel}","templated":true}]}}