{"id":29481,"date":"2023-02-07T18:02:31","date_gmt":"2023-02-07T17:02:31","guid":{"rendered":"https:\/\/test.prointercultura.org\/?page_id=29481"},"modified":"2025-11-15T15:55:31","modified_gmt":"2025-11-15T14:55:31","slug":"atelier-entre-cultures-fondements-pratiques-developpement","status":"publish","type":"page","link":"https:\/\/www.prointercultura.org\/en-gb\/atelier-entre-cultures-fondements-pratiques-developpement\/","title":{"rendered":"\u00ab Interculturel\u00a0: fondements, pratiques &#038; d\u00e9veloppement\u00a0\u00bb. Atelier-Formation"},"content":{"rendered":"<div class=\"wp-block-group alignwide\"><div class=\"wp-block-group__inner-container is-layout-constrained wp-block-group-is-layout-constrained\">\n<hr class=\"wp-block-separator has-alpha-channel-opacity\"\/>\n\n\n\n<p class=\"has-text-align-center has-text-color has-link-color has-medium-font-size wp-elements-8ab3b7a119bd65cf97124b24a4404a32\" style=\"color:#054566\"><strong>Comment mieux vivre les alt\u00e9rit\u00e9s et la diversit\u00e9 culturelle ?<\/strong><\/p>\n\n\n\n<p class=\"has-text-align-center\">Cet atelier interactif&nbsp;apporte un \u00e9clairage th\u00e9orique et pratique sur les questions et pratiques interculturelles, tout en faisant appel \u00e0 vos exp\u00e9riences. Il est fond\u00e9 sur une trentaine d\u2019ann\u00e9es d\u2019exp\u00e9rience et permet d\u2019acqu\u00e9rir les bases et de continuer \u00e0 approfondir le sujet par soi-m\u00eame. Pour avoir plus de temps pour les pratiques, des lectures sur la th\u00e9orie seront propos\u00e9es. Plus d&rsquo;informations sur le contenu ci dessous.<\/p>\n<\/div><\/div>\n\n\n\n<hr class=\"wp-block-separator has-alpha-channel-opacity is-style-wide\"\/>\n\n\n\n<div class=\"wp-block-group alignwide\"><div class=\"wp-block-group__inner-container is-layout-constrained wp-block-group-is-layout-constrained\">\n<h4 class=\"wp-block-heading has-text-align-left has-text-color\" style=\"color:#054566;font-style:normal;font-weight:900\">O\u00f9 &amp; Quand ?<\/h4>\n\n\n\n<ul class=\"wp-block-list\">\n<li class=\"has-text-color has-link-color wp-elements-054a81caf00abdf905e5441d7bacee1b\" style=\"color:#054566\"><strong>Mardi 2 et mercredi 3 d\u00e9cembre, 9h &#8211; 13h<\/strong>, en pr\u00e9sentiel et en ligne, <\/li>\n\n\n\n<li class=\"has-text-color has-link-color wp-elements-8c49abc0e538d207895edd216ef9276f\" style=\"color:#054566\"><strong>En fran\u00e7ais, en ligne&nbsp;:<\/strong> jeudi 15 et vendredi 16 janvier, 9h &#8211; 13h.<\/li>\n\n\n\n<li class=\"has-text-color has-link-color wp-elements-f3dd1d9b1504783db9f2bf76ac9198b6\" style=\"color:#054566\"><strong>En espa\u00f1ol, en l\u00ednea&nbsp;<\/strong>: jueves 5 y viernes 6 de febrero, 9h &#8211; 13h.<\/li>\n\n\n\n<li class=\"has-text-color has-link-color wp-elements-12655a6b700bb28c0a904f0cbc044fdd\" style=\"color:#054566\"><strong>\u00c9galement sur demande et en pr\u00e9sentiel.<\/strong><\/li>\n<\/ul>\n<\/div><\/div>\n\n\n\n<hr class=\"wp-block-separator has-alpha-channel-opacity is-style-wide\"\/>\n\n\n\n<h4 class=\"wp-block-heading alignwide has-text-align-left has-text-color\" style=\"color:#054566;font-style:normal;font-weight:900\">Contenu<\/h4>\n\n\n<div class=\"wp-block-image\">\n<figure class=\"aligncenter size-full is-resized\"><img fetchpriority=\"high\" decoding=\"async\" width=\"872\" height=\"492\" src=\"https:\/\/www.prointercultura.org\/wp-content\/uploads\/2023\/05\/Captura-de-Pantalla-2023-05-08-a-las-18.36.24.png\" alt=\"\" class=\"wp-image-30522\" style=\"width:608px;height:auto\" srcset=\"https:\/\/www.prointercultura.org\/wp-content\/uploads\/2023\/05\/Captura-de-Pantalla-2023-05-08-a-las-18.36.24.png 872w, https:\/\/www.prointercultura.org\/wp-content\/uploads\/2023\/05\/Captura-de-Pantalla-2023-05-08-a-las-18.36.24-600x339.png 600w, https:\/\/www.prointercultura.org\/wp-content\/uploads\/2023\/05\/Captura-de-Pantalla-2023-05-08-a-las-18.36.24-300x169.png 300w, https:\/\/www.prointercultura.org\/wp-content\/uploads\/2023\/05\/Captura-de-Pantalla-2023-05-08-a-las-18.36.24-768x433.png 768w, https:\/\/www.prointercultura.org\/wp-content\/uploads\/2023\/05\/Captura-de-Pantalla-2023-05-08-a-las-18.36.24-18x10.png 18w\" sizes=\"(max-width: 872px) 100vw, 872px\" \/><\/figure>\n<\/div>\n\n<div class=\"wp-block-ub-tabbed-content-block wp-block-ub-tabbed-content wp-block-ub-tabbed-content-holder alignwide wp-block-ub-tabbed-content-horizontal-holder-mobile\" id=\"ub-tabbed-content-3af65905-2546-4375-92a0-d7aec150ee24\" data-active-tabs=\"[1]\">\n\t\t\t<div class=\"wp-block-ub-tabbed-content-tab-holder horizontal-tab-width-mobile\">\n\t\t\t\t<div role=\"tablist\" class=\"wp-block-ub-tabbed-content-tabs-title wp-block-ub-tabbed-content-tabs-title-mobile-horizontal-tab ub-tablet-hide\"><div role=\"tab\" id=\"ub-tabbed-content-3af65905-2546-4375-92a0-d7aec150ee24-tab-0\" aria-controls=\"ub-tabbed-content-3af65905-2546-4375-92a0-d7aec150ee24-panel-0\" aria-selected=\"false\" class=\"wp-block-ub-tabbed-content-tab-title-wrap\" style=\"\" tabindex=\"-1\">\n\t\t\t\t<div class=\"wp-block-ub-tabbed-content-tab-title\"><strong>1. Fondements et pratique<\/strong><\/div>\n\t\t\t<\/div><div role=\"tab\" id=\"ub-tabbed-content-3af65905-2546-4375-92a0-d7aec150ee24-tab-1\" aria-controls=\"ub-tabbed-content-3af65905-2546-4375-92a0-d7aec150ee24-panel-1\" aria-selected=\"true\" class=\"wp-block-ub-tabbed-content-tab-title-wrap active\" style=\"\" tabindex=\"-1\">\n\t\t\t\t<div class=\"wp-block-ub-tabbed-content-tab-title\"><strong>2<\/strong>. <strong>D\u00e9veloppement des comp\u00e9tences interculturelles<\/strong><\/div>\n\t\t\t<\/div><\/div>\n\t\t\t<\/div>\n\t\t\t<div class=\"wp-block-ub-tabbed-content-tabs-content ub-tabbed-content-tablet-accordion\" style=\"\"><div class=\"wp-block-ub-tabbed-content-accordion-toggle ub-tablet-display\"><strong>1. Fondements et pratique<\/strong><\/div><div role=\"tabpanel\" class=\"wp-block-ub-tabbed-content-tab-content-wrap ub-hide\"\n        id=\"ub-tabbed-content-3af65905-2546-4375-92a0-d7aec150ee24-panel-0\" aria-labelledby=\"ub-tabbed-content-3af65905-2546-4375-92a0-d7aec150ee24-tab-0\" tabindex=\"0\">\n\n<h2 class=\"wp-block-heading has-text-color has-link-color has-medium-font-size wp-elements-c98faf4257e142e4edaba8072836d30d\" style=\"color:#054566\"><strong>La culture, st\u00e9r\u00e9otypes et pr\u00e9jug\u00e9s, les diff\u00e9rences culturelles <\/strong><\/h2>\n\n\n\n<ul class=\"wp-block-list\">\n<li><strong>La culture et les cultures&nbsp;:&nbsp;<\/strong>qu\u2019est-ce la culture&nbsp;? Qu\u2019est-ce qu\u2019elle implique&nbsp;? En quoi et comment intervient-elle dans nos agirs et liens&nbsp;?<\/li>\n\n\n\n<li><strong>Des st\u00e9r\u00e9otypes, images, pr\u00e9jug\u00e9s\/pr\u00e9judices&nbsp;:&nbsp;<\/strong>comment se construisent ces images&nbsp;? Que disent nous disent-elles&nbsp;? Comment se construisent elles, quel impact ont-ils ? et surtout comment les \u00e9viter et les d\u00e9construire.<\/li>\n\n\n\n<li><strong>Des diff\u00e9rentes approches culturelles vise \u00e0 vis du&nbsp;&nbsp;<\/strong>groupe et l\u2019individu, le pouvoir, le temps et l\u2019espace, et comment elles interviennent dans les mani\u00e8res de communiquer, de d\u00e9cider, de g\u00e9rer, d\u2019\u00eatre en lien. Comment faire avec ?<\/li>\n<\/ul>\n\n<\/div><div class=\"wp-block-ub-tabbed-content-accordion-toggle active ub-tablet-display\"><strong>2<\/strong>. <strong>D\u00e9veloppement des comp\u00e9tences interculturelles<\/strong><\/div><div role=\"tabpanel\" class=\"wp-block-ub-tabbed-content-tab-content-wrap active\"\n        id=\"ub-tabbed-content-3af65905-2546-4375-92a0-d7aec150ee24-panel-1\" aria-labelledby=\"ub-tabbed-content-3af65905-2546-4375-92a0-d7aec150ee24-tab-1\" tabindex=\"0\">\n\n<h2 class=\"wp-block-heading has-text-color has-link-color has-medium-font-size wp-elements-d5b76ff8eac8ca7f139e68ead4cf76c8\" style=\"color:#054566\"><strong>Le d\u00e9veloppement des comp\u00e9tences et attitudes interculturelles<\/strong> <\/h2>\n\n\n\n<div class=\"wp-block-group is-nowrap is-layout-flex wp-container-core-group-is-layout-6c531013 wp-block-group-is-layout-flex\">\n<p>La <strong>diff\u00e9rence culturelle \u00e9veille des r\u00e9actions<\/strong> positives et parfois, difficiles. Ces r\u00e9actions peuvent parcourir diff\u00e9rents<strong> paliers&nbsp;<\/strong>qui vont de la n\u00e9gation, la d\u00e9fense, la sup\u00e9riorit\u00e9 face aux autres cultures, pour aboutir potentiellement \u00e0 un v\u00e9cu ais\u00e9 et enrichissant de la diversit\u00e9. Nous pr\u00e9senterons ces diff\u00e9rents paliers et des <strong>strat\u00e9gies<\/strong> possibles pour progresser \u00e0 partir d\u2019<strong>un cadre r\u00e9f\u00e9rentiel<\/strong> reconnu lequel permet : (i) d&rsquo;identifier le \u00ab&nbsp;niveau&nbsp;\u00bb ou palier des personnes \/ groupes\/organisations et en fonction, (ii) mettre en place des actions adapt\u00e9es pour am\u00e9liorer les contextes interculturels, professionnels et\/ou personnels voire pour d\u00e9velopper celles qui d\u00e9j\u00e0 en place. &nbsp;<\/p>\n<\/div>\n\n\n\n<ul class=\"wp-block-list\">\n<li><strong><em>Comment r\u00e9agissent les \u00eatres humains et les soci\u00e9t\u00e9s face \u00e0 la diff\u00e9rence culturelle&nbsp;?<\/em><\/strong><\/li>\n\n\n\n<li><strong><em>Quelles sont les diff\u00e9rentes \u00e9tapes de d\u00e9veloppement ?&nbsp;<\/em><\/strong><\/li>\n\n\n\n<li><strong><em>Quelles actions et strat\u00e9gies mettre en place pour progresser ?<\/em><\/strong><\/li>\n<\/ul>\n\n<\/div><\/div>\n\t\t<\/div>\n\n\n<hr class=\"wp-block-separator has-alpha-channel-opacity is-style-wide\"\/>\n\n\n\n<div class=\"wp-block-group\"><div class=\"wp-block-group__inner-container is-layout-constrained wp-block-group-is-layout-constrained\">\n<h2 class=\"wp-block-heading alignwide has-text-align-left has-text-color\" style=\"color:#054566;font-style:normal;font-weight:900\">Infos pratiques<\/h2>\n\n\n\n<div class=\"wp-block-group alignwide\"><div class=\"wp-block-group__inner-container is-layout-constrained wp-block-group-is-layout-constrained\">\n<p><strong>Lieu&nbsp;: <\/strong>l&rsquo;atelier aura lieu \u00e0 Ixelles- Trone\/couronne, soit \u00e0 St Gilles Parvis. l\u2019adresse exacte sera communiqu\u00e9e lors de l\u2019inscription.<\/p>\n\n\n\n<p><strong>Renseignements : <\/strong><a href=\"mailto:imohedano@prointercultura.org\">imohedano@prointercultura.org<\/a> &#8211;  +32 477665379 &#8211; ou bien via le <a href=\"https:\/\/www.prointercultura.org\/en-gb\/contact-2\/\">formulaire de contact<\/a><\/p>\n\n\n\n<p><strong>Tarifs &amp; inscriptions :&nbsp;<\/strong><\/p>\n\n\n\n<ul class=\"wp-block-list\">\n<li>Entreprises \/ formation continue\u00a0: 985 \u20ac<\/li>\n\n\n\n<li>Remboursement par l&#8217;employeur (facture\/re\u00e7u)&nbsp;: 350 \u20ac<\/li>\n\n\n\n<li>Particuliers : 180 \u20ac\u00a0; Adh\u00e9rents : 139 \u20ac<\/li>\n\n\n\n<li>Tarif de soutien 210 \u20ac\u00a0\u00a0(je peux donner un peu plus et ainsi permettre \u00e0 quelqu\u2019un avec moins de moyens de participer)\u00a0<\/li>\n\n\n\n<li>Tarif r\u00e9duit : 85 \u20ac (petites retraites, ch\u00f4mage&#8230; sans autres revenus). Etudiants: 50 \u20ac.<\/li>\n\n\n\n<li>Tarif solidaire&nbsp;: pour ceux qui ne disposent pas de revenus permettant cette d\u00e9pense, nous contacter.<\/li>\n\n\n\n<li><strong>INSCRIPTIONS : &nbsp;<\/strong>souhait\u00e9es avant le 16 novembre 2025. par virement sur le compte &nbsp;Pro Intercultura &#8211;&nbsp;BE18 7340 4662 3865. Communication \u00ab&nbsp;fondements \u00bb.&nbsp;<\/li>\n\n\n\n<li><a href=\"https:\/\/www.prointercultura.org\/en-gb\/conditions-dannulation-et-politique-de-remboursement\/\"><strong>Conditions d&rsquo;annulation et politique de remboursement <\/strong><\/a><\/li>\n<\/ul>\n<\/div><\/div>\n<\/div><\/div>\n\n\n\n<div class=\"wp-block-group\"><div class=\"wp-block-group__inner-container is-layout-constrained wp-block-group-is-layout-constrained\">\n<div class=\"wp-block-group\"><div class=\"wp-block-group__inner-container is-layout-constrained wp-block-group-is-layout-constrained\">\n<div class=\"wp-block-group\"><div class=\"wp-block-group__inner-container is-layout-constrained wp-block-group-is-layout-constrained\">\n<div class=\"wp-block-group alignwide\"><div class=\"wp-block-group__inner-container is-layout-constrained wp-block-group-is-layout-constrained\">\n<p><strong>Animation : <\/strong><a href=\"https:\/\/www.prointercultura.org\/en-gb\/isabel-mohedano\/\"><strong>Isabel Mohedano Sohm<\/strong><\/a><\/p>\n<\/div><\/div>\n<\/div><\/div>\n<\/div><\/div>\n<\/div><\/div>\n\n\n\n<hr class=\"wp-block-separator has-alpha-channel-opacity is-style-wide\"\/>\n\n\n\n<div style=\"height:39px\" aria-hidden=\"true\" class=\"wp-block-spacer\"><\/div>","protected":false},"excerpt":{"rendered":"<p>Comment mieux vivre les alt\u00e9rit\u00e9s et la diversit\u00e9 culturelle ? Cet atelier interactif&nbsp;apporte un \u00e9clairage th\u00e9orique et pratique sur les questions et pratiques interculturelles, tout en faisant appel \u00e0 vos exp\u00e9riences. Il est fond\u00e9 sur une trentaine d\u2019ann\u00e9es d\u2019exp\u00e9rience et permet d\u2019acqu\u00e9rir les bases et de continuer \u00e0 approfondir le [&hellip;]<\/p>","protected":false},"author":1,"featured_media":0,"parent":0,"menu_order":0,"comment_status":"closed","ping_status":"closed","template":"","meta":{"ub_ctt_via":"","_themeisle_gutenberg_block_has_review":false,"footnotes":""},"class_list":["post-29481","page","type-page","status-publish","hentry"],"featured_image_src":null,"yoast_head":"<!-- This site is optimized with the Yoast SEO plugin v24.6 - https:\/\/yoast.com\/wordpress\/plugins\/seo\/ -->\n<title>\u00ab Interculturel\u00a0: fondements, pratiques &amp; d\u00e9veloppement\u00a0\u00bb. Atelier-Formation - Pro InterCultura<\/title>\n<meta name=\"description\" content=\"cadre th\u00e9orique et pratique sur les questions interculturelles en faisant appel aux exp\u00e9riences des participants.\" \/>\n<meta name=\"robots\" content=\"index, follow, max-snippet:-1, max-image-preview:large, max-video-preview:-1\" \/>\n<link rel=\"canonical\" href=\"https:\/\/www.prointercultura.org\/en-gb\/atelier-entre-cultures-fondements-pratiques-developpement\/\" \/>\n<meta property=\"og:locale\" content=\"en_GB\" \/>\n<meta property=\"og:type\" content=\"article\" \/>\n<meta property=\"og:title\" content=\"\u00ab Interculturel\u00a0: fondements, pratiques &amp; d\u00e9veloppement\u00a0\u00bb. Atelier-Formation - Pro InterCultura\" \/>\n<meta property=\"og:description\" content=\"cadre th\u00e9orique et pratique sur les questions interculturelles en faisant appel aux exp\u00e9riences des participants.\" \/>\n<meta property=\"og:url\" content=\"https:\/\/www.prointercultura.org\/en-gb\/atelier-entre-cultures-fondements-pratiques-developpement\/\" \/>\n<meta property=\"og:site_name\" content=\"Pro InterCultura\" \/>\n<meta property=\"article:publisher\" content=\"https:\/\/www.facebook.com\/prointercultura\" \/>\n<meta property=\"article:modified_time\" content=\"2025-11-15T14:55:31+00:00\" \/>\n<meta property=\"og:image\" content=\"https:\/\/www.prointercultura.org\/wp-content\/uploads\/2023\/05\/Captura-de-Pantalla-2023-05-08-a-las-18.36.24.png\" \/>\n<meta name=\"twitter:card\" content=\"summary_large_image\" \/>\n<meta name=\"twitter:label1\" content=\"Estimated reading time\" \/>\n\t<meta name=\"twitter:data1\" content=\"3 minutes\" \/>\n<script type=\"application\/ld+json\" class=\"yoast-schema-graph\">{\"@context\":\"https:\/\/schema.org\",\"@graph\":[{\"@type\":\"WebPage\",\"@id\":\"https:\/\/www.prointercultura.org\/en-gb\/atelier-entre-cultures-fondements-pratiques-developpement\/\",\"url\":\"https:\/\/www.prointercultura.org\/en-gb\/atelier-entre-cultures-fondements-pratiques-developpement\/\",\"name\":\"\u00ab Interculturel\u00a0: fondements, pratiques & d\u00e9veloppement\u00a0\u00bb. Atelier-Formation - Pro InterCultura\",\"isPartOf\":{\"@id\":\"https:\/\/www.prointercultura.org\/en-gb\/#website\"},\"primaryImageOfPage\":{\"@id\":\"https:\/\/www.prointercultura.org\/en-gb\/atelier-entre-cultures-fondements-pratiques-developpement\/#primaryimage\"},\"image\":{\"@id\":\"https:\/\/www.prointercultura.org\/en-gb\/atelier-entre-cultures-fondements-pratiques-developpement\/#primaryimage\"},\"thumbnailUrl\":\"https:\/\/www.prointercultura.org\/wp-content\/uploads\/2023\/05\/Captura-de-Pantalla-2023-05-08-a-las-18.36.24.png\",\"datePublished\":\"2023-02-07T17:02:31+00:00\",\"dateModified\":\"2025-11-15T14:55:31+00:00\",\"description\":\"cadre th\u00e9orique et pratique sur les questions interculturelles en faisant appel aux exp\u00e9riences des participants.\",\"breadcrumb\":{\"@id\":\"https:\/\/www.prointercultura.org\/en-gb\/atelier-entre-cultures-fondements-pratiques-developpement\/#breadcrumb\"},\"inLanguage\":\"en-GB\",\"potentialAction\":[{\"@type\":\"ReadAction\",\"target\":[\"https:\/\/www.prointercultura.org\/en-gb\/atelier-entre-cultures-fondements-pratiques-developpement\/\"]}]},{\"@type\":\"ImageObject\",\"inLanguage\":\"en-GB\",\"@id\":\"https:\/\/www.prointercultura.org\/en-gb\/atelier-entre-cultures-fondements-pratiques-developpement\/#primaryimage\",\"url\":\"https:\/\/www.prointercultura.org\/wp-content\/uploads\/2023\/05\/Captura-de-Pantalla-2023-05-08-a-las-18.36.24.png\",\"contentUrl\":\"https:\/\/www.prointercultura.org\/wp-content\/uploads\/2023\/05\/Captura-de-Pantalla-2023-05-08-a-las-18.36.24.png\"},{\"@type\":\"BreadcrumbList\",\"@id\":\"https:\/\/www.prointercultura.org\/en-gb\/atelier-entre-cultures-fondements-pratiques-developpement\/#breadcrumb\",\"itemListElement\":[{\"@type\":\"ListItem\",\"position\":1,\"name\":\"Accueil\",\"item\":\"https:\/\/www.prointercultura.org\/\"},{\"@type\":\"ListItem\",\"position\":2,\"name\":\"\u00ab Interculturel\u00a0: fondements, pratiques &#038; d\u00e9veloppement\u00a0\u00bb. Atelier-Formation\"}]},{\"@type\":\"WebSite\",\"@id\":\"https:\/\/www.prointercultura.org\/en-gb\/#website\",\"url\":\"https:\/\/www.prointercultura.org\/en-gb\/\",\"name\":\"Prointercultura.org\",\"description\":\"Make the best of cultural diversity. \",\"publisher\":{\"@id\":\"https:\/\/www.prointercultura.org\/en-gb\/#organization\"},\"potentialAction\":[{\"@type\":\"SearchAction\",\"target\":{\"@type\":\"EntryPoint\",\"urlTemplate\":\"https:\/\/www.prointercultura.org\/en-gb\/?s={search_term_string}\"},\"query-input\":{\"@type\":\"PropertyValueSpecification\",\"valueRequired\":true,\"valueName\":\"search_term_string\"}}],\"inLanguage\":\"en-GB\"},{\"@type\":\"Organization\",\"@id\":\"https:\/\/www.prointercultura.org\/en-gb\/#organization\",\"name\":\"Pro InterCultura aisbl\",\"url\":\"https:\/\/www.prointercultura.org\/en-gb\/\",\"logo\":{\"@type\":\"ImageObject\",\"inLanguage\":\"en-GB\",\"@id\":\"https:\/\/www.prointercultura.org\/en-gb\/#\/schema\/logo\/image\/\",\"url\":\"https:\/\/www.prointercultura.org\/wp-content\/uploads\/2023\/02\/cropped-cropped-LogoProiNTERCULTURA.png\",\"contentUrl\":\"https:\/\/www.prointercultura.org\/wp-content\/uploads\/2023\/02\/cropped-cropped-LogoProiNTERCULTURA.png\",\"width\":239,\"height\":46,\"caption\":\"Pro InterCultura aisbl\"},\"image\":{\"@id\":\"https:\/\/www.prointercultura.org\/en-gb\/#\/schema\/logo\/image\/\"},\"sameAs\":[\"https:\/\/www.facebook.com\/prointercultura\",\"https:\/\/www.linkedin.com\/company\/pro-intercultura\/\"]}]}<\/script>\n<!-- \/ Yoast SEO plugin. -->","yoast_head_json":{"title":"\u00ab Interculturel\u00a0: fondements, pratiques & d\u00e9veloppement\u00a0\u00bb. Atelier-Formation - Pro InterCultura","description":"cadre th\u00e9orique et pratique sur les questions interculturelles en faisant appel aux exp\u00e9riences des participants.","robots":{"index":"index","follow":"follow","max-snippet":"max-snippet:-1","max-image-preview":"max-image-preview:large","max-video-preview":"max-video-preview:-1"},"canonical":"https:\/\/www.prointercultura.org\/en-gb\/atelier-entre-cultures-fondements-pratiques-developpement\/","og_locale":"en_GB","og_type":"article","og_title":"\u00ab Interculturel\u00a0: fondements, pratiques & d\u00e9veloppement\u00a0\u00bb. Atelier-Formation - Pro InterCultura","og_description":"cadre th\u00e9orique et pratique sur les questions interculturelles en faisant appel aux exp\u00e9riences des participants.","og_url":"https:\/\/www.prointercultura.org\/en-gb\/atelier-entre-cultures-fondements-pratiques-developpement\/","og_site_name":"Pro InterCultura","article_publisher":"https:\/\/www.facebook.com\/prointercultura","article_modified_time":"2025-11-15T14:55:31+00:00","og_image":[{"url":"https:\/\/www.prointercultura.org\/wp-content\/uploads\/2023\/05\/Captura-de-Pantalla-2023-05-08-a-las-18.36.24.png","type":"","width":"","height":""}],"twitter_card":"summary_large_image","twitter_misc":{"Estimated reading time":"3 minutes"},"schema":{"@context":"https:\/\/schema.org","@graph":[{"@type":"WebPage","@id":"https:\/\/www.prointercultura.org\/en-gb\/atelier-entre-cultures-fondements-pratiques-developpement\/","url":"https:\/\/www.prointercultura.org\/en-gb\/atelier-entre-cultures-fondements-pratiques-developpement\/","name":"\u00ab Interculturel\u00a0: fondements, pratiques & d\u00e9veloppement\u00a0\u00bb. Atelier-Formation - Pro InterCultura","isPartOf":{"@id":"https:\/\/www.prointercultura.org\/en-gb\/#website"},"primaryImageOfPage":{"@id":"https:\/\/www.prointercultura.org\/en-gb\/atelier-entre-cultures-fondements-pratiques-developpement\/#primaryimage"},"image":{"@id":"https:\/\/www.prointercultura.org\/en-gb\/atelier-entre-cultures-fondements-pratiques-developpement\/#primaryimage"},"thumbnailUrl":"https:\/\/www.prointercultura.org\/wp-content\/uploads\/2023\/05\/Captura-de-Pantalla-2023-05-08-a-las-18.36.24.png","datePublished":"2023-02-07T17:02:31+00:00","dateModified":"2025-11-15T14:55:31+00:00","description":"cadre th\u00e9orique et pratique sur les questions interculturelles en faisant appel aux exp\u00e9riences des participants.","breadcrumb":{"@id":"https:\/\/www.prointercultura.org\/en-gb\/atelier-entre-cultures-fondements-pratiques-developpement\/#breadcrumb"},"inLanguage":"en-GB","potentialAction":[{"@type":"ReadAction","target":["https:\/\/www.prointercultura.org\/en-gb\/atelier-entre-cultures-fondements-pratiques-developpement\/"]}]},{"@type":"ImageObject","inLanguage":"en-GB","@id":"https:\/\/www.prointercultura.org\/en-gb\/atelier-entre-cultures-fondements-pratiques-developpement\/#primaryimage","url":"https:\/\/www.prointercultura.org\/wp-content\/uploads\/2023\/05\/Captura-de-Pantalla-2023-05-08-a-las-18.36.24.png","contentUrl":"https:\/\/www.prointercultura.org\/wp-content\/uploads\/2023\/05\/Captura-de-Pantalla-2023-05-08-a-las-18.36.24.png"},{"@type":"BreadcrumbList","@id":"https:\/\/www.prointercultura.org\/en-gb\/atelier-entre-cultures-fondements-pratiques-developpement\/#breadcrumb","itemListElement":[{"@type":"ListItem","position":1,"name":"Accueil","item":"https:\/\/www.prointercultura.org\/"},{"@type":"ListItem","position":2,"name":"\u00ab Interculturel\u00a0: fondements, pratiques &#038; d\u00e9veloppement\u00a0\u00bb. Atelier-Formation"}]},{"@type":"WebSite","@id":"https:\/\/www.prointercultura.org\/en-gb\/#website","url":"https:\/\/www.prointercultura.org\/en-gb\/","name":"Prointercultura.org","description":"Make the best of cultural diversity. ","publisher":{"@id":"https:\/\/www.prointercultura.org\/en-gb\/#organization"},"potentialAction":[{"@type":"SearchAction","target":{"@type":"EntryPoint","urlTemplate":"https:\/\/www.prointercultura.org\/en-gb\/?s={search_term_string}"},"query-input":{"@type":"PropertyValueSpecification","valueRequired":true,"valueName":"search_term_string"}}],"inLanguage":"en-GB"},{"@type":"Organization","@id":"https:\/\/www.prointercultura.org\/en-gb\/#organization","name":"Pro InterCultura aisbl","url":"https:\/\/www.prointercultura.org\/en-gb\/","logo":{"@type":"ImageObject","inLanguage":"en-GB","@id":"https:\/\/www.prointercultura.org\/en-gb\/#\/schema\/logo\/image\/","url":"https:\/\/www.prointercultura.org\/wp-content\/uploads\/2023\/02\/cropped-cropped-LogoProiNTERCULTURA.png","contentUrl":"https:\/\/www.prointercultura.org\/wp-content\/uploads\/2023\/02\/cropped-cropped-LogoProiNTERCULTURA.png","width":239,"height":46,"caption":"Pro InterCultura aisbl"},"image":{"@id":"https:\/\/www.prointercultura.org\/en-gb\/#\/schema\/logo\/image\/"},"sameAs":["https:\/\/www.facebook.com\/prointercultura","https:\/\/www.linkedin.com\/company\/pro-intercultura\/"]}]}},"jetpack_sharing_enabled":true,"_links":{"self":[{"href":"https:\/\/www.prointercultura.org\/en-gb\/wp-json\/wp\/v2\/pages\/29481","targetHints":{"allow":["GET"]}}],"collection":[{"href":"https:\/\/www.prointercultura.org\/en-gb\/wp-json\/wp\/v2\/pages"}],"about":[{"href":"https:\/\/www.prointercultura.org\/en-gb\/wp-json\/wp\/v2\/types\/page"}],"author":[{"embeddable":true,"href":"https:\/\/www.prointercultura.org\/en-gb\/wp-json\/wp\/v2\/users\/1"}],"replies":[{"embeddable":true,"href":"https:\/\/www.prointercultura.org\/en-gb\/wp-json\/wp\/v2\/comments?post=29481"}],"version-history":[{"count":100,"href":"https:\/\/www.prointercultura.org\/en-gb\/wp-json\/wp\/v2\/pages\/29481\/revisions"}],"predecessor-version":[{"id":32927,"href":"https:\/\/www.prointercultura.org\/en-gb\/wp-json\/wp\/v2\/pages\/29481\/revisions\/32927"}],"wp:attachment":[{"href":"https:\/\/www.prointercultura.org\/en-gb\/wp-json\/wp\/v2\/media?parent=29481"}],"curies":[{"name":"wp","href":"https:\/\/api.w.org\/{rel}","templated":true}]}}